{"id":15323,"date":"2025-12-07T13:14:06","date_gmt":"2025-12-07T13:14:06","guid":{"rendered":"https:\/\/www.cfaebooks.com\/?post_type=product&#038;p=15323"},"modified":"2026-04-03T08:07:56","modified_gmt":"2026-04-03T08:07:56","slug":"cfa-2026-level-3-finquiz-stanley-notes-battle-ready-summaries-and-formula-sheet-portfolio-management","status":"publish","type":"product","link":"https:\/\/www.cfaebooks.com\/fr\/products\/cfa-2026-level-3-finquiz-stanley-notes-battle-ready-summaries-and-formula-sheet-portfolio-management\/","title":{"rendered":"CFA 2026 Niveau 3 Finquiz Stanley Notes, r\u00e9sum\u00e9s pr\u00eats \u00e0 l'emploi et fiche de formules Gestion de portefeuille"},"content":{"rendered":"<p>For sale is an e-Book CFA 2026 Level 3 Finquiz Stanley Notes, Battle-ready Summaries and Formula sheet Portfolio Management.<\/p>\n\n\n\n<p>Comprend les sujets suivants :<\/p>\n\n\n\n<ol class=\"wp-block-list\">\n<li><em>Allocation d'actifs<\/em><\/li>\n\n\n\n<li><em>Construction du portefeuille<\/em><\/li>\n\n\n\n<li><em>Mesure de la performance<\/em><\/li>\n\n\n\n<li><em>Produits d\u00e9riv\u00e9s et gestion des risques<\/em><\/li>\n\n\n\n<li><em>Normes \u00e9thiques et professionnelles<\/em><\/li>\n\n\n\n<li><em>Parcours de gestion de portefeuille<\/em><\/li>\n<\/ol>\n\n\n\n<p>The text is searchable using the find feature on your computer keyboard \u2018ctrl+f\u2019 and through search on your smartphone\/tablet.<\/p>\n\n\n\n<p>Il ne s'agit pas d'un livre physique, mais d'une copie num\u00e9rique au format PDF. Ne l'achetez pas si vous souhaitez une copie physique. Apr\u00e8s avoir pass\u00e9 la commande, vous pouvez t\u00e9l\u00e9charger le livre \u00e9lectronique imm\u00e9diatement.<\/p>","protected":false},"excerpt":{"rendered":"<p>For sale is an e-Book CFA 2026 Level 3 Finquiz Stanley Notes, Battle-ready Summaries and Formula sheet Portfolio Management. Includes the following topics: The text is searchable using the find feature on your computer keyboard \u2018ctrl+f\u2019 and through search on your smartphone\/tablet. This is not a physical book it is a&nbsp;PDF&nbsp;digital copy. Please do not [&hellip;]<\/p>\n","protected":false},"featured_media":15324,"comment_status":"closed","ping_status":"closed","template":"","meta":[],"product_brand":[],"product_cat":[265],"product_tag":[393,369,93,88,90,174,180,371,91,92,383,164,177,391,168],"class_list":{"0":"post-15323","1":"product","2":"type-product","3":"status-publish","4":"has-post-thumbnail","6":"product_cat-cfa-level-3","7":"product_tag-battle-ready-summaries","8":"product_tag-cfa-2026","9":"product_tag-cfa-books","10":"product_tag-cfa-ebooks","11":"product_tag-cfa-exam","12":"product_tag-cfa-institute","13":"product_tag-cfa-level-3","14":"product_tag-cfa-level-3-2026","15":"product_tag-cfa-prep","16":"product_tag-cfa-test","17":"product_tag-finquiz","18":"product_tag-formula-sheet","19":"product_tag-quicksheet","20":"product_tag-stanley-notes","21":"product_tag-study-notes","23":"first","24":"instock","25":"downloadable","26":"virtual","27":"sold-individually","28":"purchasable","29":"product-type-simple"},"_links":{"self":[{"href":"https:\/\/www.cfaebooks.com\/fr\/wp-json\/wp\/v2\/product\/15323","targetHints":{"allow":["GET"]}}],"collection":[{"href":"https:\/\/www.cfaebooks.com\/fr\/wp-json\/wp\/v2\/product"}],"about":[{"href":"https:\/\/www.cfaebooks.com\/fr\/wp-json\/wp\/v2\/types\/product"}],"replies":[{"embeddable":true,"href":"https:\/\/www.cfaebooks.com\/fr\/wp-json\/wp\/v2\/comments?post=15323"}],"wp:featuredmedia":[{"embeddable":true,"href":"https:\/\/www.cfaebooks.com\/fr\/wp-json\/wp\/v2\/media\/15324"}],"wp:attachment":[{"href":"https:\/\/www.cfaebooks.com\/fr\/wp-json\/wp\/v2\/media?parent=15323"}],"wp:term":[{"taxonomy":"product_brand","embeddable":true,"href":"https:\/\/www.cfaebooks.com\/fr\/wp-json\/wp\/v2\/product_brand?post=15323"},{"taxonomy":"product_cat","embeddable":true,"href":"https:\/\/www.cfaebooks.com\/fr\/wp-json\/wp\/v2\/product_cat?post=15323"},{"taxonomy":"product_tag","embeddable":true,"href":"https:\/\/www.cfaebooks.com\/fr\/wp-json\/wp\/v2\/product_tag?post=15323"}],"curies":[{"name":"wp","href":"https:\/\/api.w.org\/{rel}","templated":true}]}}