{"id":15314,"date":"2025-12-07T11:38:16","date_gmt":"2025-12-07T11:38:16","guid":{"rendered":"https:\/\/www.cfaebooks.com\/?post_type=product&#038;p=15314"},"modified":"2026-04-03T08:07:54","modified_gmt":"2026-04-03T08:07:54","slug":"caia-2026-level-2-uppermark-handbook-with-formula-sheet","status":"publish","type":"product","link":"https:\/\/www.cfaebooks.com\/fr\/products\/caia-2026-level-2-uppermark-handbook-with-formula-sheet\/","title":{"rendered":"CAIA 2026 Level 2 UpperMark Handbook with Formula Sheet"},"content":{"rendered":"<p>For sale is an e-Book CAIA 2026 Level 2 UpperMark Handbook with Formula Sheet.<\/p>\n\n\n\n<p>Includes set of 3 books:<\/p>\n\n\n\n<ul class=\"wp-block-list\">\n<li>Volume 1<\/li>\n\n\n\n<li>Volume 2<\/li>\n\n\n\n<li>Volume 3<\/li>\n\n\n\n<li>Feuille de calcul<\/li>\n\n\n\n<li>CAIA Level II 2026 Curriculum Companion<\/li>\n<\/ul>\n\n\n\n<p>Il ne s'agit pas d'un livre physique, mais d'une copie num\u00e9rique au format PDF. Ne l'achetez pas si vous souhaitez une copie physique. Apr\u00e8s avoir pass\u00e9 la commande, vous pouvez t\u00e9l\u00e9charger le livre \u00e9lectronique imm\u00e9diatement.<\/p>","protected":false},"excerpt":{"rendered":"<p>For sale is an e-Book CAIA 2026 Level 2 UpperMark Handbook with Formula Sheet. Includes set of 3 books: This is not a physical book it is a&nbsp;PDF&nbsp;digital copy. Please do not purchase if you want a physical hard copy. After checkout you can download the e-Book immediately.<\/p>","protected":false},"featured_media":15315,"comment_status":"closed","ping_status":"closed","template":"","meta":[],"product_brand":[],"product_cat":[318],"product_tag":[247,386,251,250,248,390,253,252,249,388,389],"class_list":{"0":"post-15314","1":"product","2":"type-product","3":"status-publish","4":"has-post-thumbnail","6":"product_cat-caia-level-2","7":"product_tag-caia","8":"product_tag-caia-2026","9":"product_tag-caia-books","10":"product_tag-caia-ebooks","11":"product_tag-caia-exam","12":"product_tag-caia-level-2-2026","13":"product_tag-caia-level-ii","14":"product_tag-caia-prep","15":"product_tag-caia-test","16":"product_tag-handbook","17":"product_tag-uppermark","19":"first","20":"instock","21":"downloadable","22":"virtual","23":"sold-individually","24":"purchasable","25":"product-type-simple"},"_links":{"self":[{"href":"https:\/\/www.cfaebooks.com\/fr\/wp-json\/wp\/v2\/product\/15314","targetHints":{"allow":["GET"]}}],"collection":[{"href":"https:\/\/www.cfaebooks.com\/fr\/wp-json\/wp\/v2\/product"}],"about":[{"href":"https:\/\/www.cfaebooks.com\/fr\/wp-json\/wp\/v2\/types\/product"}],"replies":[{"embeddable":true,"href":"https:\/\/www.cfaebooks.com\/fr\/wp-json\/wp\/v2\/comments?post=15314"}],"wp:featuredmedia":[{"embeddable":true,"href":"https:\/\/www.cfaebooks.com\/fr\/wp-json\/wp\/v2\/media\/15315"}],"wp:attachment":[{"href":"https:\/\/www.cfaebooks.com\/fr\/wp-json\/wp\/v2\/media?parent=15314"}],"wp:term":[{"taxonomy":"product_brand","embeddable":true,"href":"https:\/\/www.cfaebooks.com\/fr\/wp-json\/wp\/v2\/product_brand?post=15314"},{"taxonomy":"product_cat","embeddable":true,"href":"https:\/\/www.cfaebooks.com\/fr\/wp-json\/wp\/v2\/product_cat?post=15314"},{"taxonomy":"product_tag","embeddable":true,"href":"https:\/\/www.cfaebooks.com\/fr\/wp-json\/wp\/v2\/product_tag?post=15314"}],"curies":[{"name":"wp","href":"https:\/\/api.w.org\/{rel}","templated":true}]}}