{"id":15271,"date":"2025-11-27T04:22:37","date_gmt":"2025-11-27T04:22:37","guid":{"rendered":"https:\/\/www.cfaebooks.com\/?post_type=product&#038;p=15271"},"modified":"2026-04-03T08:07:46","modified_gmt":"2026-04-03T08:07:46","slug":"cfa-2026-schweser-videos-level-3-private-wealth-pathway","status":"publish","type":"product","link":"https:\/\/www.cfaebooks.com\/fr\/products\/cfa-2026-schweser-videos-level-3-private-wealth-pathway\/","title":{"rendered":"CFA 2026 Schweser Videos Level 3 &#8211; Private Wealth Pathway"},"content":{"rendered":"<p>For sale is the CFA 2026 Schweser Videos Level 3 &#8211; Private Wealth Pathway.<\/p>\n\n\n\n<p><strong>Comprend les sujets suivants :<\/strong><\/p>\n\n\n\n<ol class=\"wp-block-list\">\n<li><em>Allocation d'actifs<\/em><\/li>\n\n\n\n<li><em>Construction du portefeuille<\/em><\/li>\n\n\n\n<li><em>Mesure de la performance<\/em><\/li>\n\n\n\n<li><em>Produits d\u00e9riv\u00e9s et gestion des risques<\/em><\/li>\n\n\n\n<li><em>Normes \u00e9thiques et professionnelles<\/em><\/li>\n\n\n\n<li>Private Wealth pathway<\/li>\n<\/ol>\n\n\n\n<p>Apr\u00e8s avoir pass\u00e9 la commande, vous pouvez t\u00e9l\u00e9charger imm\u00e9diatement la vid\u00e9o et le cahier d'exercices.<\/p>","protected":false},"excerpt":{"rendered":"<p>For sale is the CFA 2026 Schweser Videos Level 3 &#8211; Private Wealth Pathway. Includes the following topics: After checkout you can download the video and workbook immediately.<\/p>","protected":false},"featured_media":15272,"comment_status":"closed","ping_status":"closed","template":"","meta":[],"product_brand":[],"product_cat":[265,269],"product_tag":[369,378,90,371,306,91,92,302,303,163,175,271,270],"class_list":{"0":"post-15271","1":"product","2":"type-product","3":"status-publish","4":"has-post-thumbnail","6":"product_cat-cfa-level-3","7":"product_cat-cfa-video-lectures","8":"product_tag-cfa-2026","9":"product_tag-cfa-2026-video-lectures","10":"product_tag-cfa-exam","11":"product_tag-cfa-level-3-2026","12":"product_tag-cfa-level-3-private-wealth-pathway","13":"product_tag-cfa-prep","14":"product_tag-cfa-test","15":"product_tag-cfa-video-lectures","16":"product_tag-cfa-video-lessons","17":"product_tag-schweser-qbank","18":"product_tag-video","19":"product_tag-video-lectures","20":"product_tag-video-lessons","22":"first","23":"instock","24":"downloadable","25":"virtual","26":"sold-individually","27":"purchasable","28":"product-type-simple"},"_links":{"self":[{"href":"https:\/\/www.cfaebooks.com\/fr\/wp-json\/wp\/v2\/product\/15271","targetHints":{"allow":["GET"]}}],"collection":[{"href":"https:\/\/www.cfaebooks.com\/fr\/wp-json\/wp\/v2\/product"}],"about":[{"href":"https:\/\/www.cfaebooks.com\/fr\/wp-json\/wp\/v2\/types\/product"}],"replies":[{"embeddable":true,"href":"https:\/\/www.cfaebooks.com\/fr\/wp-json\/wp\/v2\/comments?post=15271"}],"wp:featuredmedia":[{"embeddable":true,"href":"https:\/\/www.cfaebooks.com\/fr\/wp-json\/wp\/v2\/media\/15272"}],"wp:attachment":[{"href":"https:\/\/www.cfaebooks.com\/fr\/wp-json\/wp\/v2\/media?parent=15271"}],"wp:term":[{"taxonomy":"product_brand","embeddable":true,"href":"https:\/\/www.cfaebooks.com\/fr\/wp-json\/wp\/v2\/product_brand?post=15271"},{"taxonomy":"product_cat","embeddable":true,"href":"https:\/\/www.cfaebooks.com\/fr\/wp-json\/wp\/v2\/product_cat?post=15271"},{"taxonomy":"product_tag","embeddable":true,"href":"https:\/\/www.cfaebooks.com\/fr\/wp-json\/wp\/v2\/product_tag?post=15271"}],"curies":[{"name":"wp","href":"https:\/\/api.w.org\/{rel}","templated":true}]}}