{"id":15163,"date":"2025-11-20T15:00:47","date_gmt":"2025-11-20T15:00:47","guid":{"rendered":"https:\/\/www.cfaebooks.com\/?post_type=product&#038;p=15163"},"modified":"2026-04-03T08:07:36","modified_gmt":"2026-04-03T08:07:36","slug":"caia-2026-level-1-uppermark-mock-exam","status":"publish","type":"product","link":"https:\/\/www.cfaebooks.com\/fr\/products\/caia-2026-level-1-uppermark-mock-exam\/","title":{"rendered":"Examen blanc UpperMark CAIA 2026 niveau 1"},"content":{"rendered":"<p>For sale is an e-Book CAIA 2026 Level 1 UpperMark Mock Exam pdf.<\/p>\n\n\n\n<p><strong>Sont inclus <strong>3 full mock exams<\/strong>, each with 2 sessions\u2014designed to mirror the actual CAIA Level I exam format.<\/strong><\/p>\n\n\n\n<p><strong>Comprend un fichier s\u00e9par\u00e9 pour les questions et les r\u00e9ponses afin que vous puissiez r\u00e9pondre aux questions et comparer vos r\u00e9ponses.<\/strong><\/p>\n\n\n\n<p>Il ne s'agit pas d'un livre physique, mais d'une copie num\u00e9rique au format PDF. Ne l'achetez pas si vous souhaitez une copie physique. Apr\u00e8s avoir pass\u00e9 la commande, vous pouvez t\u00e9l\u00e9charger le livre \u00e9lectronique instantan\u00e9ment.<\/p>","protected":false},"excerpt":{"rendered":"<p>For sale is an e-Book CAIA 2026 Level 1 UpperMark Mock Exam pdf. Included are 3 full mock exams, each with 2 sessions\u2014designed to mirror the actual CAIA Level I exam format. Includes separate file for questions and answers so that you can do questions then compare your answers This is not a physical book [&hellip;]<\/p>\n","protected":false},"featured_media":15164,"comment_status":"closed","ping_status":"closed","template":"","meta":[],"product_brand":[],"product_cat":[317],"product_tag":[247,386,251,250,248,387,246,366,252,249],"class_list":{"0":"post-15163","1":"product","2":"type-product","3":"status-publish","4":"has-post-thumbnail","6":"product_cat-caia-level-1","7":"product_tag-caia","8":"product_tag-caia-2026","9":"product_tag-caia-books","10":"product_tag-caia-ebooks","11":"product_tag-caia-exam","12":"product_tag-caia-level-1-2026","13":"product_tag-caia-level-i","14":"product_tag-caia-mock-exams","15":"product_tag-caia-prep","16":"product_tag-caia-test","18":"first","19":"instock","20":"downloadable","21":"virtual","22":"sold-individually","23":"purchasable","24":"product-type-simple"},"_links":{"self":[{"href":"https:\/\/www.cfaebooks.com\/fr\/wp-json\/wp\/v2\/product\/15163","targetHints":{"allow":["GET"]}}],"collection":[{"href":"https:\/\/www.cfaebooks.com\/fr\/wp-json\/wp\/v2\/product"}],"about":[{"href":"https:\/\/www.cfaebooks.com\/fr\/wp-json\/wp\/v2\/types\/product"}],"replies":[{"embeddable":true,"href":"https:\/\/www.cfaebooks.com\/fr\/wp-json\/wp\/v2\/comments?post=15163"}],"wp:featuredmedia":[{"embeddable":true,"href":"https:\/\/www.cfaebooks.com\/fr\/wp-json\/wp\/v2\/media\/15164"}],"wp:attachment":[{"href":"https:\/\/www.cfaebooks.com\/fr\/wp-json\/wp\/v2\/media?parent=15163"}],"wp:term":[{"taxonomy":"product_brand","embeddable":true,"href":"https:\/\/www.cfaebooks.com\/fr\/wp-json\/wp\/v2\/product_brand?post=15163"},{"taxonomy":"product_cat","embeddable":true,"href":"https:\/\/www.cfaebooks.com\/fr\/wp-json\/wp\/v2\/product_cat?post=15163"},{"taxonomy":"product_tag","embeddable":true,"href":"https:\/\/www.cfaebooks.com\/fr\/wp-json\/wp\/v2\/product_tag?post=15163"}],"curies":[{"name":"wp","href":"https:\/\/api.w.org\/{rel}","templated":true}]}}