{"id":15061,"date":"2025-11-16T03:15:50","date_gmt":"2025-11-16T03:15:50","guid":{"rendered":"https:\/\/www.cfaebooks.com\/?post_type=product&#038;p=15061"},"modified":"2026-04-03T08:07:31","modified_gmt":"2026-04-03T08:07:31","slug":"cfa-2026-level-2-finquiz-question-bank","status":"publish","type":"product","link":"https:\/\/www.cfaebooks.com\/fr\/products\/cfa-2026-level-2-finquiz-question-bank\/","title":{"rendered":"CFA 2026 Niveau 2 Banque de questions Finquiz"},"content":{"rendered":"<p>For sale is an e-Book CFA 2026 Level 2 Finquiz Question Bank PDF.<\/p>\n\n\n\n<p><strong>Comprend les sujets suivants :<\/strong><\/p>\n\n\n\n<ol class=\"wp-block-list\">\n<li><em>M\u00e9thodes quantitatives<\/em><\/li>\n\n\n\n<li><em>\u00c9conomie<\/em><\/li>\n\n\n\n<li><em>Analyse des \u00e9tats financiers<\/em><\/li>\n\n\n\n<li><em>Soci\u00e9t\u00e9s \u00e9mettrices<\/em><\/li>\n\n\n\n<li><em>\u00c9valuation des fonds propres<\/em><\/li>\n\n\n\n<li><em>Revenu fixe<\/em><\/li>\n\n\n\n<li><em>Produits d\u00e9riv\u00e9s<\/em><\/li>\n\n\n\n<li><em>Investissements alternatifs<\/em><\/li>\n\n\n\n<li><em>Gestion de portefeuille<\/em><\/li>\n\n\n\n<li><em>Ethics and Professional Standards<\/em>.<\/li>\n<\/ol>\n\n\n\n<p>Comprend un fichier s\u00e9par\u00e9 pour les questions et les r\u00e9ponses afin que vous puissiez r\u00e9pondre aux questions et comparer vos r\u00e9ponses.<\/p>\n\n\n\n<p>Le texte peut \u00eatre recherch\u00e9 \u00e0 l'aide de la fonction de recherche du clavier de votre ordinateur \"ctrl+f\" et \u00e0 l'aide de la fonction de recherche de votre smartphone\/tablette.<\/p>\n\n\n\n<p>Il ne s'agit pas d'un livre physique, mais d'une copie num\u00e9rique au format PDF. Ne l'achetez pas si vous souhaitez une copie physique.<\/p>\n\n\n\n<p>Apr\u00e8s avoir pass\u00e9 la commande, vous pouvez t\u00e9l\u00e9charger le livre \u00e9lectronique imm\u00e9diatement.<\/p>","protected":false},"excerpt":{"rendered":"<p>For sale is an e-Book CFA 2026 Level 2 Finquiz Question Bank PDF. Includes the following topics: Includes separate file for questions and answers so that you can do questions then compare your answers The text is searchable using the find feature on your computer keyboard \u2018ctrl+f\u2019 and through search on your smartphone\/tablet This is [&hellip;]<\/p>\n","protected":false},"featured_media":15062,"comment_status":"closed","ping_status":"closed","template":"","meta":[],"product_brand":[],"product_cat":[266],"product_tag":[369,93,88,90,178,375,91,166,92,383,162,161],"class_list":{"0":"post-15061","1":"product","2":"type-product","3":"status-publish","4":"has-post-thumbnail","6":"product_cat-cfa-level-2","7":"product_tag-cfa-2026","8":"product_tag-cfa-books","9":"product_tag-cfa-ebooks","10":"product_tag-cfa-exam","11":"product_tag-cfa-level-2","12":"product_tag-cfa-level-2-2026","13":"product_tag-cfa-prep","14":"product_tag-cfa-question-bank","15":"product_tag-cfa-test","16":"product_tag-finquiz","17":"product_tag-qbank","18":"product_tag-question-bank","20":"first","21":"instock","22":"downloadable","23":"virtual","24":"sold-individually","25":"purchasable","26":"product-type-simple"},"_links":{"self":[{"href":"https:\/\/www.cfaebooks.com\/fr\/wp-json\/wp\/v2\/product\/15061","targetHints":{"allow":["GET"]}}],"collection":[{"href":"https:\/\/www.cfaebooks.com\/fr\/wp-json\/wp\/v2\/product"}],"about":[{"href":"https:\/\/www.cfaebooks.com\/fr\/wp-json\/wp\/v2\/types\/product"}],"replies":[{"embeddable":true,"href":"https:\/\/www.cfaebooks.com\/fr\/wp-json\/wp\/v2\/comments?post=15061"}],"wp:featuredmedia":[{"embeddable":true,"href":"https:\/\/www.cfaebooks.com\/fr\/wp-json\/wp\/v2\/media\/15062"}],"wp:attachment":[{"href":"https:\/\/www.cfaebooks.com\/fr\/wp-json\/wp\/v2\/media?parent=15061"}],"wp:term":[{"taxonomy":"product_brand","embeddable":true,"href":"https:\/\/www.cfaebooks.com\/fr\/wp-json\/wp\/v2\/product_brand?post=15061"},{"taxonomy":"product_cat","embeddable":true,"href":"https:\/\/www.cfaebooks.com\/fr\/wp-json\/wp\/v2\/product_cat?post=15061"},{"taxonomy":"product_tag","embeddable":true,"href":"https:\/\/www.cfaebooks.com\/fr\/wp-json\/wp\/v2\/product_tag?post=15061"}],"curies":[{"name":"wp","href":"https:\/\/api.w.org\/{rel}","templated":true}]}}