{"id":14728,"date":"2025-10-22T01:57:43","date_gmt":"2025-10-22T01:57:43","guid":{"rendered":"https:\/\/www.cfaebooks.com\/?post_type=product&#038;p=14728"},"modified":"2026-04-03T08:07:02","modified_gmt":"2026-04-03T08:07:02","slug":"2026-cfa-program-curriculum-level-iii-private-wealth-pathway-box-set","status":"publish","type":"product","link":"https:\/\/www.cfaebooks.com\/fr\/products\/2026-cfa-program-curriculum-level-iii-private-wealth-pathway-box-set\/","title":{"rendered":"2026 CFA Program Curriculum Level III Private Wealth Pathway Box Set"},"content":{"rendered":"<p>Nous vendons un livre \u00e9lectronique 2026 CFA Program Curriculum Level III Private Wealth Pathway Box Set PDF.<\/p>\n\n\n\n<p>Comprend les volumes suivants :<\/p>\n\n\n\n<ul class=\"wp-block-list\">\n<li><strong>Cursus de base<\/strong>\n<ul class=\"wp-block-list\">\n<li><em>Volume 1 : Allocation d'actifs<\/em><\/li>\n\n\n\n<li><em>Volume 2 : Construction du portefeuille<\/em><\/li>\n\n\n\n<li><em>Volume 3 : Mesure de la performance<\/em><\/li>\n\n\n\n<li><em>Volume 4 : Produits d\u00e9riv\u00e9s et gestion des risques<\/em><\/li>\n\n\n\n<li><em>Volume 5 : Normes \u00e9thiques et professionnelles<\/em><\/li>\n<\/ul>\n<\/li>\n<\/ul>\n\n\n\n<ul class=\"wp-block-list\">\n<li><strong>Patrimoine priv\u00e9<\/strong>\n<ul class=\"wp-block-list\">\n<li><em>Volume 1 : Parcours du patrimoine priv\u00e9<\/em><\/li>\n\n\n\n<li><em>Volume 2 : Parcours du patrimoine priv\u00e9<\/em><\/li>\n<\/ul>\n<\/li>\n<\/ul>\n\n\n\n<p>Apr\u00e8s avoir r\u00e9gl\u00e9 votre commande, vous pouvez t\u00e9l\u00e9charger le livre \u00e9lectronique imm\u00e9diatement. Il ne s'agit pas d'un livre physique, mais d'une copie num\u00e9rique au format PDF. N'achetez pas ce livre si vous souhaitez une copie physique.<\/p>","protected":false},"excerpt":{"rendered":"<p>For sale is an e-Book 2026 CFA Program Curriculum Level III Private Wealth Pathway Box Set PDF. Includes the following volumes: After checkout you can download the e-Book immediately. This is not a physical book it is a&nbsp;PDF&nbsp;digital copy. Please do not purchase if you want a physical hard copy<\/p>","protected":false},"featured_media":14729,"comment_status":"closed","ping_status":"closed","template":"","meta":[],"product_brand":[],"product_cat":[265],"product_tag":[369,93,88,90,174,371,361,311,91,89,92],"class_list":{"0":"post-14728","1":"product","2":"type-product","3":"status-publish","4":"has-post-thumbnail","6":"product_cat-cfa-level-3","7":"product_tag-cfa-2026","8":"product_tag-cfa-books","9":"product_tag-cfa-ebooks","10":"product_tag-cfa-exam","11":"product_tag-cfa-institute","12":"product_tag-cfa-level-3-2026","13":"product_tag-cfa-mock-exams","14":"product_tag-cfa-mocks","15":"product_tag-cfa-prep","16":"product_tag-cfa-program-curriculum","17":"product_tag-cfa-test","19":"first","20":"instock","21":"downloadable","22":"virtual","23":"sold-individually","24":"purchasable","25":"product-type-simple"},"_links":{"self":[{"href":"https:\/\/www.cfaebooks.com\/fr\/wp-json\/wp\/v2\/product\/14728","targetHints":{"allow":["GET"]}}],"collection":[{"href":"https:\/\/www.cfaebooks.com\/fr\/wp-json\/wp\/v2\/product"}],"about":[{"href":"https:\/\/www.cfaebooks.com\/fr\/wp-json\/wp\/v2\/types\/product"}],"replies":[{"embeddable":true,"href":"https:\/\/www.cfaebooks.com\/fr\/wp-json\/wp\/v2\/comments?post=14728"}],"wp:featuredmedia":[{"embeddable":true,"href":"https:\/\/www.cfaebooks.com\/fr\/wp-json\/wp\/v2\/media\/14729"}],"wp:attachment":[{"href":"https:\/\/www.cfaebooks.com\/fr\/wp-json\/wp\/v2\/media?parent=14728"}],"wp:term":[{"taxonomy":"product_brand","embeddable":true,"href":"https:\/\/www.cfaebooks.com\/fr\/wp-json\/wp\/v2\/product_brand?post=14728"},{"taxonomy":"product_cat","embeddable":true,"href":"https:\/\/www.cfaebooks.com\/fr\/wp-json\/wp\/v2\/product_cat?post=14728"},{"taxonomy":"product_tag","embeddable":true,"href":"https:\/\/www.cfaebooks.com\/fr\/wp-json\/wp\/v2\/product_tag?post=14728"}],"curies":[{"name":"wp","href":"https:\/\/api.w.org\/{rel}","templated":true}]}}