{"id":14339,"date":"2025-10-13T01:11:39","date_gmt":"2025-10-13T01:11:39","guid":{"rendered":"https:\/\/www.cfaebooks.com\/?post_type=product&#038;p=14339"},"modified":"2026-04-03T08:06:52","modified_gmt":"2026-04-03T08:06:52","slug":"2026-cfa-level-1-finquiz-question-bank","status":"publish","type":"product","link":"https:\/\/www.cfaebooks.com\/fr\/products\/2026-cfa-level-1-finquiz-question-bank\/","title":{"rendered":"2026 CFA Level 1 Finquiz Question Bank"},"content":{"rendered":"<p>A vendre est un e-Book <strong>2026 CFA Finquiz Question Bank Level 1 <\/strong>PDF.<\/p>\n\n\n\n<ul class=\"wp-block-list\">\n<li>Th\u00e8me abord\u00e9 :\n<ol class=\"wp-block-list\">\n<li>M\u00e9thodes quantitatives<\/li>\n\n\n\n<li>\u00c9conomie<\/li>\n\n\n\n<li>Soci\u00e9t\u00e9s \u00e9mettrices<\/li>\n\n\n\n<li>Analyse des \u00e9tats financiers<\/li>\n\n\n\n<li>Investissements en actions<\/li>\n\n\n\n<li>Revenu fixe<\/li>\n\n\n\n<li>Investissements en produits d\u00e9riv\u00e9s<\/li>\n\n\n\n<li>Investissements alternatifs <\/li>\n\n\n\n<li>Gestion de portefeuille<\/li>\n\n\n\n<li>Normes \u00e9thiques et professionnelles<\/li>\n<\/ol>\n<\/li>\n\n\n\n<li>Inclut un fichier s\u00e9par\u00e9 pour les questions et les r\u00e9ponses afin que vous puissiez r\u00e9pondre aux questions et comparer vos r\u00e9ponses. <\/li>\n\n\n\n<li>Le texte peut \u00eatre recherch\u00e9 \u00e0 l'aide de la fonction de recherche du clavier de votre ordinateur \"ctrl+f\" et \u00e0 l'aide de la fonction de recherche de votre smartphone\/tablette.<\/li>\n\n\n\n<li>Il ne s'agit pas d'un livre physique, mais d'une copie num\u00e9rique au format PDF. Ne l'achetez pas si vous souhaitez une copie physique.<\/li>\n\n\n\n<li>Apr\u00e8s avoir pass\u00e9 la commande, vous pouvez t\u00e9l\u00e9charger le livre \u00e9lectronique imm\u00e9diatement.<\/li>\n<\/ul>","protected":false},"excerpt":{"rendered":"<p>La vente porte sur un livre \u00e9lectronique 2026 CFA Finquiz Question Bank Level 1 PDF.<\/p>","protected":false},"featured_media":14340,"comment_status":"closed","ping_status":"closed","template":"","meta":[],"product_brand":[],"product_cat":[260],"product_tag":[369,93,88,90,370,87,91,92,162,161,163],"class_list":{"0":"post-14339","1":"product","2":"type-product","3":"status-publish","4":"has-post-thumbnail","6":"product_cat-cfa-level-1","7":"product_tag-cfa-2026","8":"product_tag-cfa-books","9":"product_tag-cfa-ebooks","10":"product_tag-cfa-exam","11":"product_tag-cfa-level-1-2026","12":"product_tag-cfa-level-i","13":"product_tag-cfa-prep","14":"product_tag-cfa-test","15":"product_tag-qbank","16":"product_tag-question-bank","17":"product_tag-schweser-qbank","19":"first","20":"instock","21":"downloadable","22":"virtual","23":"sold-individually","24":"purchasable","25":"product-type-simple"},"_links":{"self":[{"href":"https:\/\/www.cfaebooks.com\/fr\/wp-json\/wp\/v2\/product\/14339","targetHints":{"allow":["GET"]}}],"collection":[{"href":"https:\/\/www.cfaebooks.com\/fr\/wp-json\/wp\/v2\/product"}],"about":[{"href":"https:\/\/www.cfaebooks.com\/fr\/wp-json\/wp\/v2\/types\/product"}],"replies":[{"embeddable":true,"href":"https:\/\/www.cfaebooks.com\/fr\/wp-json\/wp\/v2\/comments?post=14339"}],"wp:featuredmedia":[{"embeddable":true,"href":"https:\/\/www.cfaebooks.com\/fr\/wp-json\/wp\/v2\/media\/14340"}],"wp:attachment":[{"href":"https:\/\/www.cfaebooks.com\/fr\/wp-json\/wp\/v2\/media?parent=14339"}],"wp:term":[{"taxonomy":"product_brand","embeddable":true,"href":"https:\/\/www.cfaebooks.com\/fr\/wp-json\/wp\/v2\/product_brand?post=14339"},{"taxonomy":"product_cat","embeddable":true,"href":"https:\/\/www.cfaebooks.com\/fr\/wp-json\/wp\/v2\/product_cat?post=14339"},{"taxonomy":"product_tag","embeddable":true,"href":"https:\/\/www.cfaebooks.com\/fr\/wp-json\/wp\/v2\/product_tag?post=14339"}],"curies":[{"name":"wp","href":"https:\/\/api.w.org\/{rel}","templated":true}]}}