{"id":14300,"date":"2025-01-07T13:57:00","date_gmt":"2025-01-07T13:57:00","guid":{"rendered":"https:\/\/www.cfaebooks.com\/?post_type=product&#038;p=14300"},"modified":"2026-04-03T08:06:45","modified_gmt":"2026-04-03T08:06:45","slug":"2025-cfa-niveau-2-bundle-2","status":"publish","type":"product","link":"https:\/\/www.cfaebooks.com\/fr\/products\/2025-cfa-niveau-2-bundle-2\/","title":{"rendered":"2025 Offre group\u00e9e CFA niveau 2"},"content":{"rendered":"<p>L'offre group\u00e9e 2025 CFA niveau 2 est en vente. <\/p>\n\n\n\n<p>Le paquet comprend&nbsp;<\/p>\n\n\n\n<ul class=\"wp-block-list\">\n<li><strong>CFA Niveau 2 2025 Schweser Notes + Quicksheet<\/strong><\/li>\n\n\n\n<li><strong>2025 CFA Program Curriculum Level 2 Box Set<\/strong><\/li>\n\n\n\n<li><strong>Notes d'\u00e9tude CFA Niveau 2 2025 IFT<\/strong><\/li>\n\n\n\n<li><strong>2025 CFA Schweser Secret Sauce Level 2<\/strong><\/li>\n<\/ul>\n\n\n\n<p>Apr\u00e8s le paiement, vous pouvez t\u00e9l\u00e9charger instantan\u00e9ment.<\/p>\n\n\n\n<p>Il ne s'agit pas d'un livre physique mais d'un mat\u00e9riel num\u00e9rique. Ne l'achetez pas si vous souhaitez une copie physique.<\/p>","protected":false},"excerpt":{"rendered":"<p>For sale is the 2025 CFA Level 2 Bundle. In the package, include:&nbsp; After checkout you can download instantly. This is not a physical book it is a&nbsp;digital materials. Please do not purchase if you want a physical hard copy<\/p>","protected":false},"featured_media":13697,"comment_status":"closed","ping_status":"closed","template":"","meta":[],"product_brand":[],"product_cat":[266,273],"product_tag":[261,93,88,90,178,293,91,92,310,274,162,161,177,168],"class_list":{"0":"post-14300","1":"product","2":"type-product","3":"status-publish","4":"has-post-thumbnail","6":"product_cat-cfa-level-2","7":"product_cat-cfa-bundles","8":"product_tag-cfa-2025","9":"product_tag-cfa-books","10":"product_tag-cfa-ebooks","11":"product_tag-cfa-exam","12":"product_tag-cfa-level-2","13":"product_tag-cfa-level-2-2025","14":"product_tag-cfa-prep","15":"product_tag-cfa-test","16":"product_tag-premium-mocks","17":"product_tag-program-curriculum","18":"product_tag-qbank","19":"product_tag-question-bank","20":"product_tag-quicksheet","21":"product_tag-study-notes","23":"first","24":"instock","25":"downloadable","26":"virtual","27":"sold-individually","28":"purchasable","29":"product-type-simple"},"_links":{"self":[{"href":"https:\/\/www.cfaebooks.com\/fr\/wp-json\/wp\/v2\/product\/14300","targetHints":{"allow":["GET"]}}],"collection":[{"href":"https:\/\/www.cfaebooks.com\/fr\/wp-json\/wp\/v2\/product"}],"about":[{"href":"https:\/\/www.cfaebooks.com\/fr\/wp-json\/wp\/v2\/types\/product"}],"replies":[{"embeddable":true,"href":"https:\/\/www.cfaebooks.com\/fr\/wp-json\/wp\/v2\/comments?post=14300"}],"wp:featuredmedia":[{"embeddable":true,"href":"https:\/\/www.cfaebooks.com\/fr\/wp-json\/wp\/v2\/media\/13697"}],"wp:attachment":[{"href":"https:\/\/www.cfaebooks.com\/fr\/wp-json\/wp\/v2\/media?parent=14300"}],"wp:term":[{"taxonomy":"product_brand","embeddable":true,"href":"https:\/\/www.cfaebooks.com\/fr\/wp-json\/wp\/v2\/product_brand?post=14300"},{"taxonomy":"product_cat","embeddable":true,"href":"https:\/\/www.cfaebooks.com\/fr\/wp-json\/wp\/v2\/product_cat?post=14300"},{"taxonomy":"product_tag","embeddable":true,"href":"https:\/\/www.cfaebooks.com\/fr\/wp-json\/wp\/v2\/product_tag?post=14300"}],"curies":[{"name":"wp","href":"https:\/\/api.w.org\/{rel}","templated":true}]}}