{"id":14221,"date":"2025-10-09T09:15:00","date_gmt":"2025-10-09T09:15:00","guid":{"rendered":"https:\/\/www.cfaebooks.com\/?post_type=product&#038;p=14221"},"modified":"2026-04-03T08:06:37","modified_gmt":"2026-04-03T08:06:37","slug":"2026-cfa-level-3-ift-mock-exam-private-wealth-pathway","status":"publish","type":"product","link":"https:\/\/www.cfaebooks.com\/fr\/products\/2026-cfa-level-3-ift-mock-exam-private-wealth-pathway\/","title":{"rendered":"2026 CFA Level 3 IFT Mock Exam : Parcours Patrimoine Priv\u00e9"},"content":{"rendered":"<p>Nous vendons un livre \u00e9lectronique 2026 CFA Level 3 IFT Mock Exams PDF Private Wealth Pathway.<\/p>\n\n\n\n<ul class=\"wp-block-list\">\n<li>Incluant 2 sessions, <strong>4 examens blancs complets<\/strong>.<\/li>\n\n\n\n<li>Ces simulations sont con\u00e7ues pour le CFA Level 3 Private Wealth Pathway en difficult\u00e9.<\/li>\n\n\n\n<li>Comprend un fichier s\u00e9par\u00e9 pour les questions et les r\u00e9ponses afin que vous puissiez r\u00e9pondre aux questions et comparer vos r\u00e9ponses.<\/li>\n\n\n\n<li>Le texte peut \u00eatre recherch\u00e9 \u00e0 l'aide de la fonction de recherche du clavier de votre ordinateur \"ctrl+f\" et \u00e0 l'aide de la fonction de recherche de votre smartphone\/tablette.<\/li>\n\n\n\n<li>Il ne s'agit pas d'un livre physique, mais d'une copie num\u00e9rique au format PDF. Ne l'achetez pas si vous souhaitez une copie physique.<\/li>\n\n\n\n<li>Apr\u00e8s avoir pass\u00e9 la commande, vous pouvez t\u00e9l\u00e9charger le livre \u00e9lectronique instantan\u00e9ment.<\/li>\n<\/ul>","protected":false},"excerpt":{"rendered":"<p>Nous vendons un livre \u00e9lectronique 2026 CFA Level 3 IFT Mock Exams PDF Private Wealth Pathway.<\/p>","protected":false},"featured_media":14222,"comment_status":"closed","ping_status":"closed","template":"","meta":[],"product_brand":[],"product_cat":[265],"product_tag":[369,93,88,90,180,371,361,311,91,92,167,381],"class_list":{"0":"post-14221","1":"product","2":"type-product","3":"status-publish","4":"has-post-thumbnail","6":"product_cat-cfa-level-3","7":"product_tag-cfa-2026","8":"product_tag-cfa-books","9":"product_tag-cfa-ebooks","10":"product_tag-cfa-exam","11":"product_tag-cfa-level-3","12":"product_tag-cfa-level-3-2026","13":"product_tag-cfa-mock-exams","14":"product_tag-cfa-mocks","15":"product_tag-cfa-prep","16":"product_tag-cfa-test","17":"product_tag-ift","18":"product_tag-ift-2026","20":"first","21":"instock","22":"downloadable","23":"virtual","24":"sold-individually","25":"purchasable","26":"product-type-simple"},"_links":{"self":[{"href":"https:\/\/www.cfaebooks.com\/fr\/wp-json\/wp\/v2\/product\/14221","targetHints":{"allow":["GET"]}}],"collection":[{"href":"https:\/\/www.cfaebooks.com\/fr\/wp-json\/wp\/v2\/product"}],"about":[{"href":"https:\/\/www.cfaebooks.com\/fr\/wp-json\/wp\/v2\/types\/product"}],"replies":[{"embeddable":true,"href":"https:\/\/www.cfaebooks.com\/fr\/wp-json\/wp\/v2\/comments?post=14221"}],"wp:featuredmedia":[{"embeddable":true,"href":"https:\/\/www.cfaebooks.com\/fr\/wp-json\/wp\/v2\/media\/14222"}],"wp:attachment":[{"href":"https:\/\/www.cfaebooks.com\/fr\/wp-json\/wp\/v2\/media?parent=14221"}],"wp:term":[{"taxonomy":"product_brand","embeddable":true,"href":"https:\/\/www.cfaebooks.com\/fr\/wp-json\/wp\/v2\/product_brand?post=14221"},{"taxonomy":"product_cat","embeddable":true,"href":"https:\/\/www.cfaebooks.com\/fr\/wp-json\/wp\/v2\/product_cat?post=14221"},{"taxonomy":"product_tag","embeddable":true,"href":"https:\/\/www.cfaebooks.com\/fr\/wp-json\/wp\/v2\/product_tag?post=14221"}],"curies":[{"name":"wp","href":"https:\/\/api.w.org\/{rel}","templated":true}]}}