{"id":14206,"date":"2025-10-09T08:04:36","date_gmt":"2025-10-09T08:04:36","guid":{"rendered":"https:\/\/www.cfaebooks.com\/?post_type=product&#038;p=14206"},"modified":"2026-04-03T08:06:30","modified_gmt":"2026-04-03T08:06:30","slug":"2026-cfa-level-3-ift-mock-exam-portfolio-management-pathway","status":"publish","type":"product","link":"https:\/\/www.cfaebooks.com\/fr\/products\/2026-cfa-level-3-ift-mock-exam-portfolio-management-pathway\/","title":{"rendered":"2026 Examen blanc CFA niveau 3 IFT : Parcours de gestion de portefeuille"},"content":{"rendered":"<p>Nous vendons un livre \u00e9lectronique 2026 CFA Level 3 IFT Mock Exams Portfolio Management Pathway PDF.<\/p>\n\n\n\n<ul class=\"wp-block-list\">\n<li>Incluant 2 sessions, <strong>4 examens blancs complets<\/strong>.<\/li>\n\n\n\n<li>Ces simulations sont con\u00e7ues pour le CFA Level 3 Portfolio Management Pathway en difficult\u00e9.<\/li>\n\n\n\n<li>Comprend un fichier s\u00e9par\u00e9 pour les questions et les r\u00e9ponses afin que vous puissiez r\u00e9pondre aux questions et comparer vos r\u00e9ponses.<\/li>\n\n\n\n<li>Le texte peut \u00eatre recherch\u00e9 \u00e0 l'aide de la fonction de recherche du clavier de votre ordinateur \"ctrl+f\" et \u00e0 l'aide de la fonction de recherche de votre smartphone\/tablette.<\/li>\n\n\n\n<li>Il ne s'agit pas d'un livre physique, mais d'une copie num\u00e9rique au format PDF. Ne l'achetez pas si vous souhaitez une copie physique.<\/li>\n\n\n\n<li>Apr\u00e8s avoir pass\u00e9 la commande, vous pouvez t\u00e9l\u00e9charger le livre \u00e9lectronique instantan\u00e9ment.<\/li>\n<\/ul>","protected":false},"excerpt":{"rendered":"<p>Nous vendons un livre \u00e9lectronique 2026 CFA Level 3 IFT Mock Exams Portfolio Management Pathway PDF.<\/p>","protected":false},"featured_media":14208,"comment_status":"closed","ping_status":"closed","template":"","meta":[],"product_brand":[],"product_cat":[265],"product_tag":[369,93,88,90,180,371,361,311,91,92],"class_list":{"0":"post-14206","1":"product","2":"type-product","3":"status-publish","4":"has-post-thumbnail","6":"product_cat-cfa-level-3","7":"product_tag-cfa-2026","8":"product_tag-cfa-books","9":"product_tag-cfa-ebooks","10":"product_tag-cfa-exam","11":"product_tag-cfa-level-3","12":"product_tag-cfa-level-3-2026","13":"product_tag-cfa-mock-exams","14":"product_tag-cfa-mocks","15":"product_tag-cfa-prep","16":"product_tag-cfa-test","18":"first","19":"instock","20":"downloadable","21":"virtual","22":"sold-individually","23":"purchasable","24":"product-type-simple"},"_links":{"self":[{"href":"https:\/\/www.cfaebooks.com\/fr\/wp-json\/wp\/v2\/product\/14206","targetHints":{"allow":["GET"]}}],"collection":[{"href":"https:\/\/www.cfaebooks.com\/fr\/wp-json\/wp\/v2\/product"}],"about":[{"href":"https:\/\/www.cfaebooks.com\/fr\/wp-json\/wp\/v2\/types\/product"}],"replies":[{"embeddable":true,"href":"https:\/\/www.cfaebooks.com\/fr\/wp-json\/wp\/v2\/comments?post=14206"}],"wp:featuredmedia":[{"embeddable":true,"href":"https:\/\/www.cfaebooks.com\/fr\/wp-json\/wp\/v2\/media\/14208"}],"wp:attachment":[{"href":"https:\/\/www.cfaebooks.com\/fr\/wp-json\/wp\/v2\/media?parent=14206"}],"wp:term":[{"taxonomy":"product_brand","embeddable":true,"href":"https:\/\/www.cfaebooks.com\/fr\/wp-json\/wp\/v2\/product_brand?post=14206"},{"taxonomy":"product_cat","embeddable":true,"href":"https:\/\/www.cfaebooks.com\/fr\/wp-json\/wp\/v2\/product_cat?post=14206"},{"taxonomy":"product_tag","embeddable":true,"href":"https:\/\/www.cfaebooks.com\/fr\/wp-json\/wp\/v2\/product_tag?post=14206"}],"curies":[{"name":"wp","href":"https:\/\/api.w.org\/{rel}","templated":true}]}}