{"id":14132,"date":"2025-10-05T00:57:45","date_gmt":"2025-10-05T00:57:45","guid":{"rendered":"https:\/\/www.cfaebooks.com\/?post_type=product&#038;p=14132"},"modified":"2026-04-03T08:06:28","modified_gmt":"2026-04-03T08:06:28","slug":"cfa-2026-level-1-schweser-notes-with-quicksheet","status":"publish","type":"product","link":"https:\/\/www.cfaebooks.com\/fr\/products\/cfa-2026-level-1-schweser-notes-with-quicksheet\/","title":{"rendered":"CFA 2026 Niveau 1 Notes Schweser avec Quicksheet"},"content":{"rendered":"<p>Nous vendons un livre \u00e9lectronique 2026 CFA Schweser Notes Level 1 with Quicksheet PDF.<\/p>\n\n\n\n<ul class=\"wp-block-list\">\n<li>Comprend un ensemble de 4 livres :\n<ul class=\"wp-block-list\">\n<li>Livre 1 : M\u00e9thodes quantitatives, \u00e9conomie et \u00e9metteurs priv\u00e9s<\/li>\n\n\n\n<li>Livre 2 : Analyse des \u00e9tats financiers et investissements en actions<\/li>\n\n\n\n<li>Livre 3 : Revenu fixe et produits d\u00e9riv\u00e9s<\/li>\n\n\n\n<li>Livre 4 : Investissements alternatifs, gestion de portefeuille et normes \u00e9thiques et professionnelles<\/li>\n<\/ul>\n<\/li>\n\n\n\n<li>La Quicksheet comporte 6 pages au total<\/li>\n\n\n\n<li>Le texte peut \u00eatre recherch\u00e9 \u00e0 l'aide de la fonction de recherche du clavier de votre ordinateur \"ctrl+f\" et \u00e0 l'aide de la fonction de recherche de votre smartphone\/tablette.<\/li>\n\n\n\n<li>Il ne s'agit pas de livres physiques, mais de livres \u00e9lectroniques.<\/li>\n\n\n\n<li>Le paquet comprend une version pdf, une version epub et une version web.<\/li>\n\n\n\n<li>Apr\u00e8s avoir pass\u00e9 la commande, vous pouvez t\u00e9l\u00e9charger le livre \u00e9lectronique instantan\u00e9ment.<\/li>\n<\/ul>","protected":false},"excerpt":{"rendered":"<p>Nous vendons un livre \u00e9lectronique 2026 CFA Schweser Notes Level 1 with Quicksheet PDF.<\/p>","protected":false},"featured_media":14134,"comment_status":"closed","ping_status":"closed","template":"","meta":[],"product_brand":[],"product_cat":[260],"product_tag":[369,93,88,90,370,87,91,363,92,158,179],"class_list":{"0":"post-14132","1":"product","2":"type-product","3":"status-publish","4":"has-post-thumbnail","6":"product_cat-cfa-level-1","7":"product_tag-cfa-2026","8":"product_tag-cfa-books","9":"product_tag-cfa-ebooks","10":"product_tag-cfa-exam","11":"product_tag-cfa-level-1-2026","12":"product_tag-cfa-level-i","13":"product_tag-cfa-prep","14":"product_tag-cfa-study-notes","15":"product_tag-cfa-test","16":"product_tag-kaplan-schweser","17":"product_tag-schweser-notes","19":"first","20":"instock","21":"downloadable","22":"virtual","23":"sold-individually","24":"purchasable","25":"product-type-simple"},"_links":{"self":[{"href":"https:\/\/www.cfaebooks.com\/fr\/wp-json\/wp\/v2\/product\/14132","targetHints":{"allow":["GET"]}}],"collection":[{"href":"https:\/\/www.cfaebooks.com\/fr\/wp-json\/wp\/v2\/product"}],"about":[{"href":"https:\/\/www.cfaebooks.com\/fr\/wp-json\/wp\/v2\/types\/product"}],"replies":[{"embeddable":true,"href":"https:\/\/www.cfaebooks.com\/fr\/wp-json\/wp\/v2\/comments?post=14132"}],"wp:featuredmedia":[{"embeddable":true,"href":"https:\/\/www.cfaebooks.com\/fr\/wp-json\/wp\/v2\/media\/14134"}],"wp:attachment":[{"href":"https:\/\/www.cfaebooks.com\/fr\/wp-json\/wp\/v2\/media?parent=14132"}],"wp:term":[{"taxonomy":"product_brand","embeddable":true,"href":"https:\/\/www.cfaebooks.com\/fr\/wp-json\/wp\/v2\/product_brand?post=14132"},{"taxonomy":"product_cat","embeddable":true,"href":"https:\/\/www.cfaebooks.com\/fr\/wp-json\/wp\/v2\/product_cat?post=14132"},{"taxonomy":"product_tag","embeddable":true,"href":"https:\/\/www.cfaebooks.com\/fr\/wp-json\/wp\/v2\/product_tag?post=14132"}],"curies":[{"name":"wp","href":"https:\/\/api.w.org\/{rel}","templated":true}]}}