{"id":14088,"date":"2025-10-04T15:00:57","date_gmt":"2025-10-04T15:00:57","guid":{"rendered":"https:\/\/www.cfaebooks.com\/?post_type=product&#038;p=14088"},"modified":"2026-04-03T08:06:14","modified_gmt":"2026-04-03T08:06:14","slug":"cfa-2026-level-3-salt-solutions-mock-exams-portfolio-management-pathway","status":"publish","type":"product","link":"https:\/\/www.cfaebooks.com\/fr\/products\/cfa-2026-level-3-salt-solutions-mock-exams-portfolio-management-pathway\/","title":{"rendered":"CFA 2026 Level 3 Salt Solutions Mock Exams (Portfolio Management Pathway)"},"content":{"rendered":"<p>La vente porte sur un livre \u00e9lectronique 2026 CFA Salt Solutions Mock Exams Level 3 Portfolio Management Pathway PDF.<\/p>\n\n\n\n<ul class=\"wp-block-list\">\n<li>Y compris <strong>3 examens blancs<\/strong>chacun avec <strong>2 sessions<\/strong>.<\/li>\n\n\n\n<li>Comprend un fichier s\u00e9par\u00e9 pour les questions et les r\u00e9ponses afin que vous puissiez r\u00e9pondre aux questions et comparer vos r\u00e9ponses.<\/li>\n\n\n\n<li>Le texte peut \u00eatre recherch\u00e9 \u00e0 l'aide de la fonction de recherche du clavier de votre ordinateur \"ctrl+f\" et \u00e0 l'aide de la fonction de recherche de votre smartphone\/tablette.<\/li>\n\n\n\n<li>Il ne s'agit pas d'un livre physique, mais d'une copie num\u00e9rique au format PDF. Ne l'achetez pas si vous souhaitez une copie physique.<\/li>\n\n\n\n<li>Apr\u00e8s avoir pass\u00e9 la commande, vous pouvez t\u00e9l\u00e9charger le livre \u00e9lectronique instantan\u00e9ment.<\/li>\n<\/ul>\n\n\n\n<p><\/p>","protected":false},"excerpt":{"rendered":"<p>La vente porte sur un livre \u00e9lectronique 2026 CFA Salt Solutions Mock Exams Level 3 Portfolio Management Pathway PDF.<\/p>","protected":false},"featured_media":14089,"comment_status":"closed","ping_status":"closed","template":"","meta":[],"product_brand":[],"product_cat":[265],"product_tag":[369,93,88,90,180,371,361,311,91,363,92],"class_list":{"0":"post-14088","1":"product","2":"type-product","3":"status-publish","4":"has-post-thumbnail","6":"product_cat-cfa-level-3","7":"product_tag-cfa-2026","8":"product_tag-cfa-books","9":"product_tag-cfa-ebooks","10":"product_tag-cfa-exam","11":"product_tag-cfa-level-3","12":"product_tag-cfa-level-3-2026","13":"product_tag-cfa-mock-exams","14":"product_tag-cfa-mocks","15":"product_tag-cfa-prep","16":"product_tag-cfa-study-notes","17":"product_tag-cfa-test","19":"first","20":"instock","21":"downloadable","22":"virtual","23":"sold-individually","24":"purchasable","25":"product-type-simple"},"_links":{"self":[{"href":"https:\/\/www.cfaebooks.com\/fr\/wp-json\/wp\/v2\/product\/14088","targetHints":{"allow":["GET"]}}],"collection":[{"href":"https:\/\/www.cfaebooks.com\/fr\/wp-json\/wp\/v2\/product"}],"about":[{"href":"https:\/\/www.cfaebooks.com\/fr\/wp-json\/wp\/v2\/types\/product"}],"replies":[{"embeddable":true,"href":"https:\/\/www.cfaebooks.com\/fr\/wp-json\/wp\/v2\/comments?post=14088"}],"wp:featuredmedia":[{"embeddable":true,"href":"https:\/\/www.cfaebooks.com\/fr\/wp-json\/wp\/v2\/media\/14089"}],"wp:attachment":[{"href":"https:\/\/www.cfaebooks.com\/fr\/wp-json\/wp\/v2\/media?parent=14088"}],"wp:term":[{"taxonomy":"product_brand","embeddable":true,"href":"https:\/\/www.cfaebooks.com\/fr\/wp-json\/wp\/v2\/product_brand?post=14088"},{"taxonomy":"product_cat","embeddable":true,"href":"https:\/\/www.cfaebooks.com\/fr\/wp-json\/wp\/v2\/product_cat?post=14088"},{"taxonomy":"product_tag","embeddable":true,"href":"https:\/\/www.cfaebooks.com\/fr\/wp-json\/wp\/v2\/product_tag?post=14088"}],"curies":[{"name":"wp","href":"https:\/\/api.w.org\/{rel}","templated":true}]}}