{"id":14040,"date":"2025-10-04T01:08:10","date_gmt":"2025-10-04T01:08:10","guid":{"rendered":"https:\/\/www.cfaebooks.com\/?post_type=product&#038;p=14040"},"modified":"2026-04-03T08:06:03","modified_gmt":"2026-04-03T08:06:03","slug":"cfa-2026-level-1-salt-solutions-question-bank-and-mock-exams","status":"publish","type":"product","link":"https:\/\/www.cfaebooks.com\/fr\/products\/cfa-2026-level-1-salt-solutions-question-bank-and-mock-exams\/","title":{"rendered":"CFA 2026 Level 1 Salt Solutions Banque de questions et examens blancs"},"content":{"rendered":"<p>Le livre \u00e9lectronique 2026 CFA Level 1 Salt Solutions Question Bank and Mock Exams PDF est en vente.<\/p>\n\n\n\n<ul class=\"wp-block-list\">\n<li>Plus de 1000+ questions avec r\u00e9ponses<\/li>\n\n\n\n<li>Incluant 3 examens blancs, chacun avec 2 sessions.<\/li>\n\n\n\n<li>Dix sujets ont \u00e9t\u00e9 abord\u00e9s :&nbsp;\n<ul class=\"wp-block-list\">\n<li><em><strong>M\u00e9thodes quantitatives<\/strong><\/em><\/li>\n\n\n\n<li><em><strong>\u00c9conomie<\/strong><\/em><\/li>\n\n\n\n<li><em><strong>Soci\u00e9t\u00e9s \u00e9mettrices<\/strong><\/em><\/li>\n\n\n\n<li><em><strong>Analyse des \u00e9tats financiers<\/strong><\/em><\/li>\n\n\n\n<li><em><strong>Actions<\/strong><\/em><\/li>\n\n\n\n<li><em><strong>Revenu fixe<\/strong><\/em><\/li>\n\n\n\n<li><em><strong>Produits d\u00e9riv\u00e9s<\/strong><\/em><\/li>\n\n\n\n<li><em><strong>Investissements alternatifs<\/strong><\/em><\/li>\n\n\n\n<li><em><strong>Gestion de portefeuille<\/strong><\/em><\/li>\n\n\n\n<li><em><strong>L'\u00e9thique.<\/strong><\/em><\/li>\n<\/ul>\n<\/li>\n\n\n\n<li>Comprend un fichier s\u00e9par\u00e9 pour les questions et les r\u00e9ponses afin que vous puissiez r\u00e9pondre aux questions et comparer vos r\u00e9ponses.<\/li>\n\n\n\n<li>Le texte peut \u00eatre recherch\u00e9 \u00e0 l'aide de la fonction de recherche du clavier de votre ordinateur \"ctrl+f\" et \u00e0 l'aide de la fonction de recherche de votre smartphone\/tablette.<\/li>\n\n\n\n<li>Il ne s'agit pas d'un livre physique, mais d'une copie num\u00e9rique au format PDF. Ne l'achetez pas si vous souhaitez une copie physique.<\/li>\n\n\n\n<li>Apr\u00e8s avoir pass\u00e9 la commande, vous pouvez t\u00e9l\u00e9charger le livre \u00e9lectronique instantan\u00e9ment.<\/li>\n<\/ul>","protected":false},"excerpt":{"rendered":"<p>Le livre \u00e9lectronique 2026 CFA Level 1 Salt Solutions Question Bank and Mock Exams PDF est en vente.<\/p>","protected":false},"featured_media":14042,"comment_status":"closed","ping_status":"closed","template":"","meta":[],"product_brand":[],"product_cat":[260],"product_tag":[369,93,88,90,370,87,361,311,91,166,92,176,162,377],"class_list":{"0":"post-14040","1":"product","2":"type-product","3":"status-publish","4":"has-post-thumbnail","6":"product_cat-cfa-level-1","7":"product_tag-cfa-2026","8":"product_tag-cfa-books","9":"product_tag-cfa-ebooks","10":"product_tag-cfa-exam","11":"product_tag-cfa-level-1-2026","12":"product_tag-cfa-level-i","13":"product_tag-cfa-mock-exams","14":"product_tag-cfa-mocks","15":"product_tag-cfa-prep","16":"product_tag-cfa-question-bank","17":"product_tag-cfa-test","18":"product_tag-mock-exam","19":"product_tag-qbank","20":"product_tag-salt-solutions","22":"first","23":"instock","24":"downloadable","25":"virtual","26":"sold-individually","27":"purchasable","28":"product-type-simple"},"_links":{"self":[{"href":"https:\/\/www.cfaebooks.com\/fr\/wp-json\/wp\/v2\/product\/14040","targetHints":{"allow":["GET"]}}],"collection":[{"href":"https:\/\/www.cfaebooks.com\/fr\/wp-json\/wp\/v2\/product"}],"about":[{"href":"https:\/\/www.cfaebooks.com\/fr\/wp-json\/wp\/v2\/types\/product"}],"replies":[{"embeddable":true,"href":"https:\/\/www.cfaebooks.com\/fr\/wp-json\/wp\/v2\/comments?post=14040"}],"wp:featuredmedia":[{"embeddable":true,"href":"https:\/\/www.cfaebooks.com\/fr\/wp-json\/wp\/v2\/media\/14042"}],"wp:attachment":[{"href":"https:\/\/www.cfaebooks.com\/fr\/wp-json\/wp\/v2\/media?parent=14040"}],"wp:term":[{"taxonomy":"product_brand","embeddable":true,"href":"https:\/\/www.cfaebooks.com\/fr\/wp-json\/wp\/v2\/product_brand?post=14040"},{"taxonomy":"product_cat","embeddable":true,"href":"https:\/\/www.cfaebooks.com\/fr\/wp-json\/wp\/v2\/product_cat?post=14040"},{"taxonomy":"product_tag","embeddable":true,"href":"https:\/\/www.cfaebooks.com\/fr\/wp-json\/wp\/v2\/product_tag?post=14040"}],"curies":[{"name":"wp","href":"https:\/\/api.w.org\/{rel}","templated":true}]}}