{"id":13573,"date":"2025-01-30T08:44:00","date_gmt":"2025-01-30T08:44:00","guid":{"rendered":"https:\/\/www.cfaebooks.com\/?post_type=product&#038;p=13573"},"modified":"2026-04-03T08:05:43","modified_gmt":"2026-04-03T08:05:43","slug":"cfa-2025-level-1-practice-pack-questions-et-reponses","status":"publish","type":"product","link":"https:\/\/www.cfaebooks.com\/fr\/products\/cfa-2025-level-1-practice-pack-questions-et-reponses\/","title":{"rendered":"CFA 2025 Level 1 Practice Pack Questions and Answers (en anglais)"},"content":{"rendered":"<p>Nous vendons le 2025 CFA Level 1 Practice Pack Questions and Answers, une ressource d'\u00e9tude num\u00e9rique compl\u00e8te con\u00e7ue pour am\u00e9liorer votre pr\u00e9paration \u00e0 l'examen gr\u00e2ce \u00e0 des questions pratiques de haute qualit\u00e9.<\/p>\n\n\n\n<p>Comprend les sujets suivants :<\/p>\n\n\n\n<ul class=\"wp-block-list\">\n<li>M\u00e9thodes quantitatives<\/li>\n\n\n\n<li>\u00c9conomie<\/li>\n\n\n\n<li>Soci\u00e9t\u00e9s \u00e9mettrices<\/li>\n\n\n\n<li>Analyse des \u00e9tats financiers<\/li>\n\n\n\n<li>Investissements en actions<\/li>\n\n\n\n<li>Revenu fixe<\/li>\n\n\n\n<li>Produits d\u00e9riv\u00e9s<\/li>\n\n\n\n<li>Investissements alternatifs<\/li>\n\n\n\n<li>Gestion de portefeuille<\/li>\n\n\n\n<li>Normes \u00e9thiques et professionnelles<\/li>\n<\/ul>\n\n\n\n<p>Il ne s'agit pas d'un livre physique mais d'un document num\u00e9rique. Ne l'achetez pas si vous souhaitez une copie physique. Apr\u00e8s avoir pass\u00e9 la commande, vous pouvez t\u00e9l\u00e9charger le mat\u00e9riel imm\u00e9diatement.<\/p>","protected":false},"excerpt":{"rendered":"<p>For sale is the 2025 CFA Level 1 Practice Pack Questions and Answers, a comprehensive digital study resource designed to enhance your exam preparation with high-quality practice questions. Includes the following topics: This is not a physical book it is a\u00a0digital material. Please do not purchase if you want a physical hard copy. After checkout [&hellip;]<\/p>\n","protected":false},"featured_media":13577,"comment_status":"closed","ping_status":"closed","template":"","meta":[],"product_brand":[],"product_cat":[260],"product_tag":[261,93,88,90,174,87,91,92,176],"class_list":{"0":"post-13573","1":"product","2":"type-product","3":"status-publish","4":"has-post-thumbnail","6":"product_cat-cfa-level-1","7":"product_tag-cfa-2025","8":"product_tag-cfa-books","9":"product_tag-cfa-ebooks","10":"product_tag-cfa-exam","11":"product_tag-cfa-institute","12":"product_tag-cfa-level-i","13":"product_tag-cfa-prep","14":"product_tag-cfa-test","15":"product_tag-mock-exam","17":"first","18":"instock","19":"downloadable","20":"virtual","21":"sold-individually","22":"purchasable","23":"product-type-simple"},"_links":{"self":[{"href":"https:\/\/www.cfaebooks.com\/fr\/wp-json\/wp\/v2\/product\/13573","targetHints":{"allow":["GET"]}}],"collection":[{"href":"https:\/\/www.cfaebooks.com\/fr\/wp-json\/wp\/v2\/product"}],"about":[{"href":"https:\/\/www.cfaebooks.com\/fr\/wp-json\/wp\/v2\/types\/product"}],"replies":[{"embeddable":true,"href":"https:\/\/www.cfaebooks.com\/fr\/wp-json\/wp\/v2\/comments?post=13573"}],"wp:featuredmedia":[{"embeddable":true,"href":"https:\/\/www.cfaebooks.com\/fr\/wp-json\/wp\/v2\/media\/13577"}],"wp:attachment":[{"href":"https:\/\/www.cfaebooks.com\/fr\/wp-json\/wp\/v2\/media?parent=13573"}],"wp:term":[{"taxonomy":"product_brand","embeddable":true,"href":"https:\/\/www.cfaebooks.com\/fr\/wp-json\/wp\/v2\/product_brand?post=13573"},{"taxonomy":"product_cat","embeddable":true,"href":"https:\/\/www.cfaebooks.com\/fr\/wp-json\/wp\/v2\/product_cat?post=13573"},{"taxonomy":"product_tag","embeddable":true,"href":"https:\/\/www.cfaebooks.com\/fr\/wp-json\/wp\/v2\/product_tag?post=13573"}],"curies":[{"name":"wp","href":"https:\/\/api.w.org\/{rel}","templated":true}]}}