{"id":13420,"date":"2025-08-14T04:53:57","date_gmt":"2025-08-14T04:53:57","guid":{"rendered":"https:\/\/www.cfaebooks.com\/?post_type=product&#038;p=13420"},"modified":"2026-04-03T08:05:35","modified_gmt":"2026-04-03T08:05:35","slug":"cfa-2026-ift-high-yield-notes-level-3-private-wealth-pathway","status":"publish","type":"product","link":"https:\/\/www.cfaebooks.com\/fr\/products\/cfa-2026-ift-high-yield-notes-level-3-private-wealth-pathway\/","title":{"rendered":"CFA 2026 IFT High Yield Notes Niveau 3 Private Wealth Pathway"},"content":{"rendered":"<p>Nous vendons un livre \u00e9lectronique CFA 2026 CFA Level 3 IFT High Yield Notes Private Wealth Pathway PDF.<\/p>\n\n\n\n<p>Comprend les sujets suivants :<\/p>\n\n\n\n<ul class=\"wp-block-list\">\n<li>Volume 1 - Allocation d'actifs<\/li>\n\n\n\n<li><em>Volume 2 - Construction du portefeuille<\/em><\/li>\n\n\n\n<li><em>Volume 3 - Mesure de la performance<\/em><\/li>\n\n\n\n<li><em>Volume 4 - Produits d\u00e9riv\u00e9s et gestion des risques<\/em><\/li>\n\n\n\n<li><em>Volume 5 - Normes \u00e9thiques et professionnelles<\/em><\/li>\n\n\n\n<li><strong>Patrimoine priv\u00e9<\/strong> Voie d'acc\u00e8s<\/li>\n<\/ul>\n\n\n\n<p>Le texte peut \u00eatre recherch\u00e9 \u00e0 l'aide de la fonction de recherche de votre clavier d'ordinateur \"ctrl f\" et \u00e0 l'aide de la fonction de recherche de votre smartphone\/tablette.<\/p>\n\n\n\n<p>Apr\u00e8s avoir r\u00e9gl\u00e9 votre commande, vous pouvez t\u00e9l\u00e9charger le livre \u00e9lectronique imm\u00e9diatement. Il ne s'agit pas d'un livre physique, mais d'une copie num\u00e9rique au format PDF. N'achetez pas ce livre si vous souhaitez une copie physique.<\/p>","protected":false},"excerpt":{"rendered":"<p>For sale is an e-Book CFA 2026 CFA Level 3 IFT High Yield Notes Private Wealth Pathway PDF. Includes the following topics: The text is searchable using the find feature on your computer keyboard &#8216;ctrl f&#8217; and through search on your smartphone\/tablet. After checkout you can download the e-Book immediately. This is not a physical [&hellip;]<\/p>\n","protected":false},"featured_media":13422,"comment_status":"closed","ping_status":"closed","template":"","meta":[],"product_brand":[],"product_cat":[265],"product_tag":[369,93,88,90,180,371,91,363,92,335,373,372],"class_list":{"0":"post-13420","1":"product","2":"type-product","3":"status-publish","4":"has-post-thumbnail","6":"product_cat-cfa-level-3","7":"product_tag-cfa-2026","8":"product_tag-cfa-books","9":"product_tag-cfa-ebooks","10":"product_tag-cfa-exam","11":"product_tag-cfa-level-3","12":"product_tag-cfa-level-3-2026","13":"product_tag-cfa-prep","14":"product_tag-cfa-study-notes","15":"product_tag-cfa-test","16":"product_tag-high-yield-notes","17":"product_tag-ift-high-yield","18":"product_tag-ift-study-notes","20":"first","21":"instock","22":"downloadable","23":"virtual","24":"sold-individually","25":"purchasable","26":"product-type-simple"},"_links":{"self":[{"href":"https:\/\/www.cfaebooks.com\/fr\/wp-json\/wp\/v2\/product\/13420","targetHints":{"allow":["GET"]}}],"collection":[{"href":"https:\/\/www.cfaebooks.com\/fr\/wp-json\/wp\/v2\/product"}],"about":[{"href":"https:\/\/www.cfaebooks.com\/fr\/wp-json\/wp\/v2\/types\/product"}],"replies":[{"embeddable":true,"href":"https:\/\/www.cfaebooks.com\/fr\/wp-json\/wp\/v2\/comments?post=13420"}],"wp:featuredmedia":[{"embeddable":true,"href":"https:\/\/www.cfaebooks.com\/fr\/wp-json\/wp\/v2\/media\/13422"}],"wp:attachment":[{"href":"https:\/\/www.cfaebooks.com\/fr\/wp-json\/wp\/v2\/media?parent=13420"}],"wp:term":[{"taxonomy":"product_brand","embeddable":true,"href":"https:\/\/www.cfaebooks.com\/fr\/wp-json\/wp\/v2\/product_brand?post=13420"},{"taxonomy":"product_cat","embeddable":true,"href":"https:\/\/www.cfaebooks.com\/fr\/wp-json\/wp\/v2\/product_cat?post=13420"},{"taxonomy":"product_tag","embeddable":true,"href":"https:\/\/www.cfaebooks.com\/fr\/wp-json\/wp\/v2\/product_tag?post=13420"}],"curies":[{"name":"wp","href":"https:\/\/api.w.org\/{rel}","templated":true}]}}