{"id":13396,"date":"2025-08-14T03:55:00","date_gmt":"2025-08-14T03:55:00","guid":{"rendered":"https:\/\/www.cfaebooks.com\/?post_type=product&#038;p=13396"},"modified":"2026-04-03T08:05:25","modified_gmt":"2026-04-03T08:05:25","slug":"cfa-2026-ift-study-notes-level-3-private-markets-pathway-with-formula-sheet","status":"publish","type":"product","link":"https:\/\/www.cfaebooks.com\/fr\/products\/cfa-2026-ift-study-notes-level-3-private-markets-pathway-with-formula-sheet\/","title":{"rendered":"CFA 2026 IFT Study Notes Level 3 Private Markets Pathway with Formula Sheet (Notes d'\u00e9tude CFA 2026 IFT Niveau 3 March\u00e9s priv\u00e9s avec feuille de calcul)"},"content":{"rendered":"<p>Nous vendons un livre \u00e9lectronique 2026 CFA Level 3 IFT Study Notes Private Markets Pathway with Formula Sheet PDF.<\/p>\n\n\n\n<p>Comprend les sujets suivants :<\/p>\n\n\n\n<ul class=\"wp-block-list\">\n<li>Volume 1 - Allocation d'actifs<\/li>\n\n\n\n<li><em>Volume 2 - Construction du portefeuille<\/em><\/li>\n\n\n\n<li><em>Volume 3 - Mesure de la performance<\/em><\/li>\n\n\n\n<li><em>Volume 4 - Produits d\u00e9riv\u00e9s et gestion des risques<\/em><\/li>\n\n\n\n<li><em>Volume 5 - Normes \u00e9thiques et professionnelles<\/em><\/li>\n\n\n\n<li>Parcours des march\u00e9s priv\u00e9s<\/li>\n\n\n\n<li><em>Fiche d'information et de formule pour le niveau III 2026<\/em><\/li>\n<\/ul>\n\n\n\n<p>Le texte peut \u00eatre recherch\u00e9 \u00e0 l'aide de la fonction de recherche de votre clavier d'ordinateur \"ctrl f\" et \u00e0 l'aide de la fonction de recherche de votre smartphone\/tablette.<\/p>\n\n\n\n<p>Vous obtiendrez des notes d'\u00e9tude d\u00e9taill\u00e9es couvrant tous les LOS, et qui incluent :&nbsp;<strong><em>R\u00e9sum\u00e9 de chaque lecture et exemples<\/em><\/strong><\/p>\n\n\n\n<ul class=\"wp-block-list\">\n<li>Apr\u00e8s avoir pass\u00e9 la commande, vous pouvez t\u00e9l\u00e9charger le livre \u00e9lectronique imm\u00e9diatement.<\/li>\n\n\n\n<li>Il ne s'agit pas d'un livre physique mais d'une copie num\u00e9rique au format PDF. Ne l'achetez pas si vous souhaitez une copie physique.<\/li>\n<\/ul>","protected":false},"excerpt":{"rendered":"<p>For sale is an e-Book 2026 CFA Level 3 IFT Study Notes Private Markets Pathway with Formula Sheet PDF. Includes the following topics: The text is searchable using the find feature on your computer keyboard &#8216;ctrl f&#8217; and through search on your smartphone\/tablet. You will get detailed Study Notes covering all LOS, and which include:&nbsp;Summary [&hellip;]<\/p>\n","protected":false},"featured_media":13397,"comment_status":"closed","ping_status":"closed","template":"","meta":[],"product_brand":[],"product_cat":[265],"product_tag":[369,93,88,90,180,371,91,363,92,372,168],"class_list":{"0":"post-13396","1":"product","2":"type-product","3":"status-publish","4":"has-post-thumbnail","6":"product_cat-cfa-level-3","7":"product_tag-cfa-2026","8":"product_tag-cfa-books","9":"product_tag-cfa-ebooks","10":"product_tag-cfa-exam","11":"product_tag-cfa-level-3","12":"product_tag-cfa-level-3-2026","13":"product_tag-cfa-prep","14":"product_tag-cfa-study-notes","15":"product_tag-cfa-test","16":"product_tag-ift-study-notes","17":"product_tag-study-notes","19":"first","20":"instock","21":"downloadable","22":"virtual","23":"sold-individually","24":"purchasable","25":"product-type-simple"},"_links":{"self":[{"href":"https:\/\/www.cfaebooks.com\/fr\/wp-json\/wp\/v2\/product\/13396","targetHints":{"allow":["GET"]}}],"collection":[{"href":"https:\/\/www.cfaebooks.com\/fr\/wp-json\/wp\/v2\/product"}],"about":[{"href":"https:\/\/www.cfaebooks.com\/fr\/wp-json\/wp\/v2\/types\/product"}],"replies":[{"embeddable":true,"href":"https:\/\/www.cfaebooks.com\/fr\/wp-json\/wp\/v2\/comments?post=13396"}],"wp:featuredmedia":[{"embeddable":true,"href":"https:\/\/www.cfaebooks.com\/fr\/wp-json\/wp\/v2\/media\/13397"}],"wp:attachment":[{"href":"https:\/\/www.cfaebooks.com\/fr\/wp-json\/wp\/v2\/media?parent=13396"}],"wp:term":[{"taxonomy":"product_brand","embeddable":true,"href":"https:\/\/www.cfaebooks.com\/fr\/wp-json\/wp\/v2\/product_brand?post=13396"},{"taxonomy":"product_cat","embeddable":true,"href":"https:\/\/www.cfaebooks.com\/fr\/wp-json\/wp\/v2\/product_cat?post=13396"},{"taxonomy":"product_tag","embeddable":true,"href":"https:\/\/www.cfaebooks.com\/fr\/wp-json\/wp\/v2\/product_tag?post=13396"}],"curies":[{"name":"wp","href":"https:\/\/api.w.org\/{rel}","templated":true}]}}