{"id":12941,"date":"2025-06-22T05:08:46","date_gmt":"2025-06-22T05:08:46","guid":{"rendered":"https:\/\/www.cfaebooks.com\/?post_type=product&#038;p=12941"},"modified":"2026-04-03T08:05:05","modified_gmt":"2026-04-03T08:05:05","slug":"caia-2025-level-2-uppermark-question-bank-crq-and-essay-questions","status":"publish","type":"product","link":"https:\/\/www.cfaebooks.com\/fr\/products\/caia-2025-level-2-uppermark-question-bank-crq-and-essay-questions\/","title":{"rendered":"CAIA 2025 Niveau 2 Banque de questions UpperMark, CRQ et questions \u00e0 d\u00e9veloppement"},"content":{"rendered":"<p>Le livre \u00e9lectronique 2025 CAIA Level 2 UpperMark Question Bank, CRQ and Essay Questions est en vente.<\/p>\n\n\n\n<p><strong>La banque de test comprend plus de 2 000 questions avec des r\u00e9ponses d\u00e9taill\u00e9es.<\/strong><\/p>\n\n\n\n<p><strong>Questions sur les r\u00e9ponses constructives<\/strong> (CRQ)<\/p>\n\n\n\n<p><strong>Questions \u00e0 d\u00e9veloppement avec mod\u00e8les de r\u00e9ponses<\/strong><\/p>\n\n\n\n<p><strong>QBank Sujet couvert :<\/strong><\/p>\n\n\n\n<ul class=\"wp-block-list\">\n<li>Th\u00e8me 1 Propri\u00e9taires d'actifs institutionnels et politiques d'investissement<\/li>\n\n\n\n<li>Th\u00e8me 2 Allocation d'actifs<\/li>\n\n\n\n<li>Th\u00e8me 3 : Risques et gestion des risques<\/li>\n\n\n\n<li>Th\u00e8me 4 M\u00e9thodes et mod\u00e8les<\/li>\n\n\n\n<li>Th\u00e8me 5 : Acc\u00e9der aux investissements alternatifs<\/li>\n\n\n\n<li>Th\u00e8me 6 : Diligence raisonnable et s\u00e9lection des gestionnaires<\/li>\n\n\n\n<li>Th\u00e8me 7 Volatilit\u00e9 et strat\u00e9gies complexes<\/li>\n<\/ul>\n\n\n\n<p><strong>CRQ Sujet trait\u00e9 :<\/strong><\/p>\n\n\n\n<ul class=\"wp-block-list\">\n<li>Th\u00e8me 1 Propri\u00e9taires d'actifs institutionnels et politiques d'investissement<\/li>\n\n\n\n<li>Th\u00e8me 2 Allocation d'actifs<\/li>\n\n\n\n<li>Th\u00e8me 3 : Risques et gestion des risques<\/li>\n\n\n\n<li>Th\u00e8me 4 M\u00e9thodes et mod\u00e8les<\/li>\n\n\n\n<li>Th\u00e8me 5 : Acc\u00e9der aux investissements alternatifs<\/li>\n\n\n\n<li>Th\u00e8me 6 : Diligence raisonnable et s\u00e9lection des gestionnaires<\/li>\n\n\n\n<li>Th\u00e8me 7 Volatilit\u00e9 et strat\u00e9gies complexes<\/li>\n\n\n\n<li>Th\u00e8me 8 : Consid\u00e9rations sur l'investissement universel<\/li>\n\n\n\n<li>Th\u00e8me 9 Th\u00e8mes \u00e9mergents<\/li>\n<\/ul>\n\n\n\n<p>Il ne s'agit pas d'un livre physique, mais d'une copie num\u00e9rique au format PDF. Ne l'achetez pas si vous souhaitez une copie physique. Apr\u00e8s avoir pass\u00e9 la commande, vous pouvez t\u00e9l\u00e9charger le livre \u00e9lectronique instantan\u00e9ment.<\/p>","protected":false},"excerpt":{"rendered":"<p>For sale is an e-Book 2025 CAIA Level 2 UpperMark Question Bank, CRQ and Essay Questions. The test bank includes over 2,000 questions with detailed answers. Constructive Response Questions (CRQ) Essay Questions with Model Answers QBank Topic covered: CRQ Topic covered: This is not a physical book it is a&nbsp;PDF&nbsp;digital copy. Please do not purchase [&hellip;]<\/p>\n","protected":false},"featured_media":12942,"comment_status":"closed","ping_status":"closed","template":"","meta":[],"product_brand":[],"product_cat":[318],"product_tag":[247,319,251,368,250,248,253,252,330,331,249],"class_list":{"0":"post-12941","1":"product","2":"type-product","3":"status-publish","4":"has-post-thumbnail","6":"product_cat-caia-level-2","7":"product_tag-caia","8":"product_tag-caia-2025","9":"product_tag-caia-books","10":"product_tag-caia-crq","11":"product_tag-caia-ebooks","12":"product_tag-caia-exam","13":"product_tag-caia-level-ii","14":"product_tag-caia-prep","15":"product_tag-caia-qbank","16":"product_tag-caia-question-bank","17":"product_tag-caia-test","19":"first","20":"instock","21":"downloadable","22":"virtual","23":"sold-individually","24":"purchasable","25":"product-type-simple"},"_links":{"self":[{"href":"https:\/\/www.cfaebooks.com\/fr\/wp-json\/wp\/v2\/product\/12941","targetHints":{"allow":["GET"]}}],"collection":[{"href":"https:\/\/www.cfaebooks.com\/fr\/wp-json\/wp\/v2\/product"}],"about":[{"href":"https:\/\/www.cfaebooks.com\/fr\/wp-json\/wp\/v2\/types\/product"}],"replies":[{"embeddable":true,"href":"https:\/\/www.cfaebooks.com\/fr\/wp-json\/wp\/v2\/comments?post=12941"}],"wp:featuredmedia":[{"embeddable":true,"href":"https:\/\/www.cfaebooks.com\/fr\/wp-json\/wp\/v2\/media\/12942"}],"wp:attachment":[{"href":"https:\/\/www.cfaebooks.com\/fr\/wp-json\/wp\/v2\/media?parent=12941"}],"wp:term":[{"taxonomy":"product_brand","embeddable":true,"href":"https:\/\/www.cfaebooks.com\/fr\/wp-json\/wp\/v2\/product_brand?post=12941"},{"taxonomy":"product_cat","embeddable":true,"href":"https:\/\/www.cfaebooks.com\/fr\/wp-json\/wp\/v2\/product_cat?post=12941"},{"taxonomy":"product_tag","embeddable":true,"href":"https:\/\/www.cfaebooks.com\/fr\/wp-json\/wp\/v2\/product_tag?post=12941"}],"curies":[{"name":"wp","href":"https:\/\/api.w.org\/{rel}","templated":true}]}}