{"id":12932,"date":"2025-06-22T04:43:40","date_gmt":"2025-06-22T04:43:40","guid":{"rendered":"https:\/\/www.cfaebooks.com\/?post_type=product&#038;p=12932"},"modified":"2026-04-03T08:04:58","modified_gmt":"2026-04-03T08:04:58","slug":"caia-2025-uppermark-banque-de-questions-niveau-2","status":"publish","type":"product","link":"https:\/\/www.cfaebooks.com\/fr\/products\/caia-2025-uppermark-banque-de-questions-niveau-2\/","title":{"rendered":"CAIA 2025 UpperMark Question Bank Level 1"},"content":{"rendered":"<p>Le livre \u00e9lectronique 2025 CAIA UpperMark Question Bank Level 1 est en vente.<\/p>\n\n\n\n<p><strong>La banque de test comprend plus de 2 000 questions avec des r\u00e9ponses d\u00e9taill\u00e9es.<\/strong><\/p>\n\n\n\n<p><strong>Th\u00e8me abord\u00e9 :<\/strong><\/p>\n\n\n\n<ul class=\"wp-block-list\">\n<li>Th\u00e8me 1 : Normes professionnelles et \u00e9thique<\/li>\n\n\n\n<li>Th\u00e8me 2 : Introduction aux investissements alternatifs<\/li>\n\n\n\n<li>Th\u00e8me 3 Actifs r\u00e9els<\/li>\n\n\n\n<li>Th\u00e8me 4 Capital-investissement<\/li>\n\n\n\n<li>Th\u00e8me 5 Dette priv\u00e9e<\/li>\n\n\n\n<li>Th\u00e8me 6 Fonds sp\u00e9culatifs<\/li>\n\n\n\n<li>Th\u00e8me 7 : Actifs num\u00e9riques<\/li>\n\n\n\n<li>Th\u00e8me 8 Strat\u00e9gies suppl\u00e9mentaires<\/li>\n<\/ul>\n\n\n\n<p>Il ne s'agit pas d'un livre physique, mais d'une copie num\u00e9rique au format PDF. Ne l'achetez pas si vous souhaitez une copie physique. Apr\u00e8s avoir pass\u00e9 la commande, vous pouvez t\u00e9l\u00e9charger le livre \u00e9lectronique instantan\u00e9ment.<\/p>","protected":false},"excerpt":{"rendered":"<p>For sale is an e-Book 2025 CAIA UpperMark Question Bank Level 1. The test bank includes over 2,000 questions with detailed answers. Topic covered: This is not a physical book it is a&nbsp;PDF&nbsp;digital copy. Please do not purchase if you want a physical hard copy. After checkout you can download the e-Book instantly.<\/p>","protected":false},"featured_media":12933,"comment_status":"closed","ping_status":"closed","template":"","meta":[],"product_brand":[],"product_cat":[317],"product_tag":[247,319,251,250,248,246,252,330,331,249],"class_list":{"0":"post-12932","1":"product","2":"type-product","3":"status-publish","4":"has-post-thumbnail","6":"product_cat-caia-level-1","7":"product_tag-caia","8":"product_tag-caia-2025","9":"product_tag-caia-books","10":"product_tag-caia-ebooks","11":"product_tag-caia-exam","12":"product_tag-caia-level-i","13":"product_tag-caia-prep","14":"product_tag-caia-qbank","15":"product_tag-caia-question-bank","16":"product_tag-caia-test","18":"first","19":"instock","20":"downloadable","21":"virtual","22":"sold-individually","23":"purchasable","24":"product-type-simple"},"_links":{"self":[{"href":"https:\/\/www.cfaebooks.com\/fr\/wp-json\/wp\/v2\/product\/12932","targetHints":{"allow":["GET"]}}],"collection":[{"href":"https:\/\/www.cfaebooks.com\/fr\/wp-json\/wp\/v2\/product"}],"about":[{"href":"https:\/\/www.cfaebooks.com\/fr\/wp-json\/wp\/v2\/types\/product"}],"replies":[{"embeddable":true,"href":"https:\/\/www.cfaebooks.com\/fr\/wp-json\/wp\/v2\/comments?post=12932"}],"wp:featuredmedia":[{"embeddable":true,"href":"https:\/\/www.cfaebooks.com\/fr\/wp-json\/wp\/v2\/media\/12933"}],"wp:attachment":[{"href":"https:\/\/www.cfaebooks.com\/fr\/wp-json\/wp\/v2\/media?parent=12932"}],"wp:term":[{"taxonomy":"product_brand","embeddable":true,"href":"https:\/\/www.cfaebooks.com\/fr\/wp-json\/wp\/v2\/product_brand?post=12932"},{"taxonomy":"product_cat","embeddable":true,"href":"https:\/\/www.cfaebooks.com\/fr\/wp-json\/wp\/v2\/product_cat?post=12932"},{"taxonomy":"product_tag","embeddable":true,"href":"https:\/\/www.cfaebooks.com\/fr\/wp-json\/wp\/v2\/product_tag?post=12932"}],"curies":[{"name":"wp","href":"https:\/\/api.w.org\/{rel}","templated":true}]}}