{"id":12867,"date":"2025-06-20T14:28:05","date_gmt":"2025-06-20T14:28:05","guid":{"rendered":"https:\/\/www.cfaebooks.com\/?post_type=product&#038;p=12867"},"modified":"2026-04-03T08:04:30","modified_gmt":"2026-04-03T08:04:30","slug":"cfa-2025-uworld-video-lectures-level-3-private-wealth-pathway","status":"publish","type":"product","link":"https:\/\/www.cfaebooks.com\/fr\/products\/cfa-2025-uworld-video-lectures-level-3-private-wealth-pathway\/","title":{"rendered":"CFA 2025 UWorld Video Lectures Niveau 3 Private Wealth Pathway"},"content":{"rendered":"<p>Le produit \u00e0 vendre est le <strong>2025 CFA UWorld Video Lectures Niveau 3 Private Wealth Pathway<\/strong>.<\/p>\n\n\n\n<p>Comprend les sujets suivants :&nbsp;<\/p>\n\n\n\n<ul class=\"wp-block-list\">\n<li>Allocation d'actifs<\/li>\n\n\n\n<li>Construction du portefeuille<\/li>\n\n\n\n<li>Gestion des performances<\/li>\n\n\n\n<li>Produits d\u00e9riv\u00e9s et gestion des risques<\/li>\n\n\n\n<li>Normes \u00e9thiques et professionnelles<\/li>\n\n\n\n<li><strong>Parcours du patrimoine priv\u00e9<\/strong><\/li>\n<\/ul>\n\n\n\n<p>Toutes les vid\u00e9os sont au format .mp4. Apr\u00e8s le paiement, vous pouvez t\u00e9l\u00e9charger la vid\u00e9o imm\u00e9diatement.<\/p>","protected":false},"excerpt":{"rendered":"<p>For sale is the 2025 CFA UWorld Video Lectures Level 3 Private Wealth Pathway. Includes the following topics:&nbsp; All videos are in .mp4 format. After checkout you can download the video immediately.<\/p>","protected":false},"featured_media":12868,"comment_status":"closed","ping_status":"closed","template":"","meta":[],"product_brand":[],"product_cat":[265,269],"product_tag":[261,93,88,90,180,91,92,365,271],"class_list":{"0":"post-12867","1":"product","2":"type-product","3":"status-publish","4":"has-post-thumbnail","6":"product_cat-cfa-level-3","7":"product_cat-cfa-video-lectures","8":"product_tag-cfa-2025","9":"product_tag-cfa-books","10":"product_tag-cfa-ebooks","11":"product_tag-cfa-exam","12":"product_tag-cfa-level-3","13":"product_tag-cfa-prep","14":"product_tag-cfa-test","15":"product_tag-cfa-uworld","16":"product_tag-video-lectures","18":"first","19":"instock","20":"downloadable","21":"virtual","22":"sold-individually","23":"purchasable","24":"product-type-simple"},"_links":{"self":[{"href":"https:\/\/www.cfaebooks.com\/fr\/wp-json\/wp\/v2\/product\/12867","targetHints":{"allow":["GET"]}}],"collection":[{"href":"https:\/\/www.cfaebooks.com\/fr\/wp-json\/wp\/v2\/product"}],"about":[{"href":"https:\/\/www.cfaebooks.com\/fr\/wp-json\/wp\/v2\/types\/product"}],"replies":[{"embeddable":true,"href":"https:\/\/www.cfaebooks.com\/fr\/wp-json\/wp\/v2\/comments?post=12867"}],"wp:featuredmedia":[{"embeddable":true,"href":"https:\/\/www.cfaebooks.com\/fr\/wp-json\/wp\/v2\/media\/12868"}],"wp:attachment":[{"href":"https:\/\/www.cfaebooks.com\/fr\/wp-json\/wp\/v2\/media?parent=12867"}],"wp:term":[{"taxonomy":"product_brand","embeddable":true,"href":"https:\/\/www.cfaebooks.com\/fr\/wp-json\/wp\/v2\/product_brand?post=12867"},{"taxonomy":"product_cat","embeddable":true,"href":"https:\/\/www.cfaebooks.com\/fr\/wp-json\/wp\/v2\/product_cat?post=12867"},{"taxonomy":"product_tag","embeddable":true,"href":"https:\/\/www.cfaebooks.com\/fr\/wp-json\/wp\/v2\/product_tag?post=12867"}],"curies":[{"name":"wp","href":"https:\/\/api.w.org\/{rel}","templated":true}]}}