{"id":12770,"date":"2025-06-06T04:47:19","date_gmt":"2025-06-06T04:47:19","guid":{"rendered":"https:\/\/www.cfaebooks.com\/?post_type=product&#038;p=12770"},"modified":"2026-04-03T08:04:20","modified_gmt":"2026-04-03T08:04:20","slug":"cfa-2025-analystprep-essays-level-3-all-pathways","status":"publish","type":"product","link":"https:\/\/www.cfaebooks.com\/fr\/products\/cfa-2025-analystprep-essays-level-3-all-pathways\/","title":{"rendered":"CFA 2025 AnalystPrep Essays Level 3 All Pathways"},"content":{"rendered":"<p>A vendre est un e-Book <strong>2025 CFA AnalystPrep Essays Level 3 All Pathways<\/strong> PDF.<\/p>\n\n\n\n<p>Comprend les sujets suivants :&nbsp;<\/p>\n\n\n\n<ul class=\"wp-block-list\">\n<li><strong>Chapitre 1 :<\/strong> Allocation d'actifs<\/li>\n\n\n\n<li><strong>Chapitre 2 :<\/strong> Construction du portefeuille<\/li>\n\n\n\n<li><strong>Chapitre 3 :<\/strong> Gestion des performances<\/li>\n\n\n\n<li><strong>Chapitre 4 :<\/strong> Produits d\u00e9riv\u00e9s et gestion des risques<\/li>\n\n\n\n<li><strong>Chapitre 5 :<\/strong> Normes \u00e9thiques<\/li>\n\n\n\n<li><strong>Parcours de gestion de portefeuille<\/strong><\/li>\n\n\n\n<li><strong>Parcours des march\u00e9s priv\u00e9s<\/strong><\/li>\n\n\n\n<li><strong>Parcours du patrimoine priv\u00e9<\/strong><\/li>\n<\/ul>\n\n\n\n<p>Il ne s'agit pas d'un livre physique, mais d'une copie num\u00e9rique au format PDF. Ne l'achetez pas si vous souhaitez une copie physique. Apr\u00e8s avoir pass\u00e9 la commande, vous pouvez t\u00e9l\u00e9charger le livre \u00e9lectronique imm\u00e9diatement.<\/p>","protected":false},"excerpt":{"rendered":"<p>For sale is an e-Book 2025 CFA AnalystPrep Essays Level 3 All Pathways PDF. Includes the following topics:&nbsp; This is not a physical book it is a&nbsp;PDF&nbsp;digital copy. Please do not purchase if you want a physical hard copy. After checkout you can download the e-Book immediately.<\/p>","protected":false},"featured_media":12600,"comment_status":"closed","ping_status":"closed","template":"","meta":[],"product_brand":[],"product_cat":[265],"product_tag":[261,93,88,364,90,180,91,92],"class_list":{"0":"post-12770","1":"product","2":"type-product","3":"status-publish","4":"has-post-thumbnail","6":"product_cat-cfa-level-3","7":"product_tag-cfa-2025","8":"product_tag-cfa-books","9":"product_tag-cfa-ebooks","10":"product_tag-cfa-essays","11":"product_tag-cfa-exam","12":"product_tag-cfa-level-3","13":"product_tag-cfa-prep","14":"product_tag-cfa-test","16":"first","17":"instock","18":"downloadable","19":"virtual","20":"sold-individually","21":"purchasable","22":"product-type-simple"},"_links":{"self":[{"href":"https:\/\/www.cfaebooks.com\/fr\/wp-json\/wp\/v2\/product\/12770","targetHints":{"allow":["GET"]}}],"collection":[{"href":"https:\/\/www.cfaebooks.com\/fr\/wp-json\/wp\/v2\/product"}],"about":[{"href":"https:\/\/www.cfaebooks.com\/fr\/wp-json\/wp\/v2\/types\/product"}],"replies":[{"embeddable":true,"href":"https:\/\/www.cfaebooks.com\/fr\/wp-json\/wp\/v2\/comments?post=12770"}],"wp:featuredmedia":[{"embeddable":true,"href":"https:\/\/www.cfaebooks.com\/fr\/wp-json\/wp\/v2\/media\/12600"}],"wp:attachment":[{"href":"https:\/\/www.cfaebooks.com\/fr\/wp-json\/wp\/v2\/media?parent=12770"}],"wp:term":[{"taxonomy":"product_brand","embeddable":true,"href":"https:\/\/www.cfaebooks.com\/fr\/wp-json\/wp\/v2\/product_brand?post=12770"},{"taxonomy":"product_cat","embeddable":true,"href":"https:\/\/www.cfaebooks.com\/fr\/wp-json\/wp\/v2\/product_cat?post=12770"},{"taxonomy":"product_tag","embeddable":true,"href":"https:\/\/www.cfaebooks.com\/fr\/wp-json\/wp\/v2\/product_tag?post=12770"}],"curies":[{"name":"wp","href":"https:\/\/api.w.org\/{rel}","templated":true}]}}