{"id":12590,"date":"2025-05-12T10:17:28","date_gmt":"2025-05-12T10:17:28","guid":{"rendered":"https:\/\/www.cfaebooks.com\/?post_type=product&#038;p=12590"},"modified":"2026-04-03T08:03:59","modified_gmt":"2026-04-03T08:03:59","slug":"frm-2025-part-1-analystprep-study-notes-qbank-with-formula-sheet","status":"publish","type":"product","link":"https:\/\/www.cfaebooks.com\/fr\/products\/frm-2025-part-1-analystprep-study-notes-qbank-with-formula-sheet\/","title":{"rendered":"FRM 2025 Part 1 AnalystPrep Study Notes, QBank with Formula Sheet"},"content":{"rendered":"<p>Le livre \u00e9lectronique 2025 FRM Part 1 AnalystPrep Study Notes, Question Bank and Formula Sheet PDF est en vente.<\/p>\n\n\n\n<p><strong>Th\u00e8mes abord\u00e9s :<\/strong><\/p>\n\n\n\n<ul class=\"wp-block-list\">\n<li><strong>Fondements de la gestion des risques<\/strong><\/li>\n\n\n\n<li><strong>Analyse quantitative<\/strong><\/li>\n\n\n\n<li><strong>March\u00e9s et produits financiers<\/strong><\/li>\n\n\n\n<li><strong>Mod\u00e8les d'\u00e9valuation et de risque<\/strong><\/li>\n<\/ul>\n\n\n\n<p>Il ne s'agit pas d'un livre physique mais d'une copie num\u00e9rique au format PDF. Ne l'achetez pas si vous souhaitez une copie physique.<\/p>\n\n\n\n<p>Apr\u00e8s avoir pass\u00e9 la commande, vous pouvez t\u00e9l\u00e9charger le livre \u00e9lectronique instantan\u00e9ment.<\/p>","protected":false},"excerpt":{"rendered":"<p>For sale is an e-Book 2025 FRM Part 1 AnalystPrep Study Notes, Question Bank and Formula Sheet PDF. Topics Covered: This is not a physical book it is a&nbsp;PDF&nbsp;digital copy. Please do not purchase if you want a physical hard copy After checkout you can download the e-Book instantly.<\/p>","protected":false},"featured_media":12600,"comment_status":"closed","ping_status":"closed","template":"","meta":[],"product_brand":[],"product_cat":[324],"product_tag":[184,326,185,186,181,205,327,182,204,362,183],"class_list":{"0":"post-12590","1":"product","2":"type-product","3":"status-publish","4":"has-post-thumbnail","6":"product_cat-frm-part-1","7":"product_tag-frm","8":"product_tag-frm-2025","9":"product_tag-frm-books","10":"product_tag-frm-ebooks","11":"product_tag-frm-exam","12":"product_tag-frm-part-1","13":"product_tag-frm-part-1-2025","14":"product_tag-frm-prep","15":"product_tag-frm-question-bank","16":"product_tag-frm-study-notes","17":"product_tag-frm-test","19":"first","20":"instock","21":"downloadable","22":"virtual","23":"sold-individually","24":"purchasable","25":"product-type-simple"},"_links":{"self":[{"href":"https:\/\/www.cfaebooks.com\/fr\/wp-json\/wp\/v2\/product\/12590","targetHints":{"allow":["GET"]}}],"collection":[{"href":"https:\/\/www.cfaebooks.com\/fr\/wp-json\/wp\/v2\/product"}],"about":[{"href":"https:\/\/www.cfaebooks.com\/fr\/wp-json\/wp\/v2\/types\/product"}],"replies":[{"embeddable":true,"href":"https:\/\/www.cfaebooks.com\/fr\/wp-json\/wp\/v2\/comments?post=12590"}],"wp:featuredmedia":[{"embeddable":true,"href":"https:\/\/www.cfaebooks.com\/fr\/wp-json\/wp\/v2\/media\/12600"}],"wp:attachment":[{"href":"https:\/\/www.cfaebooks.com\/fr\/wp-json\/wp\/v2\/media?parent=12590"}],"wp:term":[{"taxonomy":"product_brand","embeddable":true,"href":"https:\/\/www.cfaebooks.com\/fr\/wp-json\/wp\/v2\/product_brand?post=12590"},{"taxonomy":"product_cat","embeddable":true,"href":"https:\/\/www.cfaebooks.com\/fr\/wp-json\/wp\/v2\/product_cat?post=12590"},{"taxonomy":"product_tag","embeddable":true,"href":"https:\/\/www.cfaebooks.com\/fr\/wp-json\/wp\/v2\/product_tag?post=12590"}],"curies":[{"name":"wp","href":"https:\/\/api.w.org\/{rel}","templated":true}]}}