{"id":12585,"date":"2025-05-12T09:38:57","date_gmt":"2025-05-12T09:38:57","guid":{"rendered":"https:\/\/www.cfaebooks.com\/?post_type=product&#038;p=12585"},"modified":"2026-04-03T08:03:56","modified_gmt":"2026-04-03T08:03:56","slug":"cfa-2025-level-1-uworld-study-guide-with-formula-sheet","status":"publish","type":"product","link":"https:\/\/www.cfaebooks.com\/fr\/products\/cfa-2025-level-1-uworld-study-guide-with-formula-sheet\/","title":{"rendered":"CFA 2025 Level 1 UWorld Study Guide with Formula Sheet (Guide d'\u00e9tude de l'univers CFA 2025 niveau 1 avec feuille de calcul)"},"content":{"rendered":"<p>A vendre est un\u00a0<strong>2025 CFA UWorld Study Guide Level 1 with Formula Sheet (Guide d'\u00e9tude CFA UWorld Niveau 1 avec feuille de calcul)<\/strong> PDF.<\/p>\n\n\n\n<p><strong>Sujet inclus :<\/strong><\/p>\n\n\n\n<ul class=\"wp-block-list\">\n<li><strong><em>M\u00e9thodes quantitatives<\/em><\/strong><\/li>\n\n\n\n<li><strong><em>\u00c9conomie<\/em><\/strong><\/li>\n\n\n\n<li><strong><em>Soci\u00e9t\u00e9s \u00e9mettrices<\/em><\/strong><\/li>\n\n\n\n<li><strong><em>Analyse des \u00e9tats financiers<\/em><\/strong><\/li>\n\n\n\n<li><strong><em>Fonds propres<\/em><\/strong><\/li>\n\n\n\n<li><strong><em>Revenu fixe<\/em><\/strong><\/li>\n\n\n\n<li><strong><em>Produits d\u00e9riv\u00e9s<\/em><\/strong><\/li>\n\n\n\n<li><strong><em>Investissements alternatifs<\/em><\/strong><\/li>\n\n\n\n<li><strong><em>Gestion de portefeuille<\/em><\/strong><\/li>\n\n\n\n<li><strong><em>Normes \u00e9thiques et professionnelles<\/em>.<\/strong><\/li>\n<\/ul>\n\n\n\n<p>Le texte peut \u00eatre recherch\u00e9 \u00e0 l'aide de la fonction de recherche de votre clavier d'ordinateur \"ctrl+f\" et \u00e0 l'aide de la fonction de recherche de votre smartphone\/tablette. Apr\u00e8s validation, vous pouvez t\u00e9l\u00e9charger les examens blancs imm\u00e9diatement.<\/p>","protected":false},"excerpt":{"rendered":"<p>For sale is an the\u00a02025 CFA UWorld Study Guide Level 1 with Formula Sheet PDF. Topic Included: The text is searchable using the find feature on your computer keyboard \u2018ctrl+f\u2019 and through search on your smartphone\/tablet. After checkout you can download the mock exams immediately.<\/p>","protected":false},"featured_media":12777,"comment_status":"closed","ping_status":"closed","template":"","meta":[],"product_brand":[],"product_cat":[260],"product_tag":[261,93,88,90,268,92,171,168],"class_list":{"0":"post-12585","1":"product","2":"type-product","3":"status-publish","4":"has-post-thumbnail","6":"product_cat-cfa-level-1","7":"product_tag-cfa-2025","8":"product_tag-cfa-books","9":"product_tag-cfa-ebooks","10":"product_tag-cfa-exam","11":"product_tag-cfa-level-1-2025","12":"product_tag-cfa-test","13":"product_tag-study-guide","14":"product_tag-study-notes","16":"first","17":"instock","18":"downloadable","19":"virtual","20":"sold-individually","21":"purchasable","22":"product-type-simple"},"_links":{"self":[{"href":"https:\/\/www.cfaebooks.com\/fr\/wp-json\/wp\/v2\/product\/12585","targetHints":{"allow":["GET"]}}],"collection":[{"href":"https:\/\/www.cfaebooks.com\/fr\/wp-json\/wp\/v2\/product"}],"about":[{"href":"https:\/\/www.cfaebooks.com\/fr\/wp-json\/wp\/v2\/types\/product"}],"replies":[{"embeddable":true,"href":"https:\/\/www.cfaebooks.com\/fr\/wp-json\/wp\/v2\/comments?post=12585"}],"wp:featuredmedia":[{"embeddable":true,"href":"https:\/\/www.cfaebooks.com\/fr\/wp-json\/wp\/v2\/media\/12777"}],"wp:attachment":[{"href":"https:\/\/www.cfaebooks.com\/fr\/wp-json\/wp\/v2\/media?parent=12585"}],"wp:term":[{"taxonomy":"product_brand","embeddable":true,"href":"https:\/\/www.cfaebooks.com\/fr\/wp-json\/wp\/v2\/product_brand?post=12585"},{"taxonomy":"product_cat","embeddable":true,"href":"https:\/\/www.cfaebooks.com\/fr\/wp-json\/wp\/v2\/product_cat?post=12585"},{"taxonomy":"product_tag","embeddable":true,"href":"https:\/\/www.cfaebooks.com\/fr\/wp-json\/wp\/v2\/product_tag?post=12585"}],"curies":[{"name":"wp","href":"https:\/\/api.w.org\/{rel}","templated":true}]}}