{"id":12580,"date":"2025-05-12T09:13:02","date_gmt":"2025-05-12T09:13:02","guid":{"rendered":"https:\/\/www.cfaebooks.com\/?post_type=product&#038;p=12580"},"modified":"2026-04-03T08:03:54","modified_gmt":"2026-04-03T08:03:54","slug":"cfa-level-1-2025-uworld-mock-exam-1-2","status":"publish","type":"product","link":"https:\/\/www.cfaebooks.com\/fr\/products\/cfa-level-1-2025-uworld-mock-exam-1-2\/","title":{"rendered":"CFA Niveau 1 2025 UWorld Examen blanc 1, 2"},"content":{"rendered":"<p>A vendre est un\u00a0<strong>2025 CFA Niveau 1 UWorld Examen blanc 1, 2<\/strong> PDF.<\/p>\n\n\n\n<p><strong>Vous obtiendrez 2 examens blancs, avec 2 sessions par examen - tout comme le format r\u00e9el du niveau I du CFA.<\/strong><\/p>\n\n\n\n<p><strong>Savoir exactement \u00e0 quoi s'attendre<\/strong><br>Pr\u00e9parez-vous en toute confiance en utilisant des examens blancs qui refl\u00e8tent fid\u00e8lement le v\u00e9ritable examen CFA de niveau I. De l'interface au format des questions en passant par la difficult\u00e9, le timing et la pond\u00e9ration des sujets, chaque d\u00e9tail est soigneusement reproduit pour offrir une exp\u00e9rience r\u00e9elle le jour de l'examen.<\/p>\n\n\n\n<p><strong>Transformer l'examen r\u00e9el en un simple test d'entra\u00eenement<\/strong><br>La confiance vient de la familiarit\u00e9. En vous entra\u00eenant r\u00e9guli\u00e8rement dans un environnement d'examen r\u00e9aliste, vous aborderez l'examen CFA r\u00e9el en vous sentant pr\u00e9par\u00e9, comme s'il s'agissait d'un autre simulacre que vous avez d\u00e9j\u00e0 ma\u00eetris\u00e9.<\/p>\n\n\n\n<p>Le texte peut \u00eatre recherch\u00e9 \u00e0 l'aide de la fonction de recherche de votre clavier d'ordinateur \"ctrl+f\" et \u00e0 l'aide de la fonction de recherche de votre smartphone\/tablette. Apr\u00e8s validation, vous pouvez t\u00e9l\u00e9charger les examens blancs imm\u00e9diatement.<\/p>","protected":false},"excerpt":{"rendered":"<p>For sale is an the\u00a02025 CFA Level 1 UWorld Mock Exam 1, 2 PDF. You\u2019ll get 2 mock exams, with 2 sessions per exam\u2014just like the actual CFA Level I format. Know Exactly What to ExpectPrepare with confidence using mock exams that closely mirror the real CFA Level I exam. From the interface and question [&hellip;]<\/p>\n","protected":false},"featured_media":12584,"comment_status":"closed","ping_status":"closed","template":"","meta":[],"product_brand":[],"product_cat":[260],"product_tag":[261,93,88,90,268,361,92],"class_list":{"0":"post-12580","1":"product","2":"type-product","3":"status-publish","4":"has-post-thumbnail","6":"product_cat-cfa-level-1","7":"product_tag-cfa-2025","8":"product_tag-cfa-books","9":"product_tag-cfa-ebooks","10":"product_tag-cfa-exam","11":"product_tag-cfa-level-1-2025","12":"product_tag-cfa-mock-exams","13":"product_tag-cfa-test","15":"first","16":"instock","17":"downloadable","18":"virtual","19":"sold-individually","20":"purchasable","21":"product-type-simple"},"_links":{"self":[{"href":"https:\/\/www.cfaebooks.com\/fr\/wp-json\/wp\/v2\/product\/12580","targetHints":{"allow":["GET"]}}],"collection":[{"href":"https:\/\/www.cfaebooks.com\/fr\/wp-json\/wp\/v2\/product"}],"about":[{"href":"https:\/\/www.cfaebooks.com\/fr\/wp-json\/wp\/v2\/types\/product"}],"replies":[{"embeddable":true,"href":"https:\/\/www.cfaebooks.com\/fr\/wp-json\/wp\/v2\/comments?post=12580"}],"wp:featuredmedia":[{"embeddable":true,"href":"https:\/\/www.cfaebooks.com\/fr\/wp-json\/wp\/v2\/media\/12584"}],"wp:attachment":[{"href":"https:\/\/www.cfaebooks.com\/fr\/wp-json\/wp\/v2\/media?parent=12580"}],"wp:term":[{"taxonomy":"product_brand","embeddable":true,"href":"https:\/\/www.cfaebooks.com\/fr\/wp-json\/wp\/v2\/product_brand?post=12580"},{"taxonomy":"product_cat","embeddable":true,"href":"https:\/\/www.cfaebooks.com\/fr\/wp-json\/wp\/v2\/product_cat?post=12580"},{"taxonomy":"product_tag","embeddable":true,"href":"https:\/\/www.cfaebooks.com\/fr\/wp-json\/wp\/v2\/product_tag?post=12580"}],"curies":[{"name":"wp","href":"https:\/\/api.w.org\/{rel}","templated":true}]}}