{"id":12560,"date":"2025-05-09T08:51:29","date_gmt":"2025-05-09T08:51:29","guid":{"rendered":"https:\/\/www.cfaebooks.com\/?post_type=product&#038;p=12560"},"modified":"2026-04-03T08:03:51","modified_gmt":"2026-04-03T08:03:51","slug":"cfa-niveau-3-examens-blancs-officiels-2020-2025-avec-reponses-2","status":"publish","type":"product","link":"https:\/\/www.cfaebooks.com\/fr\/products\/cfa-niveau-3-examens-blancs-officiels-2020-2025-avec-reponses-2\/","title":{"rendered":"Examens blancs officiels CFA niveau 3 2020 - 2025 avec r\u00e9ponses"},"content":{"rendered":"<p>A vendre est un e-Book <strong>Examens blancs officiels CFA niveau 3 2020 - 2025 avec r\u00e9ponses<\/strong> PDF.<\/p>\n\n\n\n<p><strong>Chaque examen blanc comprend des questions et des r\u00e9ponses.<\/strong><\/p>\n\n\n\n<ul class=\"wp-block-list\">\n<li>Il ne s'agit pas d'un livre physique mais d'une copie num\u00e9rique au format PDF. <\/li>\n\n\n\n<li>N'achetez pas ce livre si vous souhaitez une copie physique. Apr\u00e8s avoir pass\u00e9 la commande, vous pouvez t\u00e9l\u00e9charger le livre \u00e9lectronique imm\u00e9diatement.<\/li>\n<\/ul>","protected":false},"excerpt":{"rendered":"<p>For sale is an e-Book CFA Level 3 Official Mock Exams 2020 &#8211; 2025 with Answers PDF. Each mock exam includes questions and answers.<\/p>","protected":false},"featured_media":12561,"comment_status":"closed","ping_status":"closed","template":"","meta":[],"product_brand":[],"product_cat":[265],"product_tag":[261,93,88,90,180,360,91,92,176],"class_list":{"0":"post-12560","1":"product","2":"type-product","3":"status-publish","4":"has-post-thumbnail","6":"product_cat-cfa-level-3","7":"product_tag-cfa-2025","8":"product_tag-cfa-books","9":"product_tag-cfa-ebooks","10":"product_tag-cfa-exam","11":"product_tag-cfa-level-3","12":"product_tag-cfa-level-3-mock-exams","13":"product_tag-cfa-prep","14":"product_tag-cfa-test","15":"product_tag-mock-exam","17":"first","18":"instock","19":"downloadable","20":"virtual","21":"sold-individually","22":"purchasable","23":"product-type-simple"},"_links":{"self":[{"href":"https:\/\/www.cfaebooks.com\/fr\/wp-json\/wp\/v2\/product\/12560","targetHints":{"allow":["GET"]}}],"collection":[{"href":"https:\/\/www.cfaebooks.com\/fr\/wp-json\/wp\/v2\/product"}],"about":[{"href":"https:\/\/www.cfaebooks.com\/fr\/wp-json\/wp\/v2\/types\/product"}],"replies":[{"embeddable":true,"href":"https:\/\/www.cfaebooks.com\/fr\/wp-json\/wp\/v2\/comments?post=12560"}],"wp:featuredmedia":[{"embeddable":true,"href":"https:\/\/www.cfaebooks.com\/fr\/wp-json\/wp\/v2\/media\/12561"}],"wp:attachment":[{"href":"https:\/\/www.cfaebooks.com\/fr\/wp-json\/wp\/v2\/media?parent=12560"}],"wp:term":[{"taxonomy":"product_brand","embeddable":true,"href":"https:\/\/www.cfaebooks.com\/fr\/wp-json\/wp\/v2\/product_brand?post=12560"},{"taxonomy":"product_cat","embeddable":true,"href":"https:\/\/www.cfaebooks.com\/fr\/wp-json\/wp\/v2\/product_cat?post=12560"},{"taxonomy":"product_tag","embeddable":true,"href":"https:\/\/www.cfaebooks.com\/fr\/wp-json\/wp\/v2\/product_tag?post=12560"}],"curies":[{"name":"wp","href":"https:\/\/api.w.org\/{rel}","templated":true}]}}