{"id":12500,"date":"2025-05-02T03:18:12","date_gmt":"2025-05-02T03:18:12","guid":{"rendered":"https:\/\/www.cfaebooks.com\/?post_type=product&#038;p=12500"},"modified":"2026-04-03T08:03:44","modified_gmt":"2026-04-03T08:03:44","slug":"cfa-2025-ift-high-yield-study-notes-level-1","status":"publish","type":"product","link":"https:\/\/www.cfaebooks.com\/fr\/products\/cfa-2025-ift-high-yield-study-notes-level-1\/","title":{"rendered":"CFA 2025 IFT High Yield Study Notes Niveau 1"},"content":{"rendered":"<p>A vendre est un e-Book <strong>2025 CFA Level 1 IFT High Yield Notes (billets \u00e0 haut rendement) <\/strong> PDF.<\/p>\n\n\n\n<p><strong>Sujet inclus :<\/strong><\/p>\n\n\n\n<ul class=\"wp-block-list\">\n<li><strong><em>M\u00e9thodes quantitatives<\/em><\/strong><\/li>\n\n\n\n<li><strong><em>\u00c9conomie<\/em><\/strong><\/li>\n\n\n\n<li><strong><em>Soci\u00e9t\u00e9s \u00e9mettrices<\/em><\/strong><\/li>\n\n\n\n<li><strong><em>Analyse des \u00e9tats financiers<\/em><\/strong><\/li>\n\n\n\n<li><strong><em>Fonds propres<\/em> Investissements<\/strong><\/li>\n\n\n\n<li><strong><em>Revenu fixe<\/em><\/strong><\/li>\n\n\n\n<li><strong><em>Produits d\u00e9riv\u00e9s<\/em><\/strong><\/li>\n\n\n\n<li><strong><em>Investissements alternatifs<\/em><\/strong><\/li>\n\n\n\n<li><strong><em>Gestion de portefeuille<\/em><\/strong><\/li>\n\n\n\n<li><strong><strong><em>Normes \u00e9thiques et professionnelles<\/em><\/strong>.<\/strong><\/li>\n<\/ul>\n\n\n\n<p>Apr\u00e8s le paiement, vous pouvez t\u00e9l\u00e9charger les livres \u00e9lectroniques imm\u00e9diatement. Il ne s'agit pas de livres physiques, mais de copies num\u00e9riques au format PDF. N'achetez pas ces livres si vous souhaitez une copie physique.<\/p>","protected":false},"excerpt":{"rendered":"<p>For sale is an e-Book 2025 CFA Level 1 IFT High Yield Notes PDF. Topic Included: After checkout you can download the e-Books immediately. These are not physical books they are PDF digital copies. Please do not purchase if you want a physical hard copy.<\/p>","protected":false},"featured_media":12501,"comment_status":"closed","ping_status":"closed","template":"","meta":[],"product_brand":[],"product_cat":[260],"product_tag":[261,93,90,87,311,91,92,335,167],"class_list":{"0":"post-12500","1":"product","2":"type-product","3":"status-publish","4":"has-post-thumbnail","6":"product_cat-cfa-level-1","7":"product_tag-cfa-2025","8":"product_tag-cfa-books","9":"product_tag-cfa-exam","10":"product_tag-cfa-level-i","11":"product_tag-cfa-mocks","12":"product_tag-cfa-prep","13":"product_tag-cfa-test","14":"product_tag-high-yield-notes","15":"product_tag-ift","17":"first","18":"instock","19":"downloadable","20":"virtual","21":"sold-individually","22":"purchasable","23":"product-type-simple"},"_links":{"self":[{"href":"https:\/\/www.cfaebooks.com\/fr\/wp-json\/wp\/v2\/product\/12500","targetHints":{"allow":["GET"]}}],"collection":[{"href":"https:\/\/www.cfaebooks.com\/fr\/wp-json\/wp\/v2\/product"}],"about":[{"href":"https:\/\/www.cfaebooks.com\/fr\/wp-json\/wp\/v2\/types\/product"}],"replies":[{"embeddable":true,"href":"https:\/\/www.cfaebooks.com\/fr\/wp-json\/wp\/v2\/comments?post=12500"}],"wp:featuredmedia":[{"embeddable":true,"href":"https:\/\/www.cfaebooks.com\/fr\/wp-json\/wp\/v2\/media\/12501"}],"wp:attachment":[{"href":"https:\/\/www.cfaebooks.com\/fr\/wp-json\/wp\/v2\/media?parent=12500"}],"wp:term":[{"taxonomy":"product_brand","embeddable":true,"href":"https:\/\/www.cfaebooks.com\/fr\/wp-json\/wp\/v2\/product_brand?post=12500"},{"taxonomy":"product_cat","embeddable":true,"href":"https:\/\/www.cfaebooks.com\/fr\/wp-json\/wp\/v2\/product_cat?post=12500"},{"taxonomy":"product_tag","embeddable":true,"href":"https:\/\/www.cfaebooks.com\/fr\/wp-json\/wp\/v2\/product_tag?post=12500"}],"curies":[{"name":"wp","href":"https:\/\/api.w.org\/{rel}","templated":true}]}}