{"id":12493,"date":"2025-05-02T01:44:35","date_gmt":"2025-05-02T01:44:35","guid":{"rendered":"https:\/\/www.cfaebooks.com\/?post_type=product&#038;p=12493"},"modified":"2026-04-03T08:03:42","modified_gmt":"2026-04-03T08:03:42","slug":"cfa-2025-ift-high-yield-study-notes-level-2","status":"publish","type":"product","link":"https:\/\/www.cfaebooks.com\/fr\/products\/cfa-2025-ift-high-yield-study-notes-level-2\/","title":{"rendered":"CFA 2025 IFT High Yield Study Notes Level 2"},"content":{"rendered":"<p>A vendre est un\u00a0<strong>2025 CFA Level 2 IFT High Yield Notes (billets \u00e0 haut rendement) <\/strong> PDF.<\/p>\n\n\n\n<p><strong>Sujet inclus :<\/strong><\/p>\n\n\n\n<ul class=\"wp-block-list\">\n<li><strong><em>M\u00e9thodes quantitatives<\/em><\/strong><\/li>\n\n\n\n<li><strong><em>\u00c9conomie<\/em><\/strong><\/li>\n\n\n\n<li><strong><em>Analyse des \u00e9tats financiers<\/em><\/strong><\/li>\n\n\n\n<li><strong><em>Soci\u00e9t\u00e9s \u00e9mettrices<\/em><\/strong><\/li>\n\n\n\n<li><strong><em>Fonds propres<\/em><\/strong><\/li>\n\n\n\n<li><strong><em>Revenu fixe<\/em><\/strong><\/li>\n\n\n\n<li><strong><em>Produits d\u00e9riv\u00e9s<\/em><\/strong><\/li>\n\n\n\n<li><strong><em>Investissements alternatifs<\/em><\/strong><\/li>\n\n\n\n<li><strong><em>Gestion de portefeuille<\/em><\/strong><\/li>\n\n\n\n<li><strong><em>\u00c9thique<\/em>s<\/strong><\/li>\n<\/ul>\n\n\n\n<p>Le texte peut \u00eatre recherch\u00e9 \u00e0 l'aide de la fonction de recherche de votre clavier d'ordinateur \"ctrl+f\" et \u00e0 l'aide de la fonction de recherche de votre smartphone\/tablette. Il ne s'agit pas de livres physiques, mais de copies num\u00e9riques au format PDF. Ne les achetez pas si vous souhaitez une copie physique. Apr\u00e8s avoir r\u00e9gl\u00e9 votre commande, vous pouvez t\u00e9l\u00e9charger les livres \u00e9lectroniques imm\u00e9diatement.<\/p>","protected":false},"excerpt":{"rendered":"<p>For sale is an the\u00a02025 CFA Level 2 IFT High Yield Notes PDF. Topic Included: The text is searchable using the find feature on your computer keyboard \u2018ctrl+f\u2019 and through search on your smartphone\/tablet. These are not physical books they are PDF digital copies. Please do not purchase if you want a physical hard copy.After [&hellip;]<\/p>\n","protected":false},"featured_media":12494,"comment_status":"closed","ping_status":"closed","template":"","meta":[],"product_brand":[],"product_cat":[266],"product_tag":[261,93,88,90,293,92,335,167,332],"class_list":{"0":"post-12493","1":"product","2":"type-product","3":"status-publish","4":"has-post-thumbnail","6":"product_cat-cfa-level-2","7":"product_tag-cfa-2025","8":"product_tag-cfa-books","9":"product_tag-cfa-ebooks","10":"product_tag-cfa-exam","11":"product_tag-cfa-level-2-2025","12":"product_tag-cfa-test","13":"product_tag-high-yield-notes","14":"product_tag-ift","15":"product_tag-ift-2025","17":"first","18":"instock","19":"downloadable","20":"virtual","21":"sold-individually","22":"purchasable","23":"product-type-simple"},"_links":{"self":[{"href":"https:\/\/www.cfaebooks.com\/fr\/wp-json\/wp\/v2\/product\/12493","targetHints":{"allow":["GET"]}}],"collection":[{"href":"https:\/\/www.cfaebooks.com\/fr\/wp-json\/wp\/v2\/product"}],"about":[{"href":"https:\/\/www.cfaebooks.com\/fr\/wp-json\/wp\/v2\/types\/product"}],"replies":[{"embeddable":true,"href":"https:\/\/www.cfaebooks.com\/fr\/wp-json\/wp\/v2\/comments?post=12493"}],"wp:featuredmedia":[{"embeddable":true,"href":"https:\/\/www.cfaebooks.com\/fr\/wp-json\/wp\/v2\/media\/12494"}],"wp:attachment":[{"href":"https:\/\/www.cfaebooks.com\/fr\/wp-json\/wp\/v2\/media?parent=12493"}],"wp:term":[{"taxonomy":"product_brand","embeddable":true,"href":"https:\/\/www.cfaebooks.com\/fr\/wp-json\/wp\/v2\/product_brand?post=12493"},{"taxonomy":"product_cat","embeddable":true,"href":"https:\/\/www.cfaebooks.com\/fr\/wp-json\/wp\/v2\/product_cat?post=12493"},{"taxonomy":"product_tag","embeddable":true,"href":"https:\/\/www.cfaebooks.com\/fr\/wp-json\/wp\/v2\/product_tag?post=12493"}],"curies":[{"name":"wp","href":"https:\/\/api.w.org\/{rel}","templated":true}]}}