{"id":12293,"date":"2025-04-07T08:25:26","date_gmt":"2025-04-07T08:25:26","guid":{"rendered":"https:\/\/www.cfaebooks.com\/?post_type=product&#038;p=12293"},"modified":"2026-04-03T08:03:13","modified_gmt":"2026-04-03T08:03:13","slug":"frm-2025-banque-de-questions-partie-2","status":"publish","type":"product","link":"https:\/\/www.cfaebooks.com\/fr\/products\/frm-2025-banque-de-questions-partie-2\/","title":{"rendered":"Banque de questions FRM 2025 Partie 2"},"content":{"rendered":"<p>A vendre est un livre \u00e9lectronique 2025 FRM Schweser Question Bank Part 2 PDF.<\/p>\n\n\n\n<p>Les th\u00e8mes suivants sont abord\u00e9s :<\/p>\n\n\n\n<ol class=\"wp-block-list\">\n<li><strong>Mesure et gestion du risque de march\u00e9<\/strong><\/li>\n\n\n\n<li><strong>Mesure et gestion du risque de cr\u00e9dit<\/strong><\/li>\n\n\n\n<li><strong>Risque op\u00e9rationnel et r\u00e9silience<\/strong><\/li>\n\n\n\n<li><strong>Mesure et gestion des risques de liquidit\u00e9 et de tr\u00e9sorerie<\/strong><\/li>\n\n\n\n<li><strong>Gestion des risques et des investissements<\/strong><\/li>\n\n\n\n<li><strong>Questions d'actualit\u00e9 sur les march\u00e9s financiers<\/strong><\/li>\n<\/ol>\n\n\n\n<p>Apr\u00e8s avoir pass\u00e9 la commande, vous pouvez t\u00e9l\u00e9charger le livre \u00e9lectronique instantan\u00e9ment. Il ne s'agit pas d'un livre physique, mais d'une copie num\u00e9rique au format PDF. N'achetez pas ce livre si vous souhaitez une copie physique.<\/p>","protected":false},"excerpt":{"rendered":"<p>For sale is an e-Book 2025 FRM Schweser Question Bank Part 2 PDF. Include following topics: After checkout you can download the e-Book instantly. This is not a physical book it is a\u00a0PDF\u00a0digital copy. Please do not purchase if you want a physical hard copy.<\/p>","protected":false},"featured_media":12294,"comment_status":"closed","ping_status":"closed","template":"","meta":[],"product_brand":[],"product_cat":[325],"product_tag":[184,326,185,186,181,188,329,182,204,183],"class_list":{"0":"post-12293","1":"product","2":"type-product","3":"status-publish","4":"has-post-thumbnail","6":"product_cat-frm-part-2","7":"product_tag-frm","8":"product_tag-frm-2025","9":"product_tag-frm-books","10":"product_tag-frm-ebooks","11":"product_tag-frm-exam","12":"product_tag-frm-part-2","13":"product_tag-frm-part-2-2025","14":"product_tag-frm-prep","15":"product_tag-frm-question-bank","16":"product_tag-frm-test","18":"first","19":"instock","20":"downloadable","21":"virtual","22":"sold-individually","23":"purchasable","24":"product-type-simple"},"_links":{"self":[{"href":"https:\/\/www.cfaebooks.com\/fr\/wp-json\/wp\/v2\/product\/12293","targetHints":{"allow":["GET"]}}],"collection":[{"href":"https:\/\/www.cfaebooks.com\/fr\/wp-json\/wp\/v2\/product"}],"about":[{"href":"https:\/\/www.cfaebooks.com\/fr\/wp-json\/wp\/v2\/types\/product"}],"replies":[{"embeddable":true,"href":"https:\/\/www.cfaebooks.com\/fr\/wp-json\/wp\/v2\/comments?post=12293"}],"wp:featuredmedia":[{"embeddable":true,"href":"https:\/\/www.cfaebooks.com\/fr\/wp-json\/wp\/v2\/media\/12294"}],"wp:attachment":[{"href":"https:\/\/www.cfaebooks.com\/fr\/wp-json\/wp\/v2\/media?parent=12293"}],"wp:term":[{"taxonomy":"product_brand","embeddable":true,"href":"https:\/\/www.cfaebooks.com\/fr\/wp-json\/wp\/v2\/product_brand?post=12293"},{"taxonomy":"product_cat","embeddable":true,"href":"https:\/\/www.cfaebooks.com\/fr\/wp-json\/wp\/v2\/product_cat?post=12293"},{"taxonomy":"product_tag","embeddable":true,"href":"https:\/\/www.cfaebooks.com\/fr\/wp-json\/wp\/v2\/product_tag?post=12293"}],"curies":[{"name":"wp","href":"https:\/\/api.w.org\/{rel}","templated":true}]}}