{"id":12284,"date":"2025-04-07T07:51:06","date_gmt":"2025-04-07T07:51:06","guid":{"rendered":"https:\/\/www.cfaebooks.com\/?post_type=product&#038;p=12284"},"modified":"2026-04-03T08:03:08","modified_gmt":"2026-04-03T08:03:08","slug":"frm-2026-schweser-videos-partie-2-avec-cahier-dexercices","status":"publish","type":"product","link":"https:\/\/www.cfaebooks.com\/fr\/products\/frm-2026-schweser-videos-partie-2-avec-cahier-dexercices\/","title":{"rendered":"Vid\u00e9os Schweser FRM 2026, partie 2, avec cahier d'exercices"},"content":{"rendered":"<p>\u00c0 vendre : les cours vid\u00e9o FRM Schweser 2026, partie 2, avec le cahier d'exercices.<\/p>\n\n\n\n<p><strong>Th\u00e8mes abord\u00e9s :<\/strong><\/p>\n\n\n\n<ul class=\"wp-block-list\">\n<li>Mesure et gestion du risque de march\u00e9<\/li>\n\n\n\n<li>Mesure et gestion du risque de cr\u00e9dit<\/li>\n\n\n\n<li>Risque op\u00e9rationnel et r\u00e9silience<\/li>\n\n\n\n<li>Mesure et gestion des risques de liquidit\u00e9 et de tr\u00e9sorerie<\/li>\n\n\n\n<li>Gestion des risques, gestion des investissements et questions d'actualit\u00e9 sur les march\u00e9s financiers<\/li>\n<\/ul>\n\n\n\n<p><strong>Ce qui est inclus :<\/strong><\/p>\n\n\n\n<ul class=\"wp-block-list\">\n<li><strong>Conf\u00e9rences vid\u00e9o<\/strong>: Des pr\u00e9sentations approfondies par des instructeurs exp\u00e9riment\u00e9s, couvrant tous les sujets essentiels de la partie 2.<\/li>\n\n\n\n<li><strong>Cahier d'exercices<\/strong>: Des diapositives bien structur\u00e9es r\u00e9sumant les points cl\u00e9s, parfaites pour une r\u00e9vision rapide et efficace.<\/li>\n<\/ul>\n\n\n\n<p>Apr\u00e8s le paiement, vous pouvez t\u00e9l\u00e9charger instantan\u00e9ment.<\/p>","protected":false},"excerpt":{"rendered":"<p>For sale is the 2026 FRM Schweser Video Lectures Part 2 with Workbook. Topics Covered: What\u2019s Included: After checkout you can download instantly.<\/p>","protected":false},"featured_media":17229,"comment_status":"closed","ping_status":"closed","template":"","meta":[],"product_brand":[],"product_cat":[325],"product_tag":[184,409,181,411,182,183,175,271],"class_list":{"0":"post-12284","1":"product","2":"type-product","3":"status-publish","4":"has-post-thumbnail","6":"product_cat-frm-part-2","7":"product_tag-frm","8":"product_tag-frm-2026","9":"product_tag-frm-exam","10":"product_tag-frm-part-2-2026","11":"product_tag-frm-prep","12":"product_tag-frm-test","13":"product_tag-video","14":"product_tag-video-lectures","16":"first","17":"instock","18":"downloadable","19":"virtual","20":"sold-individually","21":"purchasable","22":"product-type-simple"},"_links":{"self":[{"href":"https:\/\/www.cfaebooks.com\/fr\/wp-json\/wp\/v2\/product\/12284","targetHints":{"allow":["GET"]}}],"collection":[{"href":"https:\/\/www.cfaebooks.com\/fr\/wp-json\/wp\/v2\/product"}],"about":[{"href":"https:\/\/www.cfaebooks.com\/fr\/wp-json\/wp\/v2\/types\/product"}],"replies":[{"embeddable":true,"href":"https:\/\/www.cfaebooks.com\/fr\/wp-json\/wp\/v2\/comments?post=12284"}],"wp:featuredmedia":[{"embeddable":true,"href":"https:\/\/www.cfaebooks.com\/fr\/wp-json\/wp\/v2\/media\/17229"}],"wp:attachment":[{"href":"https:\/\/www.cfaebooks.com\/fr\/wp-json\/wp\/v2\/media?parent=12284"}],"wp:term":[{"taxonomy":"product_brand","embeddable":true,"href":"https:\/\/www.cfaebooks.com\/fr\/wp-json\/wp\/v2\/product_brand?post=12284"},{"taxonomy":"product_cat","embeddable":true,"href":"https:\/\/www.cfaebooks.com\/fr\/wp-json\/wp\/v2\/product_cat?post=12284"},{"taxonomy":"product_tag","embeddable":true,"href":"https:\/\/www.cfaebooks.com\/fr\/wp-json\/wp\/v2\/product_tag?post=12284"}],"curies":[{"name":"wp","href":"https:\/\/api.w.org\/{rel}","templated":true}]}}