{"id":12223,"date":"2025-04-03T14:34:56","date_gmt":"2025-04-03T14:34:56","guid":{"rendered":"https:\/\/www.cfaebooks.com\/?post_type=product&#038;p=12223"},"modified":"2026-04-03T08:02:52","modified_gmt":"2026-04-03T08:02:52","slug":"cfa-2025-schweser-question-bank-level-3-private-market-pathway","status":"publish","type":"product","link":"https:\/\/www.cfaebooks.com\/fr\/products\/cfa-2025-schweser-question-bank-level-3-private-market-pathway\/","title":{"rendered":"CFA 2025 Schweser Question Bank Level 3 Private Market Pathway"},"content":{"rendered":"<p>La vente porte sur un livre \u00e9lectronique 2025 CFA Schweser Question Bank Level 3 Private Markets Pathway PDF.<\/p>\n\n\n\n<p><strong>Comprend les sujets suivants :<\/strong><\/p>\n\n\n\n<ul class=\"wp-block-list\">\n<li>Allocation d'actifs<\/li>\n\n\n\n<li>Construction du portefeuille<\/li>\n\n\n\n<li>Mesure de la performance<\/li>\n\n\n\n<li>Produits d\u00e9riv\u00e9s et gestion des risques<\/li>\n\n\n\n<li>Normes \u00e9thiques et professionnelles<\/li>\n\n\n\n<li><strong>March\u00e9s priv\u00e9s<\/strong><\/li>\n<\/ul>\n\n\n\n<p>Apr\u00e8s avoir r\u00e9gl\u00e9 votre commande, vous pouvez t\u00e9l\u00e9charger le livre \u00e9lectronique imm\u00e9diatement. Il ne s'agit pas d'un livre physique, mais d'une copie num\u00e9rique au format PDF. N'achetez pas ce livre si vous souhaitez une copie physique.<\/p>","protected":false},"excerpt":{"rendered":"<p>For sale is an e-Book 2025 CFA Schweser Question Bank Level 3 Private Markets Pathway PDF. Includes the following topics: After checkout you can download the e-Book immediately. This is not a physical book it is a&nbsp;PDF&nbsp;digital copy. Please do not purchase if you want a physical hard copy.<\/p>","protected":false},"featured_media":12225,"comment_status":"closed","ping_status":"closed","template":"","meta":[],"product_brand":[],"product_cat":[265],"product_tag":[261,93,88,90,180,267,91,166,92,162,161,163],"class_list":{"0":"post-12223","1":"product","2":"type-product","3":"status-publish","4":"has-post-thumbnail","6":"product_cat-cfa-level-3","7":"product_tag-cfa-2025","8":"product_tag-cfa-books","9":"product_tag-cfa-ebooks","10":"product_tag-cfa-exam","11":"product_tag-cfa-level-3","12":"product_tag-cfa-level-3-2025","13":"product_tag-cfa-prep","14":"product_tag-cfa-question-bank","15":"product_tag-cfa-test","16":"product_tag-qbank","17":"product_tag-question-bank","18":"product_tag-schweser-qbank","20":"first","21":"instock","22":"downloadable","23":"virtual","24":"sold-individually","25":"purchasable","26":"product-type-simple"},"_links":{"self":[{"href":"https:\/\/www.cfaebooks.com\/fr\/wp-json\/wp\/v2\/product\/12223","targetHints":{"allow":["GET"]}}],"collection":[{"href":"https:\/\/www.cfaebooks.com\/fr\/wp-json\/wp\/v2\/product"}],"about":[{"href":"https:\/\/www.cfaebooks.com\/fr\/wp-json\/wp\/v2\/types\/product"}],"replies":[{"embeddable":true,"href":"https:\/\/www.cfaebooks.com\/fr\/wp-json\/wp\/v2\/comments?post=12223"}],"wp:featuredmedia":[{"embeddable":true,"href":"https:\/\/www.cfaebooks.com\/fr\/wp-json\/wp\/v2\/media\/12225"}],"wp:attachment":[{"href":"https:\/\/www.cfaebooks.com\/fr\/wp-json\/wp\/v2\/media?parent=12223"}],"wp:term":[{"taxonomy":"product_brand","embeddable":true,"href":"https:\/\/www.cfaebooks.com\/fr\/wp-json\/wp\/v2\/product_brand?post=12223"},{"taxonomy":"product_cat","embeddable":true,"href":"https:\/\/www.cfaebooks.com\/fr\/wp-json\/wp\/v2\/product_cat?post=12223"},{"taxonomy":"product_tag","embeddable":true,"href":"https:\/\/www.cfaebooks.com\/fr\/wp-json\/wp\/v2\/product_tag?post=12223"}],"curies":[{"name":"wp","href":"https:\/\/api.w.org\/{rel}","templated":true}]}}