{"id":12217,"date":"2025-04-03T14:15:15","date_gmt":"2025-04-03T14:15:15","guid":{"rendered":"https:\/\/www.cfaebooks.com\/?post_type=product&#038;p=12217"},"modified":"2026-04-03T08:02:50","modified_gmt":"2026-04-03T08:02:50","slug":"cfa-2025-schweser-secret-sauce-level-3-private-markets-pathway","status":"publish","type":"product","link":"https:\/\/www.cfaebooks.com\/fr\/products\/cfa-2025-schweser-secret-sauce-level-3-private-markets-pathway\/","title":{"rendered":"CFA 2025 Schweser Secret Sauce Niveau 3 Private Markets Pathway"},"content":{"rendered":"<p>Le produit \u00e0 vendre est le <strong>2025 CFA Schweser Secret Sauce Level 3 Private Markets Pathway<\/strong> PDF.<\/p>\n\n\n\n<p><strong>Comprend les sujets suivants :<\/strong><\/p>\n\n\n\n<ul class=\"wp-block-list\">\n<li>Allocation d'actifs<\/li>\n\n\n\n<li>Construction du portefeuille<\/li>\n\n\n\n<li>Mesure de la performance<\/li>\n\n\n\n<li>Produits d\u00e9riv\u00e9s et gestion des risques<\/li>\n\n\n\n<li>Normes \u00e9thiques et professionnelles<\/li>\n\n\n\n<li>March\u00e9s priv\u00e9s<\/li>\n\n\n\n<li>Strat\u00e9gies d'examen essentielles<\/li>\n<\/ul>\n\n\n\n<p>Le texte peut \u00eatre recherch\u00e9 \u00e0 l'aide de la fonction de recherche de votre clavier d'ordinateur \"ctrl+f\" et \u00e0 l'aide de la fonction de recherche de votre smartphone\/tablette. Il ne s'agit pas de livres physiques, mais de copies num\u00e9riques au format PDF. N'achetez pas ces livres si vous souhaitez une copie physique.<\/p>\n\n\n\n<p>Apr\u00e8s le paiement, vous pouvez t\u00e9l\u00e9charger le livre \u00e9lectronique imm\u00e9diatement.<\/p>","protected":false},"excerpt":{"rendered":"<p>For sale is the 2025 CFA Schweser Secret Sauce Level 3 Private Markets Pathway PDF. Includes the following topics: The text is searchable using the find feature on your computer keyboard \u2018ctrl+f\u2019 and through search on your smartphone\/tablet. These are not physical books they are PDF digital copies. Please do not purchase if you want [&hellip;]<\/p>\n","protected":false},"featured_media":12218,"comment_status":"closed","ping_status":"closed","template":"","meta":[],"product_brand":[],"product_cat":[265],"product_tag":[261,93,88,90,180,267,91,92,159],"class_list":{"0":"post-12217","1":"product","2":"type-product","3":"status-publish","4":"has-post-thumbnail","6":"product_cat-cfa-level-3","7":"product_tag-cfa-2025","8":"product_tag-cfa-books","9":"product_tag-cfa-ebooks","10":"product_tag-cfa-exam","11":"product_tag-cfa-level-3","12":"product_tag-cfa-level-3-2025","13":"product_tag-cfa-prep","14":"product_tag-cfa-test","15":"product_tag-secret-sauce","17":"first","18":"instock","19":"downloadable","20":"virtual","21":"sold-individually","22":"purchasable","23":"product-type-simple"},"_links":{"self":[{"href":"https:\/\/www.cfaebooks.com\/fr\/wp-json\/wp\/v2\/product\/12217","targetHints":{"allow":["GET"]}}],"collection":[{"href":"https:\/\/www.cfaebooks.com\/fr\/wp-json\/wp\/v2\/product"}],"about":[{"href":"https:\/\/www.cfaebooks.com\/fr\/wp-json\/wp\/v2\/types\/product"}],"replies":[{"embeddable":true,"href":"https:\/\/www.cfaebooks.com\/fr\/wp-json\/wp\/v2\/comments?post=12217"}],"wp:featuredmedia":[{"embeddable":true,"href":"https:\/\/www.cfaebooks.com\/fr\/wp-json\/wp\/v2\/media\/12218"}],"wp:attachment":[{"href":"https:\/\/www.cfaebooks.com\/fr\/wp-json\/wp\/v2\/media?parent=12217"}],"wp:term":[{"taxonomy":"product_brand","embeddable":true,"href":"https:\/\/www.cfaebooks.com\/fr\/wp-json\/wp\/v2\/product_brand?post=12217"},{"taxonomy":"product_cat","embeddable":true,"href":"https:\/\/www.cfaebooks.com\/fr\/wp-json\/wp\/v2\/product_cat?post=12217"},{"taxonomy":"product_tag","embeddable":true,"href":"https:\/\/www.cfaebooks.com\/fr\/wp-json\/wp\/v2\/product_tag?post=12217"}],"curies":[{"name":"wp","href":"https:\/\/api.w.org\/{rel}","templated":true}]}}