{"id":12203,"date":"2025-04-02T14:43:35","date_gmt":"2025-04-02T14:43:35","guid":{"rendered":"https:\/\/www.cfaebooks.com\/?post_type=product&#038;p=12203"},"modified":"2026-04-03T08:02:37","modified_gmt":"2026-04-03T08:02:37","slug":"cfa-2025-analystprep-level-2-videos-notes-qbank-mock-exams","status":"publish","type":"product","link":"https:\/\/www.cfaebooks.com\/fr\/products\/cfa-2025-analystprep-level-2-videos-notes-qbank-mock-exams\/","title":{"rendered":"CFA 2025 AnalystPrep Level 2 Videos, Notes, QBank, Mock Exams"},"content":{"rendered":"<p>Nous vendons les vid\u00e9os de pr\u00e9paration, les notes d'\u00e9tude, la banque de questions et les examens blancs de 2025 CFA Level 2 AnalystPrep.<\/p>\n\n\n\n<p>Comprend un ensemble de 10 volumes :<\/p>\n\n\n\n<ul class=\"wp-block-list\">\n<li>M\u00e9thodes quantitatives<\/li>\n\n\n\n<li>\u00c9conomie<\/li>\n\n\n\n<li>Rapports et analyses financiers<\/li>\n\n\n\n<li>Soci\u00e9t\u00e9s \u00e9mettrices<\/li>\n\n\n\n<li>Fonds propres<\/li>\n\n\n\n<li>Revenu fixe<\/li>\n\n\n\n<li>Produits d\u00e9riv\u00e9s<\/li>\n\n\n\n<li>Investissements alternatifs<\/li>\n\n\n\n<li>Gestion de portefeuille<\/li>\n\n\n\n<li>L'\u00e9thique<\/li>\n<\/ul>\n\n\n\n<p>Ne l'achetez pas si vous souhaitez une copie physique. <\/p>\n\n\n\n<p>Apr\u00e8s le paiement, vous pouvez t\u00e9l\u00e9charger le mat\u00e9riel imm\u00e9diatement.<\/p>","protected":false},"excerpt":{"rendered":"<p>For sale is the 2025 CFA Level 2 AnalystPrep Videos, Study Notes, Question Bank and Mock Exams. Includes Set of 10 volumes: Please do not purchase if you want a physical hard copy. After checkout you can download the material immediately.<\/p>","protected":false},"featured_media":12204,"comment_status":"closed","ping_status":"closed","template":"","meta":[],"product_brand":[],"product_cat":[266],"product_tag":[261,93,88,90,293,166,92,302,168,271],"class_list":{"0":"post-12203","1":"product","2":"type-product","3":"status-publish","4":"has-post-thumbnail","6":"product_cat-cfa-level-2","7":"product_tag-cfa-2025","8":"product_tag-cfa-books","9":"product_tag-cfa-ebooks","10":"product_tag-cfa-exam","11":"product_tag-cfa-level-2-2025","12":"product_tag-cfa-question-bank","13":"product_tag-cfa-test","14":"product_tag-cfa-video-lectures","15":"product_tag-study-notes","16":"product_tag-video-lectures","18":"first","19":"instock","20":"downloadable","21":"virtual","22":"sold-individually","23":"purchasable","24":"product-type-simple"},"_links":{"self":[{"href":"https:\/\/www.cfaebooks.com\/fr\/wp-json\/wp\/v2\/product\/12203","targetHints":{"allow":["GET"]}}],"collection":[{"href":"https:\/\/www.cfaebooks.com\/fr\/wp-json\/wp\/v2\/product"}],"about":[{"href":"https:\/\/www.cfaebooks.com\/fr\/wp-json\/wp\/v2\/types\/product"}],"replies":[{"embeddable":true,"href":"https:\/\/www.cfaebooks.com\/fr\/wp-json\/wp\/v2\/comments?post=12203"}],"wp:featuredmedia":[{"embeddable":true,"href":"https:\/\/www.cfaebooks.com\/fr\/wp-json\/wp\/v2\/media\/12204"}],"wp:attachment":[{"href":"https:\/\/www.cfaebooks.com\/fr\/wp-json\/wp\/v2\/media?parent=12203"}],"wp:term":[{"taxonomy":"product_brand","embeddable":true,"href":"https:\/\/www.cfaebooks.com\/fr\/wp-json\/wp\/v2\/product_brand?post=12203"},{"taxonomy":"product_cat","embeddable":true,"href":"https:\/\/www.cfaebooks.com\/fr\/wp-json\/wp\/v2\/product_cat?post=12203"},{"taxonomy":"product_tag","embeddable":true,"href":"https:\/\/www.cfaebooks.com\/fr\/wp-json\/wp\/v2\/product_tag?post=12203"}],"curies":[{"name":"wp","href":"https:\/\/api.w.org\/{rel}","templated":true}]}}