{"id":12090,"date":"2025-03-12T07:14:04","date_gmt":"2025-03-12T07:14:04","guid":{"rendered":"https:\/\/www.cfaebooks.com\/?post_type=product&#038;p=12090"},"modified":"2026-04-03T08:02:23","modified_gmt":"2026-04-03T08:02:23","slug":"cfa-2025-level-2-collections-with-study-notes-qbank-mcqs-and-mocks","status":"publish","type":"product","link":"https:\/\/www.cfaebooks.com\/fr\/products\/cfa-2025-level-2-collections-with-study-notes-qbank-mcqs-and-mocks\/","title":{"rendered":"Collections CFA 2025 niveau 2 avec notes d'\u00e9tude, banques de questions, QCM et simulations"},"content":{"rendered":"<p>Nous vendons la collection 2025 CFA niveau 2 avec des notes d'\u00e9tude, des banques de questions, des QCM et des simulations.<\/p>\n\n\n\n<p>L'emballage comprend les \u00e9l\u00e9ments suivants<\/p>\n\n\n\n<ol class=\"wp-block-list\">\n<li>Livres du programme scolaire 2025<\/li>\n\n\n\n<li>Kaplan Schweser 2025 + Quicksheet<\/li>\n\n\n\n<li>Kaplan Qbank 2025<\/li>\n\n\n\n<li>\u00c9thique 200 Mcqs<\/li>\n\n\n\n<li>CFA Web Paid Qbank<\/li>\n\n\n\n<li>Uworld Qbank <\/li>\n\n\n\n<li>Examens blancs Kaplan<\/li>\n\n\n\n<li>Socles Uworld<\/li>\n\n\n\n<li>Faux Kevin Haria<\/li>\n\n\n\n<li>CFA Premium Mocks<\/li>\n\n\n\n<li>Extra Full Syllabus Mock<\/li>\n\n\n\n<li>Examens blancs suppl\u00e9mentaires par mati\u00e8re<\/li>\n\n\n\n<li>R\u00e9sum\u00e9s et formules<\/li>\n<\/ol>\n\n\n\n<p>Il ne s'agit pas d'un livre physique mais d'une copie num\u00e9rique au format PDF. Ne l'achetez pas si vous souhaitez une copie physique.<\/p>\n\n\n\n<p>Apr\u00e8s le paiement, vous pouvez t\u00e9l\u00e9charger le mat\u00e9riel imm\u00e9diatement.<\/p>","protected":false},"excerpt":{"rendered":"<p>For sale is the 2025 CFA Level 2 Collection with Study Notes, Qbank, MCQs, and Mocks. In the package, it is include: This is not a physical book it is a&nbsp;PDF&nbsp;digital copy. Please do not purchase if you want a physical hard copy After checkout you can download the material immediately.<\/p>","protected":false},"featured_media":17102,"comment_status":"closed","ping_status":"closed","template":"","meta":[],"product_brand":[],"product_cat":[266,273],"product_tag":[261,93,88,90,178,293,312,311,91,92,176],"class_list":{"0":"post-12090","1":"product","2":"type-product","3":"status-publish","4":"has-post-thumbnail","6":"product_cat-cfa-level-2","7":"product_cat-cfa-bundles","8":"product_tag-cfa-2025","9":"product_tag-cfa-books","10":"product_tag-cfa-ebooks","11":"product_tag-cfa-exam","12":"product_tag-cfa-level-2","13":"product_tag-cfa-level-2-2025","14":"product_tag-cfa-level-2-mocks","15":"product_tag-cfa-mocks","16":"product_tag-cfa-prep","17":"product_tag-cfa-test","18":"product_tag-mock-exam","20":"first","21":"instock","22":"downloadable","23":"virtual","24":"sold-individually","25":"purchasable","26":"product-type-simple"},"_links":{"self":[{"href":"https:\/\/www.cfaebooks.com\/fr\/wp-json\/wp\/v2\/product\/12090","targetHints":{"allow":["GET"]}}],"collection":[{"href":"https:\/\/www.cfaebooks.com\/fr\/wp-json\/wp\/v2\/product"}],"about":[{"href":"https:\/\/www.cfaebooks.com\/fr\/wp-json\/wp\/v2\/types\/product"}],"replies":[{"embeddable":true,"href":"https:\/\/www.cfaebooks.com\/fr\/wp-json\/wp\/v2\/comments?post=12090"}],"wp:featuredmedia":[{"embeddable":true,"href":"https:\/\/www.cfaebooks.com\/fr\/wp-json\/wp\/v2\/media\/17102"}],"wp:attachment":[{"href":"https:\/\/www.cfaebooks.com\/fr\/wp-json\/wp\/v2\/media?parent=12090"}],"wp:term":[{"taxonomy":"product_brand","embeddable":true,"href":"https:\/\/www.cfaebooks.com\/fr\/wp-json\/wp\/v2\/product_brand?post=12090"},{"taxonomy":"product_cat","embeddable":true,"href":"https:\/\/www.cfaebooks.com\/fr\/wp-json\/wp\/v2\/product_cat?post=12090"},{"taxonomy":"product_tag","embeddable":true,"href":"https:\/\/www.cfaebooks.com\/fr\/wp-json\/wp\/v2\/product_tag?post=12090"}],"curies":[{"name":"wp","href":"https:\/\/api.w.org\/{rel}","templated":true}]}}