{"id":12051,"date":"2025-03-12T01:23:00","date_gmt":"2025-03-12T01:23:00","guid":{"rendered":"https:\/\/www.cfaebooks.com\/?post_type=product&#038;p=12051"},"modified":"2026-04-03T08:02:13","modified_gmt":"2026-04-03T08:02:13","slug":"cfa-2025-schweser-notes-level-3-full-set-all-3-pathway","status":"publish","type":"product","link":"https:\/\/www.cfaebooks.com\/fr\/products\/cfa-2025-schweser-notes-level-3-full-set-all-3-pathway\/","title":{"rendered":"CFA 2025 Schweser Notes Level 3 Full Set All 3 Pathways"},"content":{"rendered":"<p>La vente porte sur un livre \u00e9lectronique 2025 CFA Schweser Notes Level 3 Full Set All Pathways PDF.<\/p>\n\n\n\n<p><strong>Ce qui est inclus :<\/strong><\/p>\n\n\n\n<ul class=\"wp-block-list\">\n<li><strong>Programme de base :<\/strong>\n<ul class=\"wp-block-list\">\n<li>Livre 1 : Allocation d'actifs<\/li>\n\n\n\n<li>Livre 2 : Construction du portefeuille et gestion de la performance<\/li>\n\n\n\n<li>Livre 3 : Produits d\u00e9riv\u00e9s, gestion des risques et normes \u00e9thiques et professionnelles<\/li>\n<\/ul>\n<\/li>\n\n\n\n<li><strong>3 Pathway Books :<\/strong>\n<ul class=\"wp-block-list\">\n<li>Parcours de gestion de portefeuille<\/li>\n\n\n\n<li>Parcours des march\u00e9s priv\u00e9s<\/li>\n\n\n\n<li>Parcours du patrimoine priv\u00e9<\/li>\n<\/ul>\n<\/li>\n\n\n\n<li><strong>Feuilles rapides :<\/strong>\n<ul class=\"wp-block-list\">\n<li>Trois fiches rapides de 6 pages (une pour chaque fili\u00e8re) pour une r\u00e9vision et une r\u00e9f\u00e9rence rapides.<\/li>\n<\/ul>\n<\/li>\n<\/ul>\n\n\n\n<p>Il ne s'agit pas d'un livre physique, mais d'une copie num\u00e9rique au format PDF. N'achetez pas ce livre si vous souhaitez une copie physique. Apr\u00e8s avoir pass\u00e9 la commande, vous pouvez t\u00e9l\u00e9charger les livres \u00e9lectroniques instantan\u00e9ment.<\/p>","protected":false},"excerpt":{"rendered":"<p>For sale is an e-book 2025 CFA Schweser Notes Level 3 Full Set All Pathways PDF. What\u2019s Included: This is not a physical book it is a PDF digital copy. Please do not purchase if you want a physical hard copy. After checkout you can download the e-Books instantly.<\/p>","protected":false},"featured_media":12056,"comment_status":"closed","ping_status":"closed","template":"","meta":[],"product_brand":[],"product_cat":[265],"product_tag":[261,93,88,90,267,91,92],"class_list":{"0":"post-12051","1":"product","2":"type-product","3":"status-publish","4":"has-post-thumbnail","6":"product_cat-cfa-level-3","7":"product_tag-cfa-2025","8":"product_tag-cfa-books","9":"product_tag-cfa-ebooks","10":"product_tag-cfa-exam","11":"product_tag-cfa-level-3-2025","12":"product_tag-cfa-prep","13":"product_tag-cfa-test","15":"first","16":"instock","17":"downloadable","18":"virtual","19":"sold-individually","20":"purchasable","21":"product-type-simple"},"_links":{"self":[{"href":"https:\/\/www.cfaebooks.com\/fr\/wp-json\/wp\/v2\/product\/12051","targetHints":{"allow":["GET"]}}],"collection":[{"href":"https:\/\/www.cfaebooks.com\/fr\/wp-json\/wp\/v2\/product"}],"about":[{"href":"https:\/\/www.cfaebooks.com\/fr\/wp-json\/wp\/v2\/types\/product"}],"replies":[{"embeddable":true,"href":"https:\/\/www.cfaebooks.com\/fr\/wp-json\/wp\/v2\/comments?post=12051"}],"wp:featuredmedia":[{"embeddable":true,"href":"https:\/\/www.cfaebooks.com\/fr\/wp-json\/wp\/v2\/media\/12056"}],"wp:attachment":[{"href":"https:\/\/www.cfaebooks.com\/fr\/wp-json\/wp\/v2\/media?parent=12051"}],"wp:term":[{"taxonomy":"product_brand","embeddable":true,"href":"https:\/\/www.cfaebooks.com\/fr\/wp-json\/wp\/v2\/product_brand?post=12051"},{"taxonomy":"product_cat","embeddable":true,"href":"https:\/\/www.cfaebooks.com\/fr\/wp-json\/wp\/v2\/product_cat?post=12051"},{"taxonomy":"product_tag","embeddable":true,"href":"https:\/\/www.cfaebooks.com\/fr\/wp-json\/wp\/v2\/product_tag?post=12051"}],"curies":[{"name":"wp","href":"https:\/\/api.w.org\/{rel}","templated":true}]}}