{"id":12048,"date":"2025-03-12T01:09:58","date_gmt":"2025-03-12T01:09:58","guid":{"rendered":"https:\/\/www.cfaebooks.com\/?post_type=product&#038;p=12048"},"modified":"2026-04-03T08:02:10","modified_gmt":"2026-04-03T08:02:10","slug":"programme-detudes-cfa-2025-niveau-iii-ensemble-complet-des-3-parcours-2","status":"publish","type":"product","link":"https:\/\/www.cfaebooks.com\/fr\/products\/programme-detudes-cfa-2025-niveau-iii-ensemble-complet-des-3-parcours-2\/","title":{"rendered":"Curriculum du programme CFA 2025 Niveau III Ensemble complet des 3 parcours"},"content":{"rendered":"<p>La vente porte sur un livre \u00e9lectronique 2025 CFA Program Curriculum Level III Full Set All Pathways PDF.<\/p>\n\n\n\n<p>Les volumes comprennent<\/p>\n\n\n\n<ul class=\"wp-block-list\">\n<li>Cursus de base\n<ul class=\"wp-block-list\">\n<li>Volume 1 : Allocation d'actifs<\/li>\n\n\n\n<li>Volume 2 : Construction du portefeuille<\/li>\n\n\n\n<li>Volume 3 : Mesure de la performance<\/li>\n\n\n\n<li>Volume 4 : Produits d\u00e9riv\u00e9s et gestion des risques<\/li>\n\n\n\n<li>Volume 5 : Normes \u00e9thiques et professionnelles<\/li>\n<\/ul>\n<\/li>\n\n\n\n<li>Parcours de gestion de portefeuille\n<ul class=\"wp-block-list\">\n<li>Volume 1 : Parcours de gestion de portefeuille<\/li>\n\n\n\n<li>Volume 2 : Parcours de gestion de portefeuille<\/li>\n<\/ul>\n<\/li>\n\n\n\n<li>Parcours des march\u00e9s priv\u00e9s\n<ul class=\"wp-block-list\">\n<li>Volume 1 : Parcours des march\u00e9s priv\u00e9s<\/li>\n\n\n\n<li>Volume 2 La fili\u00e8re des march\u00e9s priv\u00e9s<\/li>\n<\/ul>\n<\/li>\n\n\n\n<li>Parcours du patrimoine priv\u00e9\n<ul class=\"wp-block-list\">\n<li>Volume 1 : Parcours du patrimoine priv\u00e9<\/li>\n\n\n\n<li>Volume 2 Le parcours du patrimoine priv\u00e9<\/li>\n<\/ul>\n<\/li>\n<\/ul>\n\n\n\n<p>Le texte peut \u00eatre recherch\u00e9 \u00e0 l'aide de la fonction de recherche de votre clavier d'ordinateur \"ctrl+f\" et \u00e0 l'aide de la fonction de recherche de votre smartphone\/tablette. Il ne s'agit pas d'un livre physique, mais d'une copie num\u00e9rique au format PDF. Ne l'achetez pas si vous souhaitez une copie physique. <\/p>\n\n\n\n<p>Apr\u00e8s avoir pass\u00e9 la commande, vous pouvez t\u00e9l\u00e9charger le livre \u00e9lectronique imm\u00e9diatement.<\/p>","protected":false},"excerpt":{"rendered":"<p>For sale is an e-book 2025 CFA Program Curriculum Level III Full Set All Pathways PDF. Volumes include: The text is searchable using the find feature on your computer keyboard &#8216;ctrl+f&#8217; and through search on your smartphone\/tablet. This is not a physical book it is a\u00a0PDF\u00a0digital copy. Please do not purchase if you want a [&hellip;]<\/p>\n","protected":false},"featured_media":12049,"comment_status":"closed","ping_status":"closed","template":"","meta":[],"product_brand":[],"product_cat":[265],"product_tag":[261,93,88,90,267,91,92,167],"class_list":{"0":"post-12048","1":"product","2":"type-product","3":"status-publish","4":"has-post-thumbnail","6":"product_cat-cfa-level-3","7":"product_tag-cfa-2025","8":"product_tag-cfa-books","9":"product_tag-cfa-ebooks","10":"product_tag-cfa-exam","11":"product_tag-cfa-level-3-2025","12":"product_tag-cfa-prep","13":"product_tag-cfa-test","14":"product_tag-ift","16":"first","17":"instock","18":"downloadable","19":"virtual","20":"sold-individually","21":"purchasable","22":"product-type-simple"},"_links":{"self":[{"href":"https:\/\/www.cfaebooks.com\/fr\/wp-json\/wp\/v2\/product\/12048","targetHints":{"allow":["GET"]}}],"collection":[{"href":"https:\/\/www.cfaebooks.com\/fr\/wp-json\/wp\/v2\/product"}],"about":[{"href":"https:\/\/www.cfaebooks.com\/fr\/wp-json\/wp\/v2\/types\/product"}],"replies":[{"embeddable":true,"href":"https:\/\/www.cfaebooks.com\/fr\/wp-json\/wp\/v2\/comments?post=12048"}],"wp:featuredmedia":[{"embeddable":true,"href":"https:\/\/www.cfaebooks.com\/fr\/wp-json\/wp\/v2\/media\/12049"}],"wp:attachment":[{"href":"https:\/\/www.cfaebooks.com\/fr\/wp-json\/wp\/v2\/media?parent=12048"}],"wp:term":[{"taxonomy":"product_brand","embeddable":true,"href":"https:\/\/www.cfaebooks.com\/fr\/wp-json\/wp\/v2\/product_brand?post=12048"},{"taxonomy":"product_cat","embeddable":true,"href":"https:\/\/www.cfaebooks.com\/fr\/wp-json\/wp\/v2\/product_cat?post=12048"},{"taxonomy":"product_tag","embeddable":true,"href":"https:\/\/www.cfaebooks.com\/fr\/wp-json\/wp\/v2\/product_tag?post=12048"}],"curies":[{"name":"wp","href":"https:\/\/api.w.org\/{rel}","templated":true}]}}