{"id":11889,"date":"2025-02-09T15:08:23","date_gmt":"2025-02-09T15:08:23","guid":{"rendered":"https:\/\/www.cfaebooks.com\/?post_type=product&#038;p=11889"},"modified":"2026-04-03T08:02:05","modified_gmt":"2026-04-03T08:02:05","slug":"2025-cfa-level-1-schweser-notes-with-quicksheet","status":"publish","type":"product","link":"https:\/\/www.cfaebooks.com\/fr\/products\/2025-cfa-level-1-schweser-notes-with-quicksheet\/","title":{"rendered":"2025 CFA Niveau 1 Notes Schweser avec Quicksheet"},"content":{"rendered":"<p>A vendre est un livre \u00e9lectronique 2025 CFA Schweser Notes Level 1 with Quicksheet.<\/p>\n\n\n\n<p>Comprend un ensemble de 4 livres : <\/p>\n\n\n\n<ul class=\"wp-block-list\">\n<li>Livre 1 : M\u00e9thodes quantitatives, \u00e9conomie et \u00e9metteurs priv\u00e9s<\/li>\n\n\n\n<li>Livre 2 : Analyse des \u00e9tats financiers et investissements en actions<\/li>\n\n\n\n<li>Livre 3 : Revenu fixe et produits d\u00e9riv\u00e9s<\/li>\n\n\n\n<li>Livre 4 : Investissements alternatifs, gestion de portefeuille et normes \u00e9thiques et professionnelles<\/li>\n\n\n\n<li>La Quicksheet comporte 6 pages au total<\/li>\n<\/ul>\n\n\n\n<p>Le texte peut \u00eatre recherch\u00e9 \u00e0 l'aide de la fonction de recherche de votre clavier d'ordinateur \"ctrl+f\" et \u00e0 l'aide de la fonction de recherche de votre smartphone\/tablette. Il ne s'agit pas de livres physiques, mais de copies num\u00e9riques au format PDF. N'achetez pas ces livres si vous souhaitez une copie physique. Apr\u00e8s l'achat, vous pouvez t\u00e9l\u00e9charger les livres \u00e9lectroniques imm\u00e9diatement.<\/p>","protected":false},"excerpt":{"rendered":"<p>For sale is an e-Book 2025 CFA Schweser Notes Level 1 with Quicksheet. Includes Set of 4 books: The text is searchable using the find feature on your computer keyboard &#8216;ctrl+f&#8217; and through search on your smartphone\/tablet. These are not physical books they are PDF digital copies. Please do not purchase if you want a [&hellip;]<\/p>\n","protected":false},"featured_media":11891,"comment_status":"closed","ping_status":"closed","template":"","meta":[],"product_brand":[],"product_cat":[260],"product_tag":[261,93,88,90,87,91,92,168],"class_list":{"0":"post-11889","1":"product","2":"type-product","3":"status-publish","4":"has-post-thumbnail","6":"product_cat-cfa-level-1","7":"product_tag-cfa-2025","8":"product_tag-cfa-books","9":"product_tag-cfa-ebooks","10":"product_tag-cfa-exam","11":"product_tag-cfa-level-i","12":"product_tag-cfa-prep","13":"product_tag-cfa-test","14":"product_tag-study-notes","16":"first","17":"instock","18":"downloadable","19":"virtual","20":"sold-individually","21":"purchasable","22":"product-type-simple"},"_links":{"self":[{"href":"https:\/\/www.cfaebooks.com\/fr\/wp-json\/wp\/v2\/product\/11889","targetHints":{"allow":["GET"]}}],"collection":[{"href":"https:\/\/www.cfaebooks.com\/fr\/wp-json\/wp\/v2\/product"}],"about":[{"href":"https:\/\/www.cfaebooks.com\/fr\/wp-json\/wp\/v2\/types\/product"}],"replies":[{"embeddable":true,"href":"https:\/\/www.cfaebooks.com\/fr\/wp-json\/wp\/v2\/comments?post=11889"}],"wp:featuredmedia":[{"embeddable":true,"href":"https:\/\/www.cfaebooks.com\/fr\/wp-json\/wp\/v2\/media\/11891"}],"wp:attachment":[{"href":"https:\/\/www.cfaebooks.com\/fr\/wp-json\/wp\/v2\/media?parent=11889"}],"wp:term":[{"taxonomy":"product_brand","embeddable":true,"href":"https:\/\/www.cfaebooks.com\/fr\/wp-json\/wp\/v2\/product_brand?post=11889"},{"taxonomy":"product_cat","embeddable":true,"href":"https:\/\/www.cfaebooks.com\/fr\/wp-json\/wp\/v2\/product_cat?post=11889"},{"taxonomy":"product_tag","embeddable":true,"href":"https:\/\/www.cfaebooks.com\/fr\/wp-json\/wp\/v2\/product_tag?post=11889"}],"curies":[{"name":"wp","href":"https:\/\/api.w.org\/{rel}","templated":true}]}}