{"id":11866,"date":"2025-05-03T02:54:41","date_gmt":"2025-05-03T02:54:41","guid":{"rendered":"https:\/\/www.cfaebooks.com\/?post_type=product&#038;p=11866"},"modified":"2026-04-03T08:02:02","modified_gmt":"2026-04-03T08:02:02","slug":"cfa-2025-level-3-ift-high-yield-notes-all-3-pathways","status":"publish","type":"product","link":"https:\/\/www.cfaebooks.com\/fr\/products\/cfa-2025-level-3-ift-high-yield-notes-all-3-pathways\/","title":{"rendered":"CFA 2025 Niveau 3 IFT High Yield Notes All 3 Pathways"},"content":{"rendered":"<p>Nous vendons un livre \u00e9lectronique 2025 CFA Level 3 IFT High Yield Notes All Pathways PDF.<\/p>\n\n\n\n<p><strong>Sujet inclus :<\/strong><\/p>\n\n\n\n<ul class=\"wp-block-list\">\n<li>Volume 1 - Allocation d'actifs<\/li>\n\n\n\n<li>Volume 2 - Construction du portefeuille<\/li>\n\n\n\n<li>Volume 3 - Mesure de la performance<\/li>\n\n\n\n<li>Volume 4 - Produits d\u00e9riv\u00e9s et gestion des risques<\/li>\n\n\n\n<li>Volume 5 - Normes \u00e9thiques et professionnelles<\/li>\n\n\n\n<li>Parcours de gestion de portefeuille<\/li>\n\n\n\n<li>Parcours des march\u00e9s priv\u00e9s<\/li>\n\n\n\n<li>Parcours du patrimoine priv\u00e9<\/li>\n<\/ul>\n\n\n\n<p>Apr\u00e8s avoir r\u00e9gl\u00e9 votre commande, vous pouvez t\u00e9l\u00e9charger le livre \u00e9lectronique imm\u00e9diatement. Il ne s'agit pas d'un livre physique, mais d'une copie num\u00e9rique au format PDF. N'achetez pas ce livre si vous souhaitez une copie physique.<\/p>","protected":false},"excerpt":{"rendered":"<p>For sale is an e-Book 2025 CFA Level 3 IFT High Yield Notes All Pathways PDF. Topic Included: After checkout you can download the e-Book immediately. This is not a physical book it is a&nbsp;PDF&nbsp;digital copy. Please do not purchase if you want a physical hard copy.<\/p>","protected":false},"featured_media":12518,"comment_status":"closed","ping_status":"closed","template":"","meta":[],"product_brand":[],"product_cat":[265],"product_tag":[261,93,88,90,180,267,91,92,335,167,332],"class_list":{"0":"post-11866","1":"product","2":"type-product","3":"status-publish","4":"has-post-thumbnail","6":"product_cat-cfa-level-3","7":"product_tag-cfa-2025","8":"product_tag-cfa-books","9":"product_tag-cfa-ebooks","10":"product_tag-cfa-exam","11":"product_tag-cfa-level-3","12":"product_tag-cfa-level-3-2025","13":"product_tag-cfa-prep","14":"product_tag-cfa-test","15":"product_tag-high-yield-notes","16":"product_tag-ift","17":"product_tag-ift-2025","19":"first","20":"instock","21":"downloadable","22":"virtual","23":"sold-individually","24":"purchasable","25":"product-type-simple"},"_links":{"self":[{"href":"https:\/\/www.cfaebooks.com\/fr\/wp-json\/wp\/v2\/product\/11866","targetHints":{"allow":["GET"]}}],"collection":[{"href":"https:\/\/www.cfaebooks.com\/fr\/wp-json\/wp\/v2\/product"}],"about":[{"href":"https:\/\/www.cfaebooks.com\/fr\/wp-json\/wp\/v2\/types\/product"}],"replies":[{"embeddable":true,"href":"https:\/\/www.cfaebooks.com\/fr\/wp-json\/wp\/v2\/comments?post=11866"}],"wp:featuredmedia":[{"embeddable":true,"href":"https:\/\/www.cfaebooks.com\/fr\/wp-json\/wp\/v2\/media\/12518"}],"wp:attachment":[{"href":"https:\/\/www.cfaebooks.com\/fr\/wp-json\/wp\/v2\/media?parent=11866"}],"wp:term":[{"taxonomy":"product_brand","embeddable":true,"href":"https:\/\/www.cfaebooks.com\/fr\/wp-json\/wp\/v2\/product_brand?post=11866"},{"taxonomy":"product_cat","embeddable":true,"href":"https:\/\/www.cfaebooks.com\/fr\/wp-json\/wp\/v2\/product_cat?post=11866"},{"taxonomy":"product_tag","embeddable":true,"href":"https:\/\/www.cfaebooks.com\/fr\/wp-json\/wp\/v2\/product_tag?post=11866"}],"curies":[{"name":"wp","href":"https:\/\/api.w.org\/{rel}","templated":true}]}}