{"id":11797,"date":"2025-01-30T03:11:26","date_gmt":"2025-01-30T03:11:26","guid":{"rendered":"https:\/\/www.cfaebooks.com\/?post_type=product&#038;p=11797"},"modified":"2026-04-03T08:01:55","modified_gmt":"2026-04-03T08:01:55","slug":"2025-cfa-institute-premium-pack-level-1","status":"publish","type":"product","link":"https:\/\/www.cfaebooks.com\/fr\/products\/2025-cfa-institute-premium-pack-level-1\/","title":{"rendered":"2025 CFA Institute Premium Pack Niveau 1"},"content":{"rendered":"<p>A vendre est un e-book\u00a0<strong>2025 CFA Institute Premium Pack Niveau 1<\/strong> PDF. <\/p>\n\n\n\n<p>Il s'agit d'une ressource d'\u00e9tude num\u00e9rique compl\u00e8te con\u00e7ue pour am\u00e9liorer votre pr\u00e9paration \u00e0 l'examen gr\u00e2ce \u00e0 des questions pratiques et des examens blancs de haute qualit\u00e9.<\/p>\n\n\n\n<ul class=\"wp-block-list\">\n<li>Comprend des questions et des r\u00e9ponses pour chaque question.<\/li>\n<\/ul>\n\n\n\n<p>Il s'agit d'un\u00a0<strong>paquet num\u00e9rique<\/strong>-Il ne s'agit pas d'un produit physique. Ne les achetez pas si vous pr\u00e9f\u00e9rez les copies papier. Apr\u00e8s avoir pass\u00e9 la commande, vous pouvez t\u00e9l\u00e9charger les livres \u00e9lectroniques imm\u00e9diatement.<\/p>","protected":false},"excerpt":{"rendered":"<p>For sale is an e-book\u00a02025 CFA Institute Premium Pack Level 1 PDF. It is a comprehensive digital study resource designed to enhance your exam preparation with high-quality practice questions and mock exams. This is a\u00a0digital package\u2014not a physical product. Please do not purchase if you prefer hard copies. After checkout you can download the e-Books [&hellip;]<\/p>\n","protected":false},"featured_media":11798,"comment_status":"closed","ping_status":"closed","template":"","meta":[],"product_brand":[],"product_cat":[260],"product_tag":[261,93,88,90,268,87,334,91,92,333],"class_list":{"0":"post-11797","1":"product","2":"type-product","3":"status-publish","4":"has-post-thumbnail","6":"product_cat-cfa-level-1","7":"product_tag-cfa-2025","8":"product_tag-cfa-books","9":"product_tag-cfa-ebooks","10":"product_tag-cfa-exam","11":"product_tag-cfa-level-1-2025","12":"product_tag-cfa-level-i","13":"product_tag-cfa-practice-pack","14":"product_tag-cfa-prep","15":"product_tag-cfa-test","16":"product_tag-premium-practice-pack","18":"first","19":"instock","20":"downloadable","21":"virtual","22":"sold-individually","23":"purchasable","24":"product-type-simple"},"_links":{"self":[{"href":"https:\/\/www.cfaebooks.com\/fr\/wp-json\/wp\/v2\/product\/11797","targetHints":{"allow":["GET"]}}],"collection":[{"href":"https:\/\/www.cfaebooks.com\/fr\/wp-json\/wp\/v2\/product"}],"about":[{"href":"https:\/\/www.cfaebooks.com\/fr\/wp-json\/wp\/v2\/types\/product"}],"replies":[{"embeddable":true,"href":"https:\/\/www.cfaebooks.com\/fr\/wp-json\/wp\/v2\/comments?post=11797"}],"wp:featuredmedia":[{"embeddable":true,"href":"https:\/\/www.cfaebooks.com\/fr\/wp-json\/wp\/v2\/media\/11798"}],"wp:attachment":[{"href":"https:\/\/www.cfaebooks.com\/fr\/wp-json\/wp\/v2\/media?parent=11797"}],"wp:term":[{"taxonomy":"product_brand","embeddable":true,"href":"https:\/\/www.cfaebooks.com\/fr\/wp-json\/wp\/v2\/product_brand?post=11797"},{"taxonomy":"product_cat","embeddable":true,"href":"https:\/\/www.cfaebooks.com\/fr\/wp-json\/wp\/v2\/product_cat?post=11797"},{"taxonomy":"product_tag","embeddable":true,"href":"https:\/\/www.cfaebooks.com\/fr\/wp-json\/wp\/v2\/product_tag?post=11797"}],"curies":[{"name":"wp","href":"https:\/\/api.w.org\/{rel}","templated":true}]}}