{"id":11686,"date":"2025-10-09T17:20:07","date_gmt":"2025-10-09T17:20:07","guid":{"rendered":"https:\/\/www.cfaebooks.com\/?post_type=product&#038;p=11686"},"modified":"2026-04-03T08:01:48","modified_gmt":"2026-04-03T08:01:48","slug":"offre-groupee-cfa-niveau-4","status":"publish","type":"product","link":"https:\/\/www.cfaebooks.com\/fr\/products\/offre-groupee-cfa-niveau-4\/","title":{"rendered":"2026 CFA Level 2 Bundle"},"content":{"rendered":"<p><strong>2026 CFA Level 2 Bundle<\/strong> L'offre vous permet <strong>choisir 4 supports d'\u00e9tude CFA<\/strong> - comprenant des notes, des banques de questions, des examens blancs et des le\u00e7ons vid\u00e9o.<\/p>\n\n\n\n<p><strong>Ce qui est inclus :<\/strong><\/p>\n\n\n\n<ul class=\"wp-block-list\">\n<li>Choisir <strong>les 4 mat\u00e9riels d'\u00e9tude<\/strong> de <strong>CFA niveau 2<\/strong><\/li>\n\n\n\n<li>T\u00e9l\u00e9chargement instantan\u00e9 apr\u00e8s la commande<\/li>\n\n\n\n<li>Couverture compl\u00e8te de l'ensemble des <strong>Th\u00e8mes du niveau 2 du CFA<\/strong><\/li>\n\n\n\n<li>Le texte peut \u00eatre recherch\u00e9 \u00e0 l'aide de la fonction de recherche du clavier de votre ordinateur \"ctrl+f\" et \u00e0 l'aide de la fonction de recherche de votre smartphone\/tablette.<\/li>\n\n\n\n<li>Le\u00e7ons vid\u00e9o au format MP4<\/li>\n<\/ul>\n\n\n\n<p><strong>Pourquoi choisir cette offre group\u00e9e :<\/strong><\/p>\n\n\n\n<ul class=\"wp-block-list\">\n<li>Personnalisez votre propre kit d'apprentissage<\/li>\n\n\n\n<li>\u00c9conomiser davantage par rapport aux achats individuels<\/li>\n\n\n\n<li>Obtenir les derniers supports d'\u00e9tude du CFA niveau 2<\/li>\n<\/ul>","protected":false},"excerpt":{"rendered":"<p>2026 CFA Level 2 Bundle offer lets you choose any 4 CFA study materials \u2014 including notes, question banks, mock exams and video lessons. What\u2019s included: Why choose this bundle:<\/p>","protected":false},"featured_media":17116,"comment_status":"closed","ping_status":"closed","template":"","meta":[],"product_brand":[],"product_cat":[273],"product_tag":[93,88,90,178,91,92],"class_list":{"0":"post-11686","1":"product","2":"type-product","3":"status-publish","4":"has-post-thumbnail","6":"product_cat-cfa-bundles","7":"product_tag-cfa-books","8":"product_tag-cfa-ebooks","9":"product_tag-cfa-exam","10":"product_tag-cfa-level-2","11":"product_tag-cfa-prep","12":"product_tag-cfa-test","14":"first","15":"instock","16":"downloadable","17":"virtual","18":"sold-individually","19":"purchasable","20":"product-type-bopobb"},"_links":{"self":[{"href":"https:\/\/www.cfaebooks.com\/fr\/wp-json\/wp\/v2\/product\/11686","targetHints":{"allow":["GET"]}}],"collection":[{"href":"https:\/\/www.cfaebooks.com\/fr\/wp-json\/wp\/v2\/product"}],"about":[{"href":"https:\/\/www.cfaebooks.com\/fr\/wp-json\/wp\/v2\/types\/product"}],"replies":[{"embeddable":true,"href":"https:\/\/www.cfaebooks.com\/fr\/wp-json\/wp\/v2\/comments?post=11686"}],"wp:featuredmedia":[{"embeddable":true,"href":"https:\/\/www.cfaebooks.com\/fr\/wp-json\/wp\/v2\/media\/17116"}],"wp:attachment":[{"href":"https:\/\/www.cfaebooks.com\/fr\/wp-json\/wp\/v2\/media?parent=11686"}],"wp:term":[{"taxonomy":"product_brand","embeddable":true,"href":"https:\/\/www.cfaebooks.com\/fr\/wp-json\/wp\/v2\/product_brand?post=11686"},{"taxonomy":"product_cat","embeddable":true,"href":"https:\/\/www.cfaebooks.com\/fr\/wp-json\/wp\/v2\/product_cat?post=11686"},{"taxonomy":"product_tag","embeddable":true,"href":"https:\/\/www.cfaebooks.com\/fr\/wp-json\/wp\/v2\/product_tag?post=11686"}],"curies":[{"name":"wp","href":"https:\/\/api.w.org\/{rel}","templated":true}]}}