{"id":11612,"date":"2024-12-22T14:15:28","date_gmt":"2024-12-22T14:15:28","guid":{"rendered":"https:\/\/www.cfaebooks.com\/?post_type=product&#038;p=11612"},"modified":"2026-04-03T08:01:42","modified_gmt":"2026-04-03T08:01:42","slug":"2025-caia-level-2-schweser-notes-with-formula-sheet","status":"publish","type":"product","link":"https:\/\/www.cfaebooks.com\/fr\/products\/2025-caia-level-2-schweser-notes-with-formula-sheet\/","title":{"rendered":"2025 CAIA Niveau 2 Notes Schweser avec feuille de calcul"},"content":{"rendered":"<p>Nous vendons un livre \u00e9lectronique 2025 CAIA Schweser Notes Level 2 with Formula Sheet PDF.<\/p>\n\n\n\n<p><em>Comprend un ensemble de 3 livres : <\/em><\/p>\n\n\n\n<ul class=\"wp-block-list\">\n<li><em>Livre 1 - Propri\u00e9taires d'actifs institutionnels, allocation d'actifs et gestion des risques<\/em><\/li>\n\n\n\n<li><em>Livre 2 : M\u00e9thodes et mod\u00e8les, Acc\u00e8s aux investissements alternatifs, Due Diligence, Actifs r\u00e9els et Capital-investissement<\/em><\/li>\n\n\n\n<li><em>Livre 3 : Volatilit\u00e9 et strat\u00e9gies complexes, consid\u00e9rations universelles d'investissement et sujets \u00e9mergents.<\/em><\/li>\n<\/ul>\n\n\n\n<p>Il ne s'agit pas d'un livre physique, mais d'une copie num\u00e9rique au format PDF. Ne l'achetez pas si vous souhaitez une copie physique. Apr\u00e8s avoir pass\u00e9 la commande, vous pouvez t\u00e9l\u00e9charger le livre \u00e9lectronique instantan\u00e9ment.<\/p>","protected":false},"excerpt":{"rendered":"<p>For sale is an e-Book 2025 CAIA Schweser Notes Level 2 with Formula Sheet PDF. Includes Set of 3 books: This is not a physical book it is a&nbsp;PDF&nbsp;digital copy. Please do not purchase if you want a physical hard copy. After checkout you can download the e-Book instantly.<\/p>","protected":false},"featured_media":11614,"comment_status":"closed","ping_status":"closed","template":"","meta":[],"product_brand":[],"product_cat":[318],"product_tag":[247,319,320,251,250,248,321,322,252,249],"class_list":{"0":"post-11612","1":"product","2":"type-product","3":"status-publish","4":"has-post-thumbnail","6":"product_cat-caia-level-2","7":"product_tag-caia","8":"product_tag-caia-2025","9":"product_tag-caia-2025-study-notes","10":"product_tag-caia-books","11":"product_tag-caia-ebooks","12":"product_tag-caia-exam","13":"product_tag-caia-formula-sheet","14":"product_tag-caia-level-2","15":"product_tag-caia-prep","16":"product_tag-caia-test","18":"first","19":"instock","20":"downloadable","21":"virtual","22":"sold-individually","23":"purchasable","24":"product-type-simple"},"_links":{"self":[{"href":"https:\/\/www.cfaebooks.com\/fr\/wp-json\/wp\/v2\/product\/11612","targetHints":{"allow":["GET"]}}],"collection":[{"href":"https:\/\/www.cfaebooks.com\/fr\/wp-json\/wp\/v2\/product"}],"about":[{"href":"https:\/\/www.cfaebooks.com\/fr\/wp-json\/wp\/v2\/types\/product"}],"replies":[{"embeddable":true,"href":"https:\/\/www.cfaebooks.com\/fr\/wp-json\/wp\/v2\/comments?post=11612"}],"wp:featuredmedia":[{"embeddable":true,"href":"https:\/\/www.cfaebooks.com\/fr\/wp-json\/wp\/v2\/media\/11614"}],"wp:attachment":[{"href":"https:\/\/www.cfaebooks.com\/fr\/wp-json\/wp\/v2\/media?parent=11612"}],"wp:term":[{"taxonomy":"product_brand","embeddable":true,"href":"https:\/\/www.cfaebooks.com\/fr\/wp-json\/wp\/v2\/product_brand?post=11612"},{"taxonomy":"product_cat","embeddable":true,"href":"https:\/\/www.cfaebooks.com\/fr\/wp-json\/wp\/v2\/product_cat?post=11612"},{"taxonomy":"product_tag","embeddable":true,"href":"https:\/\/www.cfaebooks.com\/fr\/wp-json\/wp\/v2\/product_tag?post=11612"}],"curies":[{"name":"wp","href":"https:\/\/api.w.org\/{rel}","templated":true}]}}