{"id":11577,"date":"2024-12-20T11:33:44","date_gmt":"2024-12-20T11:33:44","guid":{"rendered":"https:\/\/www.cfaebooks.com\/?post_type=product&#038;p=11577"},"modified":"2026-04-03T08:01:34","modified_gmt":"2026-04-03T08:01:34","slug":"2025-frm-garp-handbook-part-2-full-set-book-1-5","status":"publish","type":"product","link":"https:\/\/www.cfaebooks.com\/fr\/products\/2025-frm-garp-handbook-part-2-full-set-book-1-5\/","title":{"rendered":"2025 FRM GARP Handbook Part 2 Full Set Book 1 - 5"},"content":{"rendered":"<p>Le livre \u00e9lectronique 2025 FRM Part 2 GARP Handbook Full Set Book 1 - 5 PDF est en vente.<\/p>\n\n\n\n<p>Comprend un ensemble de 5 livres : <\/p>\n\n\n\n<ul class=\"wp-block-list\">\n<li>Livre 1 - Mesure et gestion du risque de march\u00e9<\/li>\n\n\n\n<li>Livre 2 - Mesure et gestion du risque de cr\u00e9dit<\/li>\n\n\n\n<li>Livre 3 - Risque op\u00e9rationnel et r\u00e9silience<\/li>\n\n\n\n<li>Livre 4 - Mesure du risque de liquidit\u00e9 et de tr\u00e9sorerie<\/li>\n\n\n\n<li>Livre 5 - Gestion des risques et des investissements.<\/li>\n<\/ul>\n\n\n\n<p>Il ne s'agit pas d'un livre physique, mais d'une copie num\u00e9rique au format PDF. Ne l'achetez pas si vous souhaitez une copie physique. Apr\u00e8s avoir pass\u00e9 la commande, vous pouvez t\u00e9l\u00e9charger le livre \u00e9lectronique instantan\u00e9ment.<\/p>","protected":false},"excerpt":{"rendered":"<p>For sale is an e-Book 2025 FRM Part 2 GARP Handbook Full Set Book 1 &#8211; 5 PDF. Includes Set of 5 books: This is not a physical book it is a\u00a0PDF\u00a0digital copy. Please do not purchase if you want a physical hard copy. After checkout you can download the e-Book instantly.<\/p>","protected":false},"featured_media":11578,"comment_status":"closed","ping_status":"closed","template":"","meta":[],"product_brand":[],"product_cat":[325],"product_tag":[184,326,185,186,181,328,188,329,182,183,187],"class_list":{"0":"post-11577","1":"product","2":"type-product","3":"status-publish","4":"has-post-thumbnail","6":"product_cat-frm-part-2","7":"product_tag-frm","8":"product_tag-frm-2025","9":"product_tag-frm-books","10":"product_tag-frm-ebooks","11":"product_tag-frm-exam","12":"product_tag-frm-handbook","13":"product_tag-frm-part-2","14":"product_tag-frm-part-2-2025","15":"product_tag-frm-prep","16":"product_tag-frm-test","17":"product_tag-garp","19":"first","20":"instock","21":"downloadable","22":"virtual","23":"sold-individually","24":"purchasable","25":"product-type-simple"},"_links":{"self":[{"href":"https:\/\/www.cfaebooks.com\/fr\/wp-json\/wp\/v2\/product\/11577","targetHints":{"allow":["GET"]}}],"collection":[{"href":"https:\/\/www.cfaebooks.com\/fr\/wp-json\/wp\/v2\/product"}],"about":[{"href":"https:\/\/www.cfaebooks.com\/fr\/wp-json\/wp\/v2\/types\/product"}],"replies":[{"embeddable":true,"href":"https:\/\/www.cfaebooks.com\/fr\/wp-json\/wp\/v2\/comments?post=11577"}],"wp:featuredmedia":[{"embeddable":true,"href":"https:\/\/www.cfaebooks.com\/fr\/wp-json\/wp\/v2\/media\/11578"}],"wp:attachment":[{"href":"https:\/\/www.cfaebooks.com\/fr\/wp-json\/wp\/v2\/media?parent=11577"}],"wp:term":[{"taxonomy":"product_brand","embeddable":true,"href":"https:\/\/www.cfaebooks.com\/fr\/wp-json\/wp\/v2\/product_brand?post=11577"},{"taxonomy":"product_cat","embeddable":true,"href":"https:\/\/www.cfaebooks.com\/fr\/wp-json\/wp\/v2\/product_cat?post=11577"},{"taxonomy":"product_tag","embeddable":true,"href":"https:\/\/www.cfaebooks.com\/fr\/wp-json\/wp\/v2\/product_tag?post=11577"}],"curies":[{"name":"wp","href":"https:\/\/api.w.org\/{rel}","templated":true}]}}