{"id":11057,"date":"2024-10-30T15:58:23","date_gmt":"2024-10-30T15:58:23","guid":{"rendered":"https:\/\/www.cfaebooks.com\/?post_type=product&#038;p=11057"},"modified":"2026-04-03T08:00:58","modified_gmt":"2026-04-03T08:00:58","slug":"2025-cfa-schweser-video-lectures-level-3-with-workbook-portfolio-management-pathway","status":"publish","type":"product","link":"https:\/\/www.cfaebooks.com\/fr\/products\/2025-cfa-schweser-video-lectures-level-3-with-workbook-portfolio-management-pathway\/","title":{"rendered":"2025 CFA Schweser Video Lectures Level 3 with Workbook Portfolio Management Pathway (en anglais)"},"content":{"rendered":"<p>Nous vous proposons \u00e0 la vente les 2025 cours vid\u00e9o CFA Schweser de niveau 3 sur la gestion de portefeuille, avec le manuel d'exercices.<\/p>\n\n\n\n<p>Comprend les sujets suivants : <\/p>\n\n\n\n<ul class=\"wp-block-list\">\n<li><em>Allocation d'actifs<\/em><\/li>\n\n\n\n<li><em>Construction du portefeuille<\/em><\/li>\n\n\n\n<li><em>Mesure de la performance<\/em><\/li>\n\n\n\n<li><em>Produits d\u00e9riv\u00e9s et gestion des risques<\/em><\/li>\n\n\n\n<li><em>Normes \u00e9thiques et professionnelles et parcours de gestion de portefeuille<\/em>. <\/li>\n<\/ul>\n\n\n\n<p>Apr\u00e8s avoir pass\u00e9 la commande, vous pouvez t\u00e9l\u00e9charger imm\u00e9diatement la vid\u00e9o et le cahier d'exercices.<\/p>","protected":false},"excerpt":{"rendered":"<p>For sale is the 2025 CFA Schweser Video Lectures Level 3 Portfolio Management Pathway with Workbook. Includes the following topics: After checkout you can download the video and workbook immediately.<\/p>","protected":false},"featured_media":11063,"comment_status":"closed","ping_status":"closed","template":"","meta":[],"product_brand":[],"product_cat":[265,269],"product_tag":[261,93,88,90,180,267,91,92,302,303,175,271,270],"class_list":{"0":"post-11057","1":"product","2":"type-product","3":"status-publish","4":"has-post-thumbnail","6":"product_cat-cfa-level-3","7":"product_cat-cfa-video-lectures","8":"product_tag-cfa-2025","9":"product_tag-cfa-books","10":"product_tag-cfa-ebooks","11":"product_tag-cfa-exam","12":"product_tag-cfa-level-3","13":"product_tag-cfa-level-3-2025","14":"product_tag-cfa-prep","15":"product_tag-cfa-test","16":"product_tag-cfa-video-lectures","17":"product_tag-cfa-video-lessons","18":"product_tag-video","19":"product_tag-video-lectures","20":"product_tag-video-lessons","22":"first","23":"instock","24":"downloadable","25":"virtual","26":"sold-individually","27":"purchasable","28":"product-type-simple"},"_links":{"self":[{"href":"https:\/\/www.cfaebooks.com\/fr\/wp-json\/wp\/v2\/product\/11057","targetHints":{"allow":["GET"]}}],"collection":[{"href":"https:\/\/www.cfaebooks.com\/fr\/wp-json\/wp\/v2\/product"}],"about":[{"href":"https:\/\/www.cfaebooks.com\/fr\/wp-json\/wp\/v2\/types\/product"}],"replies":[{"embeddable":true,"href":"https:\/\/www.cfaebooks.com\/fr\/wp-json\/wp\/v2\/comments?post=11057"}],"wp:featuredmedia":[{"embeddable":true,"href":"https:\/\/www.cfaebooks.com\/fr\/wp-json\/wp\/v2\/media\/11063"}],"wp:attachment":[{"href":"https:\/\/www.cfaebooks.com\/fr\/wp-json\/wp\/v2\/media?parent=11057"}],"wp:term":[{"taxonomy":"product_brand","embeddable":true,"href":"https:\/\/www.cfaebooks.com\/fr\/wp-json\/wp\/v2\/product_brand?post=11057"},{"taxonomy":"product_cat","embeddable":true,"href":"https:\/\/www.cfaebooks.com\/fr\/wp-json\/wp\/v2\/product_cat?post=11057"},{"taxonomy":"product_tag","embeddable":true,"href":"https:\/\/www.cfaebooks.com\/fr\/wp-json\/wp\/v2\/product_tag?post=11057"}],"curies":[{"name":"wp","href":"https:\/\/api.w.org\/{rel}","templated":true}]}}