{"id":11047,"date":"2024-10-30T14:45:56","date_gmt":"2024-10-30T14:45:56","guid":{"rendered":"https:\/\/www.cfaebooks.com\/?post_type=product&#038;p=11047"},"modified":"2026-04-03T08:00:56","modified_gmt":"2026-04-03T08:00:56","slug":"2025-banque-de-questions-cfa-niveau-3-parcours-de-gestion-de-portefeuille-2","status":"publish","type":"product","link":"https:\/\/www.cfaebooks.com\/fr\/products\/2025-banque-de-questions-cfa-niveau-3-parcours-de-gestion-de-portefeuille-2\/","title":{"rendered":"2025 CFA Question Bank Level 3 Portfolio Management Pathway (en anglais)"},"content":{"rendered":"<p>La vente porte sur un livre \u00e9lectronique 2025 CFA Level 3 Schweser Question Bank Portfolio Management Pathway PDF.<\/p>\n\n\n\n<p>Comprend les sujets suivants : <\/p>\n\n\n\n<ul class=\"wp-block-list\">\n<li><em>Allocation d'actifs<\/em><\/li>\n\n\n\n<li><em>Construction du portefeuille<\/em><\/li>\n\n\n\n<li><em>Mesure de la performance<\/em><\/li>\n\n\n\n<li><em>Produits d\u00e9riv\u00e9s et gestion des risques<\/em><\/li>\n\n\n\n<li><em>Normes \u00e9thiques et professionnelles et parcours de gestion de portefeuille<\/em>.<\/li>\n<\/ul>\n\n\n\n<p>Apr\u00e8s avoir r\u00e9gl\u00e9 votre commande, vous pouvez t\u00e9l\u00e9charger le livre \u00e9lectronique imm\u00e9diatement. Il ne s'agit pas d'un livre physique, mais d'une copie num\u00e9rique au format PDF. N'achetez pas ce livre si vous souhaitez une copie physique.<\/p>","protected":false},"excerpt":{"rendered":"<p>For sale is an e-Book 2025 CFA Level 3 Schweser Question Bank Portfolio Management Pathway PDF. Includes the following topics: After checkout you can download the e-Book immediately. This is not a physical book it is a&nbsp;PDF&nbsp;digital copy. Please do not purchase if you want a physical hard copy.<\/p>","protected":false},"featured_media":11048,"comment_status":"closed","ping_status":"closed","template":"","meta":[],"product_brand":[],"product_cat":[265],"product_tag":[261,93,88,90,174,180,267,308,91,166,92,162,161,163],"class_list":{"0":"post-11047","1":"product","2":"type-product","3":"status-publish","4":"has-post-thumbnail","6":"product_cat-cfa-level-3","7":"product_tag-cfa-2025","8":"product_tag-cfa-books","9":"product_tag-cfa-ebooks","10":"product_tag-cfa-exam","11":"product_tag-cfa-institute","12":"product_tag-cfa-level-3","13":"product_tag-cfa-level-3-2025","14":"product_tag-cfa-level-3-portfolio-management-pathway","15":"product_tag-cfa-prep","16":"product_tag-cfa-question-bank","17":"product_tag-cfa-test","18":"product_tag-qbank","19":"product_tag-question-bank","20":"product_tag-schweser-qbank","22":"first","23":"instock","24":"downloadable","25":"virtual","26":"sold-individually","27":"purchasable","28":"product-type-simple"},"_links":{"self":[{"href":"https:\/\/www.cfaebooks.com\/fr\/wp-json\/wp\/v2\/product\/11047","targetHints":{"allow":["GET"]}}],"collection":[{"href":"https:\/\/www.cfaebooks.com\/fr\/wp-json\/wp\/v2\/product"}],"about":[{"href":"https:\/\/www.cfaebooks.com\/fr\/wp-json\/wp\/v2\/types\/product"}],"replies":[{"embeddable":true,"href":"https:\/\/www.cfaebooks.com\/fr\/wp-json\/wp\/v2\/comments?post=11047"}],"wp:featuredmedia":[{"embeddable":true,"href":"https:\/\/www.cfaebooks.com\/fr\/wp-json\/wp\/v2\/media\/11048"}],"wp:attachment":[{"href":"https:\/\/www.cfaebooks.com\/fr\/wp-json\/wp\/v2\/media?parent=11047"}],"wp:term":[{"taxonomy":"product_brand","embeddable":true,"href":"https:\/\/www.cfaebooks.com\/fr\/wp-json\/wp\/v2\/product_brand?post=11047"},{"taxonomy":"product_cat","embeddable":true,"href":"https:\/\/www.cfaebooks.com\/fr\/wp-json\/wp\/v2\/product_cat?post=11047"},{"taxonomy":"product_tag","embeddable":true,"href":"https:\/\/www.cfaebooks.com\/fr\/wp-json\/wp\/v2\/product_tag?post=11047"}],"curies":[{"name":"wp","href":"https:\/\/api.w.org\/{rel}","templated":true}]}}