{"id":10941,"date":"2024-10-25T15:23:41","date_gmt":"2024-10-25T15:23:41","guid":{"rendered":"https:\/\/www.cfaebooks.com\/?post_type=product&#038;p=10941"},"modified":"2026-04-03T08:00:44","modified_gmt":"2026-04-03T08:00:44","slug":"2026-cfa-schweser-videos-niveau-1-avec-cahier-dexercices","status":"publish","type":"product","link":"https:\/\/www.cfaebooks.com\/fr\/products\/2026-cfa-schweser-videos-niveau-1-avec-cahier-dexercices\/","title":{"rendered":"Vid\u00e9os CFA Schweser 2026 - Niveau 1 avec cahier d'exercices"},"content":{"rendered":"<p>Le produit \u00e0 vendre est le <strong>Vid\u00e9os CFA Schweser 2026 - Niveau 1 avec cahier d'exercices<\/strong>.<\/p>\n\n\n\n<p>Comprend les 10 sujets suivants :&nbsp;<\/p>\n\n\n\n<ol class=\"wp-block-list\">\n<li><em><strong>M\u00e9thodes quantitatives<\/strong><\/em><\/li>\n\n\n\n<li><em><strong>\u00c9conomie<\/strong><\/em><\/li>\n\n\n\n<li><em><strong>Soci\u00e9t\u00e9s \u00e9mettrices<\/strong><\/em><\/li>\n\n\n\n<li><em><strong>Analyse des \u00e9tats financiers<\/strong><\/em><\/li>\n\n\n\n<li><em><strong>Investissements en actions<\/strong><\/em><\/li>\n\n\n\n<li><em><strong>Revenu fixe<\/strong><\/em><\/li>\n\n\n\n<li><em><strong> Produits d\u00e9riv\u00e9s<\/strong><\/em><\/li>\n\n\n\n<li><em><strong>Investissements alternatifs<\/strong><\/em><\/li>\n\n\n\n<li><em><strong>Gestion de portefeuille<\/strong><\/em><\/li>\n\n\n\n<li><em><strong>Normes \u00e9thiques et professionnelles. <\/strong><\/em><\/li>\n<\/ol>\n\n\n\n<p>Apr\u00e8s le paiement, vous pouvez t\u00e9l\u00e9charger la vid\u00e9o et la diapositive imm\u00e9diatement.<\/p>","protected":false},"excerpt":{"rendered":"<p>For sale is the 2026 CFA Schweser Videos Level 1 with Workbook. Includes the following 10 topics:&nbsp; After checkout you can download the video and slide immediately.<\/p>","protected":false},"featured_media":17261,"comment_status":"closed","ping_status":"closed","template":"","meta":[],"product_brand":[],"product_cat":[260,269],"product_tag":[369,93,90,370,87,91,92,302,303,272,271,270],"class_list":{"0":"post-10941","1":"product","2":"type-product","3":"status-publish","4":"has-post-thumbnail","6":"product_cat-cfa-level-1","7":"product_cat-cfa-video-lectures","8":"product_tag-cfa-2026","9":"product_tag-cfa-books","10":"product_tag-cfa-exam","11":"product_tag-cfa-level-1-2026","12":"product_tag-cfa-level-i","13":"product_tag-cfa-prep","14":"product_tag-cfa-test","15":"product_tag-cfa-video-lectures","16":"product_tag-cfa-video-lessons","17":"product_tag-prerequisite-program","18":"product_tag-video-lectures","19":"product_tag-video-lessons","21":"first","22":"instock","23":"downloadable","24":"virtual","25":"sold-individually","26":"purchasable","27":"product-type-simple"},"_links":{"self":[{"href":"https:\/\/www.cfaebooks.com\/fr\/wp-json\/wp\/v2\/product\/10941","targetHints":{"allow":["GET"]}}],"collection":[{"href":"https:\/\/www.cfaebooks.com\/fr\/wp-json\/wp\/v2\/product"}],"about":[{"href":"https:\/\/www.cfaebooks.com\/fr\/wp-json\/wp\/v2\/types\/product"}],"replies":[{"embeddable":true,"href":"https:\/\/www.cfaebooks.com\/fr\/wp-json\/wp\/v2\/comments?post=10941"}],"wp:featuredmedia":[{"embeddable":true,"href":"https:\/\/www.cfaebooks.com\/fr\/wp-json\/wp\/v2\/media\/17261"}],"wp:attachment":[{"href":"https:\/\/www.cfaebooks.com\/fr\/wp-json\/wp\/v2\/media?parent=10941"}],"wp:term":[{"taxonomy":"product_brand","embeddable":true,"href":"https:\/\/www.cfaebooks.com\/fr\/wp-json\/wp\/v2\/product_brand?post=10941"},{"taxonomy":"product_cat","embeddable":true,"href":"https:\/\/www.cfaebooks.com\/fr\/wp-json\/wp\/v2\/product_cat?post=10941"},{"taxonomy":"product_tag","embeddable":true,"href":"https:\/\/www.cfaebooks.com\/fr\/wp-json\/wp\/v2\/product_tag?post=10941"}],"curies":[{"name":"wp","href":"https:\/\/api.w.org\/{rel}","templated":true}]}}