{"id":10395,"date":"2024-09-11T00:14:17","date_gmt":"2024-09-11T00:14:17","guid":{"rendered":"https:\/\/www.cfaebooks.com\/?post_type=product&#038;p=10395"},"modified":"2026-04-03T07:59:46","modified_gmt":"2026-04-03T07:59:46","slug":"2025-cfa-level-1-analystprep-video-study-notes-qbank-and-formula-sheet","status":"publish","type":"product","link":"https:\/\/www.cfaebooks.com\/fr\/products\/2025-cfa-level-1-analystprep-video-study-notes-qbank-and-formula-sheet\/","title":{"rendered":"2025 CFA Level 1 AnalystPrep Video, Study Notes, QBank and Formula Sheet"},"content":{"rendered":"<p>Nous vendons la vid\u00e9o 2025 CFA Level 1 AnalystPrep, les notes d'\u00e9tude, la banque de questions et la feuille de formules.<\/p>\n\n\n\n<p>Comprend les sujets suivants :&nbsp;<\/p>\n\n\n\n<ul class=\"wp-block-list\">\n<li><strong>M\u00e9thodes quantitatives<\/strong><\/li>\n\n\n\n<li><strong>\u00c9conomie<\/strong><\/li>\n\n\n\n<li><strong>Entreprises<\/strong><\/li>\n\n\n\n<li><strong>Analyse des \u00e9tats financiers<\/strong><\/li>\n\n\n\n<li><strong>Fonds propres<\/strong><\/li>\n\n\n\n<li><strong>Revenu fixe<\/strong><\/li>\n\n\n\n<li><strong>Produits d\u00e9riv\u00e9s<\/strong><\/li>\n\n\n\n<li><strong>Investissements alternatifs<\/strong><\/li>\n\n\n\n<li><strong>Gestion de portefeuille et \u00e9thique<\/strong>.<\/li>\n<\/ul>\n\n\n\n<p>Apr\u00e8s avoir r\u00e9gl\u00e9 votre commande, vous pouvez t\u00e9l\u00e9charger le livre \u00e9lectronique et la vid\u00e9o imm\u00e9diatement. Il ne s'agit pas d'un livre physique, mais d'une copie num\u00e9rique au format PDF. N'achetez pas ce livre si vous souhaitez une copie physique.<\/p>","protected":false},"excerpt":{"rendered":"<p>For sale is the 2025 CFA Level 1 AnalystPrep Video, Study Notes, Question Bank and Formula Sheet. Includes the following topics:&nbsp; After checkout you can download the e-Book and video immediately. This is not a physical book it is a&nbsp;PDF&nbsp;digital copy. Please do not purchase if you want a physical hard copy.<\/p>","protected":false},"featured_media":10396,"comment_status":"closed","ping_status":"closed","template":"","meta":[],"product_brand":[],"product_cat":[260],"product_tag":[203,261,93,88,90,268,87,91,92,162,161,168,271],"class_list":{"0":"post-10395","1":"product","2":"type-product","3":"status-publish","4":"has-post-thumbnail","6":"product_cat-cfa-level-1","7":"product_tag-analystprep","8":"product_tag-cfa-2025","9":"product_tag-cfa-books","10":"product_tag-cfa-ebooks","11":"product_tag-cfa-exam","12":"product_tag-cfa-level-1-2025","13":"product_tag-cfa-level-i","14":"product_tag-cfa-prep","15":"product_tag-cfa-test","16":"product_tag-qbank","17":"product_tag-question-bank","18":"product_tag-study-notes","19":"product_tag-video-lectures","21":"first","22":"instock","23":"downloadable","24":"virtual","25":"sold-individually","26":"purchasable","27":"product-type-simple"},"_links":{"self":[{"href":"https:\/\/www.cfaebooks.com\/fr\/wp-json\/wp\/v2\/product\/10395","targetHints":{"allow":["GET"]}}],"collection":[{"href":"https:\/\/www.cfaebooks.com\/fr\/wp-json\/wp\/v2\/product"}],"about":[{"href":"https:\/\/www.cfaebooks.com\/fr\/wp-json\/wp\/v2\/types\/product"}],"replies":[{"embeddable":true,"href":"https:\/\/www.cfaebooks.com\/fr\/wp-json\/wp\/v2\/comments?post=10395"}],"wp:featuredmedia":[{"embeddable":true,"href":"https:\/\/www.cfaebooks.com\/fr\/wp-json\/wp\/v2\/media\/10396"}],"wp:attachment":[{"href":"https:\/\/www.cfaebooks.com\/fr\/wp-json\/wp\/v2\/media?parent=10395"}],"wp:term":[{"taxonomy":"product_brand","embeddable":true,"href":"https:\/\/www.cfaebooks.com\/fr\/wp-json\/wp\/v2\/product_brand?post=10395"},{"taxonomy":"product_cat","embeddable":true,"href":"https:\/\/www.cfaebooks.com\/fr\/wp-json\/wp\/v2\/product_cat?post=10395"},{"taxonomy":"product_tag","embeddable":true,"href":"https:\/\/www.cfaebooks.com\/fr\/wp-json\/wp\/v2\/product_tag?post=10395"}],"curies":[{"name":"wp","href":"https:\/\/api.w.org\/{rel}","templated":true}]}}