{"id":10372,"date":"2024-09-09T15:11:24","date_gmt":"2024-09-09T15:11:24","guid":{"rendered":"https:\/\/www.cfaebooks.com\/?post_type=product&#038;p=10372"},"modified":"2026-04-03T07:59:40","modified_gmt":"2026-04-03T07:59:40","slug":"2025-cfa-level-1-analystprep-video-and-notes","status":"publish","type":"product","link":"https:\/\/www.cfaebooks.com\/fr\/products\/2025-cfa-level-1-analystprep-video-and-notes\/","title":{"rendered":"2025 CFA Niveau 1 AnalystPrep Vid\u00e9o et notes"},"content":{"rendered":"<p>Nous vendons le CFA 2025 AnalystPrep Video and Notes Level 1.<\/p>\n\n\n\n<p>Comprend les sujets suivants :&nbsp;<\/p>\n\n\n\n<ul class=\"wp-block-list\">\n<li><strong>M\u00e9thodes quantitatives<\/strong><\/li>\n\n\n\n<li><strong>\u00c9conomie<\/strong><\/li>\n\n\n\n<li><strong>Soci\u00e9t\u00e9s \u00e9mettrices<\/strong><\/li>\n\n\n\n<li><strong>Analyse des \u00e9tats financiers<\/strong><\/li>\n\n\n\n<li><strong>Fonds propres<\/strong><\/li>\n\n\n\n<li><strong>Revenu fixe<\/strong><\/li>\n\n\n\n<li><strong>Produits d\u00e9riv\u00e9s<\/strong><\/li>\n\n\n\n<li><strong>Investissements alternatifs<\/strong><\/li>\n\n\n\n<li><strong>Gestion de portefeuille et \u00e9thique<\/strong>. <\/li>\n<\/ul>\n\n\n\n<p>Apr\u00e8s le paiement, vous pouvez t\u00e9l\u00e9charger la vid\u00e9o imm\u00e9diatement.<\/p>","protected":false},"excerpt":{"rendered":"<p>For sale is the CFA 2025 AnalystPrep Video and Notes Level 1. Includes the following topics:&nbsp; After checkout you can download the video immediately.<\/p>","protected":false},"featured_media":10374,"comment_status":"closed","ping_status":"closed","template":"","meta":[],"product_brand":[],"product_cat":[260,269],"product_tag":[203,261,93,88,90,268,87,91,92,271,270],"class_list":{"0":"post-10372","1":"product","2":"type-product","3":"status-publish","4":"has-post-thumbnail","6":"product_cat-cfa-level-1","7":"product_cat-cfa-video-lectures","8":"product_tag-analystprep","9":"product_tag-cfa-2025","10":"product_tag-cfa-books","11":"product_tag-cfa-ebooks","12":"product_tag-cfa-exam","13":"product_tag-cfa-level-1-2025","14":"product_tag-cfa-level-i","15":"product_tag-cfa-prep","16":"product_tag-cfa-test","17":"product_tag-video-lectures","18":"product_tag-video-lessons","20":"first","21":"instock","22":"downloadable","23":"virtual","24":"sold-individually","25":"purchasable","26":"product-type-simple"},"_links":{"self":[{"href":"https:\/\/www.cfaebooks.com\/fr\/wp-json\/wp\/v2\/product\/10372","targetHints":{"allow":["GET"]}}],"collection":[{"href":"https:\/\/www.cfaebooks.com\/fr\/wp-json\/wp\/v2\/product"}],"about":[{"href":"https:\/\/www.cfaebooks.com\/fr\/wp-json\/wp\/v2\/types\/product"}],"replies":[{"embeddable":true,"href":"https:\/\/www.cfaebooks.com\/fr\/wp-json\/wp\/v2\/comments?post=10372"}],"wp:featuredmedia":[{"embeddable":true,"href":"https:\/\/www.cfaebooks.com\/fr\/wp-json\/wp\/v2\/media\/10374"}],"wp:attachment":[{"href":"https:\/\/www.cfaebooks.com\/fr\/wp-json\/wp\/v2\/media?parent=10372"}],"wp:term":[{"taxonomy":"product_brand","embeddable":true,"href":"https:\/\/www.cfaebooks.com\/fr\/wp-json\/wp\/v2\/product_brand?post=10372"},{"taxonomy":"product_cat","embeddable":true,"href":"https:\/\/www.cfaebooks.com\/fr\/wp-json\/wp\/v2\/product_cat?post=10372"},{"taxonomy":"product_tag","embeddable":true,"href":"https:\/\/www.cfaebooks.com\/fr\/wp-json\/wp\/v2\/product_tag?post=10372"}],"curies":[{"name":"wp","href":"https:\/\/api.w.org\/{rel}","templated":true}]}}