{"id":10234,"date":"2024-09-02T13:55:26","date_gmt":"2024-09-02T13:55:26","guid":{"rendered":"https:\/\/www.cfaebooks.com\/?post_type=product&#038;p=10234"},"modified":"2026-04-03T07:59:17","modified_gmt":"2026-04-03T07:59:17","slug":"cfa-niveau-2-2025-ift-notes-detude","status":"publish","type":"product","link":"https:\/\/www.cfaebooks.com\/fr\/products\/cfa-niveau-2-2025-ift-notes-detude\/","title":{"rendered":"Notes d'\u00e9tude CFA Niveau 2 2025 IFT"},"content":{"rendered":"<p>Nous vendons un livre \u00e9lectronique 2025 CFA Level 2 IFT Study Notes PDF.<\/p>\n\n\n\n<p>Comprend les sujets suivants : <\/p>\n\n\n\n<ul class=\"wp-block-list\">\n<li><em>M\u00e9thodes quantitatives<\/em><\/li>\n\n\n\n<li><em>\u00c9conomie<\/em><\/li>\n\n\n\n<li><em>Analyse des \u00e9tats financiers<\/em><\/li>\n\n\n\n<li><em>Soci\u00e9t\u00e9s \u00e9mettrices<\/em><\/li>\n\n\n\n<li><em>Fonds propres<\/em><\/li>\n\n\n\n<li><em>Revenu fixe<\/em><\/li>\n\n\n\n<li><em>Produits d\u00e9riv\u00e9s<\/em><\/li>\n\n\n\n<li><em>Investissements alternatifs<\/em><\/li>\n\n\n\n<li><em>Gestion de portefeuille<\/em><\/li>\n\n\n\n<li><em>Normes \u00e9thiques et professionnelles<\/em>.<\/li>\n<\/ul>\n\n\n\n<p>Apr\u00e8s avoir r\u00e9gl\u00e9 votre commande, vous pouvez t\u00e9l\u00e9charger le livre \u00e9lectronique imm\u00e9diatement. Il ne s'agit pas d'un livre physique, mais d'une copie num\u00e9rique au format PDF. N'achetez pas ce livre si vous souhaitez une copie physique.<\/p>","protected":false},"excerpt":{"rendered":"<p>For sale is an e-Book 2025 CFA Level 2 IFT Study Notes PDF. Includes the following topics: After checkout you can download the e-Book immediately. This is not a physical book it is a&nbsp;PDF&nbsp;digital copy. Please do not purchase if you want a physical hard copy.<\/p>","protected":false},"featured_media":10235,"comment_status":"closed","ping_status":"closed","template":"","meta":[],"product_brand":[],"product_cat":[266],"product_tag":[261,93,88,90,178,91,92,167,168],"class_list":{"0":"post-10234","1":"product","2":"type-product","3":"status-publish","4":"has-post-thumbnail","6":"product_cat-cfa-level-2","7":"product_tag-cfa-2025","8":"product_tag-cfa-books","9":"product_tag-cfa-ebooks","10":"product_tag-cfa-exam","11":"product_tag-cfa-level-2","12":"product_tag-cfa-prep","13":"product_tag-cfa-test","14":"product_tag-ift","15":"product_tag-study-notes","17":"first","18":"instock","19":"downloadable","20":"virtual","21":"sold-individually","22":"purchasable","23":"product-type-simple"},"_links":{"self":[{"href":"https:\/\/www.cfaebooks.com\/fr\/wp-json\/wp\/v2\/product\/10234","targetHints":{"allow":["GET"]}}],"collection":[{"href":"https:\/\/www.cfaebooks.com\/fr\/wp-json\/wp\/v2\/product"}],"about":[{"href":"https:\/\/www.cfaebooks.com\/fr\/wp-json\/wp\/v2\/types\/product"}],"replies":[{"embeddable":true,"href":"https:\/\/www.cfaebooks.com\/fr\/wp-json\/wp\/v2\/comments?post=10234"}],"wp:featuredmedia":[{"embeddable":true,"href":"https:\/\/www.cfaebooks.com\/fr\/wp-json\/wp\/v2\/media\/10235"}],"wp:attachment":[{"href":"https:\/\/www.cfaebooks.com\/fr\/wp-json\/wp\/v2\/media?parent=10234"}],"wp:term":[{"taxonomy":"product_brand","embeddable":true,"href":"https:\/\/www.cfaebooks.com\/fr\/wp-json\/wp\/v2\/product_brand?post=10234"},{"taxonomy":"product_cat","embeddable":true,"href":"https:\/\/www.cfaebooks.com\/fr\/wp-json\/wp\/v2\/product_cat?post=10234"},{"taxonomy":"product_tag","embeddable":true,"href":"https:\/\/www.cfaebooks.com\/fr\/wp-json\/wp\/v2\/product_tag?post=10234"}],"curies":[{"name":"wp","href":"https:\/\/api.w.org\/{rel}","templated":true}]}}