{"id":10176,"date":"2024-08-28T14:26:18","date_gmt":"2024-08-28T14:26:18","guid":{"rendered":"https:\/\/www.cfaebooks.com\/?post_type=product&#038;p=10176"},"modified":"2026-04-03T07:59:07","modified_gmt":"2026-04-03T07:59:07","slug":"frm-partie-1-banque-de-questions-2","status":"publish","type":"product","link":"https:\/\/www.cfaebooks.com\/fr\/products\/frm-partie-1-banque-de-questions-2\/","title":{"rendered":"FRM 2024 Partie 1 Banque de questions"},"content":{"rendered":"<p>Le livre \u00e9lectronique FRM 2024 Part 1 Schweser Question Bank (Questions + Answers) PDF est en vente.<\/p>\n\n\n\n<ul class=\"wp-block-list\">\n<li>Il ne s'agit pas d'un livre physique mais d'une copie num\u00e9rique au format PDF. <\/li>\n\n\n\n<li>N'achetez pas ce livre si vous souhaitez une copie physique. Apr\u00e8s avoir r\u00e9gl\u00e9 votre commande, vous pouvez t\u00e9l\u00e9charger le livre \u00e9lectronique instantan\u00e9ment.<\/li>\n<\/ul>","protected":false},"excerpt":{"rendered":"<p>Le livre \u00e9lectronique FRM 2024 Part 1 Schweser Question Bank (Questions + Answers) PDF est en vente.<\/p>","protected":false},"featured_media":10177,"comment_status":"closed","ping_status":"closed","template":"","meta":[],"product_brand":[],"product_cat":[355],"product_tag":[184,189,185,186,181,205,182,183,162,161,163],"class_list":{"0":"post-10176","1":"product","2":"type-product","3":"status-publish","4":"has-post-thumbnail","6":"product_cat-frm-part-1-2024","7":"product_tag-frm","8":"product_tag-frm-2024","9":"product_tag-frm-books","10":"product_tag-frm-ebooks","11":"product_tag-frm-exam","12":"product_tag-frm-part-1","13":"product_tag-frm-prep","14":"product_tag-frm-test","15":"product_tag-qbank","16":"product_tag-question-bank","17":"product_tag-schweser-qbank","19":"first","20":"instock","21":"downloadable","22":"virtual","23":"sold-individually","24":"purchasable","25":"product-type-simple"},"_links":{"self":[{"href":"https:\/\/www.cfaebooks.com\/fr\/wp-json\/wp\/v2\/product\/10176","targetHints":{"allow":["GET"]}}],"collection":[{"href":"https:\/\/www.cfaebooks.com\/fr\/wp-json\/wp\/v2\/product"}],"about":[{"href":"https:\/\/www.cfaebooks.com\/fr\/wp-json\/wp\/v2\/types\/product"}],"replies":[{"embeddable":true,"href":"https:\/\/www.cfaebooks.com\/fr\/wp-json\/wp\/v2\/comments?post=10176"}],"wp:featuredmedia":[{"embeddable":true,"href":"https:\/\/www.cfaebooks.com\/fr\/wp-json\/wp\/v2\/media\/10177"}],"wp:attachment":[{"href":"https:\/\/www.cfaebooks.com\/fr\/wp-json\/wp\/v2\/media?parent=10176"}],"wp:term":[{"taxonomy":"product_brand","embeddable":true,"href":"https:\/\/www.cfaebooks.com\/fr\/wp-json\/wp\/v2\/product_brand?post=10176"},{"taxonomy":"product_cat","embeddable":true,"href":"https:\/\/www.cfaebooks.com\/fr\/wp-json\/wp\/v2\/product_cat?post=10176"},{"taxonomy":"product_tag","embeddable":true,"href":"https:\/\/www.cfaebooks.com\/fr\/wp-json\/wp\/v2\/product_tag?post=10176"}],"curies":[{"name":"wp","href":"https:\/\/api.w.org\/{rel}","templated":true}]}}