{"id":8795,"date":"2024-03-22T13:16:51","date_gmt":"2024-03-22T13:16:51","guid":{"rendered":"https:\/\/www.cfaebooks.com\/?page_id=8795"},"modified":"2024-03-22T14:19:25","modified_gmt":"2024-03-22T14:19:25","slug":"conditions-dutilisation","status":"publish","type":"page","link":"https:\/\/www.cfaebooks.com\/fr\/terms-of-use\/","title":{"rendered":"Conditions d'utilisation"},"content":{"rendered":"<p>Les CFAeBooks sont mis \u00e0 la disposition de tous, dans le monde entier, sans distinction d'\u00e2ge, de sexe, de race, de nationalit\u00e9 ou de religion.<\/p>\n\n\n\n<h3 class=\"wp-block-heading\">Avis de non-responsabilit\u00e9 en mati\u00e8re de droit d'auteur<\/h3>\n\n\n\n<p>Section 107 de la loi sur le droit d'auteur Utilisation \u00e9quitable Contenu. But de l'\u00e9ducation et de l'enseignement. Pas \u00e0 des fins commerciales.<\/p>\n\n\n\n<h3 class=\"wp-block-heading\">Liens externes Disclaimer<\/h3>\n\n\n\n<p>Le site peut contenir (ou vous pouvez \u00eatre envoy\u00e9 par le biais du site) des liens vers d'autres sites web ou contenus appartenant \u00e0 ou provenant de tiers ou des liens vers des sites web et des fonctionnalit\u00e9s dans des banni\u00e8res ou d'autres publicit\u00e9s. Ces liens externes ne font pas l'objet d'une enqu\u00eate, d'un contr\u00f4le ou d'une v\u00e9rification de notre part quant \u00e0 leur exactitude, leur ad\u00e9quation, leur validit\u00e9, leur fiabilit\u00e9, leur disponibilit\u00e9 ou leur exhaustivit\u00e9. NOUS NE GARANTISSONS PAS, N'APPROUVONS PAS, NE CAUTIONNONS PAS ET N'ASSUMONS PAS LA RESPONSABILIT\u00c9 DE L'EXACTITUDE OU DE LA FIABILIT\u00c9 DE TOUTE INFORMATION OFFERTE PAR DES SITES WEB TIERS LI\u00c9S AU SITE OU \u00c0 TOUT SITE WEB OU FONCTION LI\u00c9S \u00c0 UNE BANNI\u00c8RE OU \u00c0 UNE AUTRE PUBLICIT\u00c9. NOUS NE SERONS PAS PARTIE PRENANTE ET NE SERONS EN AUCUN CAS RESPONSABLES DU CONTR\u00d4LE DE TOUTE TRANSACTION ENTRE VOUS ET DES FOURNISSEURS TIERS DE PRODUITS OU DE SERVICES.<\/p>\n\n\n\n<h3 class=\"wp-block-heading\">Marques, logos et noms de marque Disclaimer<\/h3>\n\n\n\n<p>Toutes les marques, logos et noms de marques sont la propri\u00e9t\u00e9 de leurs d\u00e9tenteurs respectifs ou de leurs affili\u00e9s.<\/p>\n\n\n\n<h3 class=\"wp-block-heading\">Avis de non-responsabilit\u00e9 DMCA<\/h3>\n\n\n\n<p>Nous n'h\u00e9bergeons PAS de contenu prot\u00e9g\u00e9 par des droits d'auteur sur notre site web, il s'agit d'un catalogue de liens d\u00e9j\u00e0 trouv\u00e9s sur Internet. Consultez notre\u00a0<a href=\"\/fr\/dmca\/\">Politique DMCA<\/a>. Si vous estimez que vos droits d'auteur ont \u00e9t\u00e9 viol\u00e9s, veuillez nous contacter imm\u00e9diatement. Le contenu concern\u00e9 sera d\u00e9finitivement supprim\u00e9 dans les 24 heures.\u00a0<a href=\"\/fr\/contact\/\">Contactez nous<\/a>.<\/p>\n\n\n\n<h2 class=\"wp-block-heading\">Politique en mati\u00e8re de protection de la vie priv\u00e9e et de cookies<\/h2>\n\n\n\n<p>CFAeBooks approuve pleinement et adh\u00e8re aux principes de protection des donn\u00e9es, tels qu'ils sont \u00e9nonc\u00e9s dans le R\u00e8glement g\u00e9n\u00e9ral sur la protection des donn\u00e9es (RGPD) 2018 de l'UE. CFAeBooks s'engage \u00e0 prot\u00e9ger la vie priv\u00e9e des utilisateurs. Nous sommes conscients que les visiteurs et les utilisateurs de ce site web sont pr\u00e9occup\u00e9s par la confidentialit\u00e9 et la s\u00e9curit\u00e9 de toute information qui nous est fournie.<\/p>\n\n\n\n<p>Veuillez consulter notre&nbsp;<a href=\"\/fr\/politique-de-confidentialite-2\/\">Politique de confidentialit\u00e9 ici<\/a><\/p>\n\n\n\n<p>Veuillez consulter notre&nbsp;<a href=\"\/fr\/politique-de-confidentialite-2\/#cookies\">Politique en mati\u00e8re de cookies<\/a><\/p>\n\n\n\n<p>Si vous avez des questions sur ce document ou sur nos conditions d'utilisation, vous pouvez vous adresser \u00e0&nbsp;<a href=\"\/fr\/contact\/\">nous contacter<\/a>.<\/p>","protected":false},"excerpt":{"rendered":"<p>CFAeBooks&nbsp;are made available worldwide to all persons, regardless of age, gender, race, nationality, or religion. Copyright Disclaimer Section 107 of the Copyright Act Fair Use Contents. Purpose of Education &amp; Teaching Intention. Not for commercial purpose. External Links Disclaimer The Site may contain (or you may be sent through the Site) links to other websites [&hellip;]<\/p>\n","protected":false},"author":1,"featured_media":0,"parent":0,"menu_order":0,"comment_status":"closed","ping_status":"closed","template":"template-fullwidth.php","meta":{"footnotes":""},"class_list":["post-8795","page","type-page","status-publish","hentry"],"_links":{"self":[{"href":"https:\/\/www.cfaebooks.com\/fr\/wp-json\/wp\/v2\/pages\/8795","targetHints":{"allow":["GET"]}}],"collection":[{"href":"https:\/\/www.cfaebooks.com\/fr\/wp-json\/wp\/v2\/pages"}],"about":[{"href":"https:\/\/www.cfaebooks.com\/fr\/wp-json\/wp\/v2\/types\/page"}],"author":[{"embeddable":true,"href":"https:\/\/www.cfaebooks.com\/fr\/wp-json\/wp\/v2\/users\/1"}],"replies":[{"embeddable":true,"href":"https:\/\/www.cfaebooks.com\/fr\/wp-json\/wp\/v2\/comments?post=8795"}],"version-history":[{"count":0,"href":"https:\/\/www.cfaebooks.com\/fr\/wp-json\/wp\/v2\/pages\/8795\/revisions"}],"wp:attachment":[{"href":"https:\/\/www.cfaebooks.com\/fr\/wp-json\/wp\/v2\/media?parent=8795"}],"curies":[{"name":"wp","href":"https:\/\/api.w.org\/{rel}","templated":true}]}}