{"id":8770,"date":"2024-03-22T06:54:56","date_gmt":"2024-03-22T06:54:56","guid":{"rendered":"https:\/\/www.cfaebooks.com\/?page_id=8770"},"modified":"2026-03-14T02:35:20","modified_gmt":"2026-03-14T02:35:20","slug":"politique-de-paiement-et-de-remboursement","status":"publish","type":"page","link":"https:\/\/www.cfaebooks.com\/fr\/payment-and-refund-policy\/","title":{"rendered":"Politique de paiement et de remboursement"},"content":{"rendered":"<h3 class=\"wp-block-heading\">Politique de paiement<\/h3>\n\n\n\n<p>We accept payment via PayPal and Debit \/ Credit Card.<\/p>\n\n\n\n<figure class=\"wp-block-image size-medium\"><img decoding=\"async\" width=\"300\" height=\"28\" src=\"https:\/\/www.cfaebooks.com\/wp-content\/uploads\/2026\/02\/payment-card-300x28.png\" alt=\"payment card\" class=\"wp-image-16252\" srcset=\"https:\/\/www.cfaebooks.com\/wp-content\/uploads\/2026\/02\/payment-card-300x28.png 300w, https:\/\/www.cfaebooks.com\/wp-content\/uploads\/2026\/02\/payment-card-768x71.png 768w, https:\/\/www.cfaebooks.com\/wp-content\/uploads\/2026\/02\/payment-card-18x2.png 18w, https:\/\/www.cfaebooks.com\/wp-content\/uploads\/2026\/02\/payment-card-441x41.png 441w, https:\/\/www.cfaebooks.com\/wp-content\/uploads\/2026\/02\/payment-card-150x14.png 150w, https:\/\/www.cfaebooks.com\/wp-content\/uploads\/2026\/02\/payment-card-64x6.png 64w, https:\/\/www.cfaebooks.com\/wp-content\/uploads\/2026\/02\/payment-card.png 774w\" sizes=\"(max-width: 300px) 100vw, 300px\" \/><\/figure>\n\n\n\n<h3 class=\"wp-block-heading\">Politique de remboursement<\/h3>\n\n\n\n<p>CFA eBooks offre des remboursements complets dans les conditions suivantes :<\/p>\n\n\n\n<ul class=\"wp-block-list\">\n<li>L'\u00e9l\u00e9ment n'a pas \u00e9t\u00e9 t\u00e9l\u00e9charg\u00e9.<\/li>\n\n\n\n<li>The product downloaded is not as described.<\/li>\n\n\n\n<li>L'achat a \u00e9t\u00e9 effectu\u00e9 par erreur.<\/li>\n<\/ul>\n\n\n\n<h3 class=\"wp-block-heading\">Comment demander un remboursement<\/h3>\n\n\n\n<p>Si vous avez effectu\u00e9 un achat par erreur, \u00e9vitez de t\u00e9l\u00e9charger le fichier et contactez-nous d\u00e8s que possible. Notre \u00e9quipe examinera votre demande et proc\u00e9dera au remboursement dans les plus brefs d\u00e9lais.<\/p>\n\n\n\n<p>Cependant, une fois l'article t\u00e9l\u00e9charg\u00e9, nous consid\u00e9rons que l'achat est d\u00e9finitif et non remboursable.<\/p>\n\n\n\n<p>Nous vous remercions de votre compr\u00e9hension et de votre coop\u00e9ration \u00e0 l'\u00e9gard de notre politique de remboursement. Si vous avez des questions ou si vous souhaitez obtenir des pr\u00e9cisions, n'h\u00e9sitez pas \u00e0 nous contacter \u00e0 l'adresse suivante&nbsp;<a href=\"\/fr\/contact\/\">contact<\/a>&nbsp;notre \u00e9quipe d'assistance.<\/p>\n\n\n\n<p>Merci de votre attention !<\/p>","protected":false},"excerpt":{"rendered":"<p>Payment Policy We accept payment via PayPal and Debit \/ Credit Card. Refund Policy CFA eBooks provides full refunds under the following conditions: How to Request a Refund If you made a purchase by mistake, please avoid downloading the file and contact us as soon as possible. Our team will review your request and process [&hellip;]<\/p>\n","protected":false},"author":1,"featured_media":0,"parent":0,"menu_order":0,"comment_status":"closed","ping_status":"closed","template":"template-fullwidth.php","meta":{"footnotes":""},"class_list":["post-8770","page","type-page","status-publish","hentry"],"_links":{"self":[{"href":"https:\/\/www.cfaebooks.com\/fr\/wp-json\/wp\/v2\/pages\/8770","targetHints":{"allow":["GET"]}}],"collection":[{"href":"https:\/\/www.cfaebooks.com\/fr\/wp-json\/wp\/v2\/pages"}],"about":[{"href":"https:\/\/www.cfaebooks.com\/fr\/wp-json\/wp\/v2\/types\/page"}],"author":[{"embeddable":true,"href":"https:\/\/www.cfaebooks.com\/fr\/wp-json\/wp\/v2\/users\/1"}],"replies":[{"embeddable":true,"href":"https:\/\/www.cfaebooks.com\/fr\/wp-json\/wp\/v2\/comments?post=8770"}],"version-history":[{"count":4,"href":"https:\/\/www.cfaebooks.com\/fr\/wp-json\/wp\/v2\/pages\/8770\/revisions"}],"predecessor-version":[{"id":16784,"href":"https:\/\/www.cfaebooks.com\/fr\/wp-json\/wp\/v2\/pages\/8770\/revisions\/16784"}],"wp:attachment":[{"href":"https:\/\/www.cfaebooks.com\/fr\/wp-json\/wp\/v2\/media?parent=8770"}],"curies":[{"name":"wp","href":"https:\/\/api.w.org\/{rel}","templated":true}]}}