{"id":9666,"date":"2024-07-07T06:33:09","date_gmt":"2024-07-07T06:33:09","guid":{"rendered":"https:\/\/www.cfaebooks.com\/?post_type=product&#038;p=9666"},"modified":"2026-04-03T07:58:36","modified_gmt":"2026-04-03T07:58:36","slug":"cfa-taso-2-2024-ift-high-yield-opintomonisteet","status":"publish","type":"product","link":"https:\/\/www.cfaebooks.com\/fi\/products\/cfa-taso-2-2024-ift-high-yield-opintomonisteet\/","title":{"rendered":"CFA Level 2 2024 IFT High Yield -opintomonisteita"},"content":{"rendered":"<p>Myyt\u00e4v\u00e4n\u00e4 on e-kirja CFA Level 2 2024 IFT High Yield Notes PDF. T\u00e4m\u00e4 ei ole fyysinen kirja, vaan digitaalinen PDF-kopio. \u00c4l\u00e4 osta t\u00e4t\u00e4 tuotetta, jos haluat fyysisen painetun version. Kassalle siirtymisen j\u00e4lkeen voit ladata e-kirjan v\u00e4litt\u00f6m\u00e4sti.<\/p>","protected":false},"excerpt":{"rendered":"<p>Myyt\u00e4v\u00e4n\u00e4 on e-kirja CFA Level 2 2024 IFT High Yield Notes PDF. T\u00e4m\u00e4 ei ole fyysinen kirja, vaan digitaalinen PDF-kopio. \u00c4l\u00e4 osta t\u00e4t\u00e4 tuotetta, jos haluat fyysisen painetun version. Kassalle siirtymisen j\u00e4lkeen voit ladata e-kirjan v\u00e4litt\u00f6m\u00e4sti.<\/p>","protected":false},"featured_media":9667,"comment_status":"closed","ping_status":"closed","template":"","meta":[],"product_brand":[],"product_cat":[266],"product_tag":[86,93,88,90,178,91,92,167,168],"class_list":{"0":"post-9666","1":"product","2":"type-product","3":"status-publish","4":"has-post-thumbnail","6":"product_cat-cfa-level-2","7":"product_tag-cfa-2024","8":"product_tag-cfa-books","9":"product_tag-cfa-ebooks","10":"product_tag-cfa-exam","11":"product_tag-cfa-level-2","12":"product_tag-cfa-prep","13":"product_tag-cfa-test","14":"product_tag-ift","15":"product_tag-study-notes","17":"first","18":"instock","19":"downloadable","20":"virtual","21":"sold-individually","22":"purchasable","23":"product-type-simple"},"_links":{"self":[{"href":"https:\/\/www.cfaebooks.com\/fi\/wp-json\/wp\/v2\/product\/9666","targetHints":{"allow":["GET"]}}],"collection":[{"href":"https:\/\/www.cfaebooks.com\/fi\/wp-json\/wp\/v2\/product"}],"about":[{"href":"https:\/\/www.cfaebooks.com\/fi\/wp-json\/wp\/v2\/types\/product"}],"replies":[{"embeddable":true,"href":"https:\/\/www.cfaebooks.com\/fi\/wp-json\/wp\/v2\/comments?post=9666"}],"wp:featuredmedia":[{"embeddable":true,"href":"https:\/\/www.cfaebooks.com\/fi\/wp-json\/wp\/v2\/media\/9667"}],"wp:attachment":[{"href":"https:\/\/www.cfaebooks.com\/fi\/wp-json\/wp\/v2\/media?parent=9666"}],"wp:term":[{"taxonomy":"product_brand","embeddable":true,"href":"https:\/\/www.cfaebooks.com\/fi\/wp-json\/wp\/v2\/product_brand?post=9666"},{"taxonomy":"product_cat","embeddable":true,"href":"https:\/\/www.cfaebooks.com\/fi\/wp-json\/wp\/v2\/product_cat?post=9666"},{"taxonomy":"product_tag","embeddable":true,"href":"https:\/\/www.cfaebooks.com\/fi\/wp-json\/wp\/v2\/product_tag?post=9666"}],"curies":[{"name":"wp","href":"https:\/\/api.w.org\/{rel}","templated":true}]}}